{"id":1677,"date":"2024-06-28T13:27:26","date_gmt":"2024-06-28T11:27:26","guid":{"rendered":"https:\/\/universitatpopular.com\/cataleg-pintadesdelafinestra\/"},"modified":"2024-07-05T13:42:03","modified_gmt":"2024-07-05T11:42:03","slug":"cataleg-pintadesdelafinestra","status":"publish","type":"page","link":"https:\/\/universitatpopular.com\/ca\/cataleg-pintadesdelafinestra\/","title":{"rendered":"Cat\u00e0leg #PintaDesDeLaFinestra"},"content":{"rendered":"\n<p>Una iniciativa desenvolupada per la Universitat Popular de Val\u00e8ncia que surt d'una idea inicial de participants de l\u2019activitat de 'Pintura i Dibuix' d'#UPCabanyal. L\u2019equip de formadors i formadores d\u2019arts, al conjunt de centres UP, han sabut impulsar-la i obtenir un resultat extraordinari, una obra col\u00b7lectiva amb m\u00e9s de 200 dibuixos i pintures, que retraten la ciutat de Val\u00e8ncia des de les finestres i des de la viv\u00e8ncia compartida del confinament. #UPaCasa<\/p>\n<p>[flipbook theme=\"light\" pdf=\"https:\/\/universitatpopular.com\/wp-content\/uploads\/Catalogo_Pintadesdelafinestra_16_6_2020.pdf\" title=\"Cat\u00e0leg #PintaDesDeLaFinestra\" ]<\/p>\n\n<figure class=\"wp-block-embed is-type-video is-provider-youtube wp-block-embed-youtube wp-embed-aspect-16-9 wp-has-aspect-ratio\"><div class=\"wp-block-embed__wrapper\">\r\n<iframe loading=\"lazy\" title=\"Presentaci\u00f3 cat\u00e0leg #PintaDesDeLaFinestra de #UPVal\u00e8ncia\" width=\"500\" height=\"281\" src=\"https:\/\/www.youtube.com\/embed\/zA4Tyk8kS4E?feature=oembed\" frameborder=\"0\" allow=\"accelerometer; autoplay; clipboard-write; encrypted-media; gyroscope; picture-in-picture; web-share\" referrerpolicy=\"strict-origin-when-cross-origin\" allowfullscreen><\/iframe>\r\n<\/div><\/figure>\r\n","protected":false},"excerpt":{"rendered":"<p>Una iniciativa desenvolupada per la Universitat Popular de Val\u00e8ncia que surt d'una idea inicial de participants de l\u2019activitat de 'Pintura i Dibuix' d'#UPCabanyal. L\u2019equip de formadors i formadores d\u2019arts, al [&hellip;]<\/p>\n","protected":false},"author":1,"featured_media":0,"parent":0,"menu_order":0,"comment_status":"closed","ping_status":"closed","template":"","meta":{"_acf_changed":false,"_EventAllDay":false,"_EventTimezone":"","_EventStartDate":"","_EventEndDate":"","_EventStartDateUTC":"","_EventEndDateUTC":"","_EventShowMap":false,"_EventShowMapLink":false,"_EventURL":"","_EventCost":"","_EventCostDescription":"","_EventCurrencySymbol":"","_EventCurrencyCode":"","_EventCurrencyPosition":"","_EventDateTimeSeparator":"","_EventTimeRangeSeparator":"","_EventOrganizerID":[],"_EventVenueID":[],"_OrganizerEmail":"","_OrganizerPhone":"","_OrganizerWebsite":"","_VenueAddress":"","_VenueCity":"","_VenueCountry":"","_VenueProvince":"","_VenueState":"","_VenueZip":"","_VenuePhone":"","_VenueURL":"","_VenueStateProvince":"","_VenueLat":"","_VenueLng":"","_VenueShowMap":false,"_VenueShowMapLink":false,"footnotes":""},"class_list":["post-1677","page","type-page","status-publish","hentry"],"acf":[],"yoast_head":"<!-- This site is optimized with the Yoast SEO plugin v25.8 - https:\/\/yoast.com\/wordpress\/plugins\/seo\/ -->\n<title>Cat\u00e0leg #PintaDesDeLaFinestra - Universitat Popular<\/title>\n<meta name=\"robots\" content=\"index, follow, max-snippet:-1, max-image-preview:large, max-video-preview:-1\" \/>\n<link rel=\"canonical\" href=\"https:\/\/universitatpopular.com\/ca\/cataleg-pintadesdelafinestra\/\" \/>\n<meta property=\"og:locale\" content=\"ca_ES\" \/>\n<meta property=\"og:type\" content=\"article\" \/>\n<meta property=\"og:title\" content=\"Cat\u00e0leg #PintaDesDeLaFinestra - Universitat Popular\" \/>\n<meta property=\"og:description\" content=\"Una iniciativa desenvolupada per la Universitat Popular de Val\u00e8ncia que surt d&#039;una idea inicial de participants de l\u2019activitat de &#039;Pintura i Dibuix&#039; d&#039;#UPCabanyal. L\u2019equip de formadors i formadores d\u2019arts, al [&hellip;]\" \/>\n<meta property=\"og:url\" content=\"https:\/\/universitatpopular.com\/ca\/cataleg-pintadesdelafinestra\/\" \/>\n<meta property=\"og:site_name\" content=\"Universitat Popular\" \/>\n<meta property=\"article:publisher\" content=\"https:\/\/www.facebook.com\/universitatpopularvalencia\/\" \/>\n<meta property=\"article:modified_time\" content=\"2024-07-05T11:42:03+00:00\" \/>\n<meta name=\"twitter:card\" content=\"summary_large_image\" \/>\n<meta name=\"twitter:site\" content=\"@univ_po_pu_lar\" \/>\n<meta name=\"twitter:label1\" content=\"Temps estimat de lectura\" \/>\n\t<meta name=\"twitter:data1\" content=\"1 minut\" \/>\n<script type=\"application\/ld+json\" class=\"yoast-schema-graph\">{\"@context\":\"https:\/\/schema.org\",\"@graph\":[{\"@type\":\"WebPage\",\"@id\":\"https:\/\/universitatpopular.com\/ca\/cataleg-pintadesdelafinestra\/\",\"url\":\"https:\/\/universitatpopular.com\/ca\/cataleg-pintadesdelafinestra\/\",\"name\":\"Cat\u00e0leg #PintaDesDeLaFinestra - Universitat Popular\",\"isPartOf\":{\"@id\":\"https:\/\/universitatpopular.com\/#website\"},\"datePublished\":\"2024-06-28T11:27:26+00:00\",\"dateModified\":\"2024-07-05T11:42:03+00:00\",\"breadcrumb\":{\"@id\":\"https:\/\/universitatpopular.com\/ca\/cataleg-pintadesdelafinestra\/#breadcrumb\"},\"inLanguage\":\"ca\",\"potentialAction\":[{\"@type\":\"ReadAction\",\"target\":[\"https:\/\/universitatpopular.com\/ca\/cataleg-pintadesdelafinestra\/\"]}]},{\"@type\":\"BreadcrumbList\",\"@id\":\"https:\/\/universitatpopular.com\/ca\/cataleg-pintadesdelafinestra\/#breadcrumb\",\"itemListElement\":[{\"@type\":\"ListItem\",\"position\":1,\"name\":\"Portada\",\"item\":\"https:\/\/universitatpopular.com\/ca\/portada\/\"},{\"@type\":\"ListItem\",\"position\":2,\"name\":\"Cat\u00e0leg #PintaDesDeLaFinestra\"}]},{\"@type\":\"WebSite\",\"@id\":\"https:\/\/universitatpopular.com\/#website\",\"url\":\"https:\/\/universitatpopular.com\/\",\"name\":\"Universitat Popular\",\"description\":\"Web de la Universitat Popular de l&#039;Ajuntament de Val\u00e8ncia\",\"publisher\":{\"@id\":\"https:\/\/universitatpopular.com\/#organization\"},\"potentialAction\":[{\"@type\":\"SearchAction\",\"target\":{\"@type\":\"EntryPoint\",\"urlTemplate\":\"https:\/\/universitatpopular.com\/?s={search_term_string}\"},\"query-input\":{\"@type\":\"PropertyValueSpecification\",\"valueRequired\":true,\"valueName\":\"search_term_string\"}}],\"inLanguage\":\"ca\"},{\"@type\":\"Organization\",\"@id\":\"https:\/\/universitatpopular.com\/#organization\",\"name\":\"Universitat Popular\",\"url\":\"https:\/\/universitatpopular.com\/\",\"logo\":{\"@type\":\"ImageObject\",\"inLanguage\":\"ca\",\"@id\":\"https:\/\/universitatpopular.com\/#\/schema\/logo\/image\/\",\"url\":\"https:\/\/universitatpopular.com\/wp-content\/uploads\/2024\/04\/logo-universitat-popular-de-valencia_vertical.svg\",\"contentUrl\":\"https:\/\/universitatpopular.com\/wp-content\/uploads\/2024\/04\/logo-universitat-popular-de-valencia_vertical.svg\",\"width\":190.15,\"height\":124.13,\"caption\":\"Universitat Popular\"},\"image\":{\"@id\":\"https:\/\/universitatpopular.com\/#\/schema\/logo\/image\/\"},\"sameAs\":[\"https:\/\/www.facebook.com\/universitatpopularvalencia\/\",\"https:\/\/x.com\/univ_po_pu_lar\",\"https:\/\/www.instagram.com\/universitatpopularvlc\/\",\"https:\/\/www.youtube.com\/channel\/UC6MyVEiz44QUeMvO8K3ofwA\"]}]}<\/script>\n<!-- \/ Yoast SEO plugin. -->","yoast_head_json":{"title":"Cat\u00e0leg #PintaDesDeLaFinestra - Universitat Popular","robots":{"index":"index","follow":"follow","max-snippet":"max-snippet:-1","max-image-preview":"max-image-preview:large","max-video-preview":"max-video-preview:-1"},"canonical":"https:\/\/universitatpopular.com\/ca\/cataleg-pintadesdelafinestra\/","og_locale":"ca_ES","og_type":"article","og_title":"Cat\u00e0leg #PintaDesDeLaFinestra - Universitat Popular","og_description":"Una iniciativa desenvolupada per la Universitat Popular de Val\u00e8ncia que surt d'una idea inicial de participants de l\u2019activitat de 'Pintura i Dibuix' d'#UPCabanyal. L\u2019equip de formadors i formadores d\u2019arts, al [&hellip;]","og_url":"https:\/\/universitatpopular.com\/ca\/cataleg-pintadesdelafinestra\/","og_site_name":"Universitat Popular","article_publisher":"https:\/\/www.facebook.com\/universitatpopularvalencia\/","article_modified_time":"2024-07-05T11:42:03+00:00","twitter_card":"summary_large_image","twitter_site":"@univ_po_pu_lar","twitter_misc":{"Temps estimat de lectura":"1 minut"},"schema":{"@context":"https:\/\/schema.org","@graph":[{"@type":"WebPage","@id":"https:\/\/universitatpopular.com\/ca\/cataleg-pintadesdelafinestra\/","url":"https:\/\/universitatpopular.com\/ca\/cataleg-pintadesdelafinestra\/","name":"Cat\u00e0leg #PintaDesDeLaFinestra - Universitat Popular","isPartOf":{"@id":"https:\/\/universitatpopular.com\/#website"},"datePublished":"2024-06-28T11:27:26+00:00","dateModified":"2024-07-05T11:42:03+00:00","breadcrumb":{"@id":"https:\/\/universitatpopular.com\/ca\/cataleg-pintadesdelafinestra\/#breadcrumb"},"inLanguage":"ca","potentialAction":[{"@type":"ReadAction","target":["https:\/\/universitatpopular.com\/ca\/cataleg-pintadesdelafinestra\/"]}]},{"@type":"BreadcrumbList","@id":"https:\/\/universitatpopular.com\/ca\/cataleg-pintadesdelafinestra\/#breadcrumb","itemListElement":[{"@type":"ListItem","position":1,"name":"Portada","item":"https:\/\/universitatpopular.com\/ca\/portada\/"},{"@type":"ListItem","position":2,"name":"Cat\u00e0leg #PintaDesDeLaFinestra"}]},{"@type":"WebSite","@id":"https:\/\/universitatpopular.com\/#website","url":"https:\/\/universitatpopular.com\/","name":"Universitat Popular","description":"Web de la Universitat Popular de l&#039;Ajuntament de Val\u00e8ncia","publisher":{"@id":"https:\/\/universitatpopular.com\/#organization"},"potentialAction":[{"@type":"SearchAction","target":{"@type":"EntryPoint","urlTemplate":"https:\/\/universitatpopular.com\/?s={search_term_string}"},"query-input":{"@type":"PropertyValueSpecification","valueRequired":true,"valueName":"search_term_string"}}],"inLanguage":"ca"},{"@type":"Organization","@id":"https:\/\/universitatpopular.com\/#organization","name":"Universitat Popular","url":"https:\/\/universitatpopular.com\/","logo":{"@type":"ImageObject","inLanguage":"ca","@id":"https:\/\/universitatpopular.com\/#\/schema\/logo\/image\/","url":"https:\/\/universitatpopular.com\/wp-content\/uploads\/2024\/04\/logo-universitat-popular-de-valencia_vertical.svg","contentUrl":"https:\/\/universitatpopular.com\/wp-content\/uploads\/2024\/04\/logo-universitat-popular-de-valencia_vertical.svg","width":190.15,"height":124.13,"caption":"Universitat Popular"},"image":{"@id":"https:\/\/universitatpopular.com\/#\/schema\/logo\/image\/"},"sameAs":["https:\/\/www.facebook.com\/universitatpopularvalencia\/","https:\/\/x.com\/univ_po_pu_lar","https:\/\/www.instagram.com\/universitatpopularvlc\/","https:\/\/www.youtube.com\/channel\/UC6MyVEiz44QUeMvO8K3ofwA"]}]}},"_links":{"self":[{"href":"https:\/\/universitatpopular.com\/ca\/wp-json\/wp\/v2\/pages\/1677","targetHints":{"allow":["GET"]}}],"collection":[{"href":"https:\/\/universitatpopular.com\/ca\/wp-json\/wp\/v2\/pages"}],"about":[{"href":"https:\/\/universitatpopular.com\/ca\/wp-json\/wp\/v2\/types\/page"}],"author":[{"embeddable":true,"href":"https:\/\/universitatpopular.com\/ca\/wp-json\/wp\/v2\/users\/1"}],"replies":[{"embeddable":true,"href":"https:\/\/universitatpopular.com\/ca\/wp-json\/wp\/v2\/comments?post=1677"}],"version-history":[{"count":1,"href":"https:\/\/universitatpopular.com\/ca\/wp-json\/wp\/v2\/pages\/1677\/revisions"}],"predecessor-version":[{"id":1678,"href":"https:\/\/universitatpopular.com\/ca\/wp-json\/wp\/v2\/pages\/1677\/revisions\/1678"}],"wp:attachment":[{"href":"https:\/\/universitatpopular.com\/ca\/wp-json\/wp\/v2\/media?parent=1677"}],"curies":[{"name":"wp","href":"https:\/\/api.w.org\/{rel}","templated":true}]}}