{"id":1679,"date":"2024-06-28T13:12:31","date_gmt":"2024-06-28T11:12:31","guid":{"rendered":"https:\/\/universitatpopular.com\/curs-2020-2021\/"},"modified":"2024-07-05T13:53:48","modified_gmt":"2024-07-05T11:53:48","slug":"curs-2020-2021","status":"publish","type":"page","link":"https:\/\/universitatpopular.com\/ca\/curs-2020-2021\/","title":{"rendered":"Curs 2020\/2021"},"content":{"rendered":"\n<figure class=\"wp-block-image size-full\"><img loading=\"lazy\" decoding=\"async\" width=\"940\" height=\"788\" src=\"https:\/\/universitatpopular.com\/wp-content\/uploads\/2024\/06\/Infografia-data-matricula-fb-CURS-2020_21-3.jpeg\" alt=\"\" class=\"wp-image-564\" srcset=\"https:\/\/universitatpopular.com\/wp-content\/uploads\/2024\/06\/Infografia-data-matricula-fb-CURS-2020_21-3.jpeg 940w, https:\/\/universitatpopular.com\/wp-content\/uploads\/2024\/06\/Infografia-data-matricula-fb-CURS-2020_21-3-300x251.jpeg 300w, https:\/\/universitatpopular.com\/wp-content\/uploads\/2024\/06\/Infografia-data-matricula-fb-CURS-2020_21-3-768x644.jpeg 768w, https:\/\/universitatpopular.com\/wp-content\/uploads\/2024\/06\/Infografia-data-matricula-fb-CURS-2020_21-3-50x42.jpeg 50w\" sizes=\"auto, (max-width: 940px) 100vw, 940px\" \/><\/figure>\n\n<p><strong>INICI DE MATR\u00cdCULA: 14 DE SETEMBRE A LES 10h<\/strong><\/p>\n\n<p>El pr\u00f2xim 14 de setembre s'obrir\u00e0 la plataforma online per a la matr\u00edcula en les places lliures per a les activitats de la Universitat Popular de Val\u00e8ncia que es desenvoluparan de setembre\/octubre a desembre 2020. Les places lliures, centres, horaris i preus es podran consultar accedint a trav\u00e9s d'aquesta web <a href=\"https:\/\/matricula.universitatpopular.com\/\">www.universitatpopular.com<\/a><\/p>\n\n<p>Les classes seran presencials i es desenvoluparan en una sessi\u00f3 setmanal a causa de la limitaci\u00f3 de r\u00e0tios per les mesures COVID-19.&#13;\n<\/p>\n\n<p>Al gener 2021, les persones matriculades en setembre-desembre 2020 podran optar a renovar la seua matr\u00edcula per als mesos de gener a juny 2021.&#13;\n<\/p>\n\n<hr class=\"wp-block-separator has-alpha-channel-opacity\"\/>\n\n<p><strong>LA UNIVERSITAT POPULAR HA PERM\u00c9S CONSERVAR LA MATR\u00cdCULA DEL CURS 2019\/20 PER AL CURS 20\/21<\/strong>&#13;\n<\/p>\n\n<p><strong>El primer trimestre ser\u00e0 gratu\u00eft per a qui haja perdut classes per la pand\u00e8mia, la programaci\u00f3 d\u2019activitats es mantindr\u00e0 igual que el curs 2019\/20 i, a causa de la limitaci\u00f3 sanit\u00e0ria de r\u00e0tios per aula, hi haur\u00e0 una sola sessi\u00f3 de classe per setmana.<\/strong>&#13;\n<\/p>\n\n<p><strong>Les persones amb matr\u00edcula activa el dia 12 de mar\u00e7 de 2020, data en qu\u00e8 es va decretar l'estat d'alarma, poden continuar les classes al setembre si han confirmat en la nostra web el seu desig de continuar. El termini de confirmaci\u00f3 de la continu\u00eftat fou de l'1 al 12 de juliol de 2020.<\/strong>&#13;\n<\/p>\n\n<p><strong> La p\u00e0gina per a noves matr\u00edcules \u00e9s: <a href=\"https:\/\/matricula.universitatpopular.com\">https:\/\/matricula.universitatpopular.com<\/a><\/strong>&#13;\n<\/p>\n\n<figure class=\"wp-block-image size-full\"><img loading=\"lazy\" decoding=\"async\" width=\"560\" height=\"315\" src=\"https:\/\/universitatpopular.com\/wp-content\/uploads\/2024\/06\/www.universitatpopular.com_.jpeg\" alt=\"\" class=\"wp-image-565\" srcset=\"https:\/\/universitatpopular.com\/wp-content\/uploads\/2024\/06\/www.universitatpopular.com_.jpeg 560w, https:\/\/universitatpopular.com\/wp-content\/uploads\/2024\/06\/www.universitatpopular.com_-300x169.jpeg 300w, https:\/\/universitatpopular.com\/wp-content\/uploads\/2024\/06\/www.universitatpopular.com_-50x28.jpeg 50w\" sizes=\"auto, (max-width: 560px) 100vw, 560px\" \/><\/figure>\n\n<p>Les persones que estaven matriculades i assistint a classe fins al 12 de mar\u00e7 de 2020 (s'exclou aquelles que ja se'ls haguera retornat la matr\u00edcula) podran continuar assistint a les mateixes activitats amb la mateixa matr\u00edcula, del 30 de setembre de 2020 fins al 18 de desembre de 2020. El curs 2019\/20 es prolonga fins a les vacances de Nadal. Fins a aqueixa data, nom\u00e9s s'impartir\u00e0 una sessi\u00f3 setmanal, amb el 50% de les persones matriculades en cada grup, a causa de les mesures de seguretat sanit\u00e0ria, que indiquen l\u2019obligaci\u00f3 d\u2019assegurar la dist\u00e0ncia m\u00ednima de metre i mig entre persones a les aules i una r\u00e0tio m\u00e0xima.<\/p>\n\n<hr class=\"wp-block-separator has-alpha-channel-opacity\"\/>\n\n<p><strong>PROCEDIMENT PER A CONFIRMAR LA PLA\u00c7A DEL CURS 2019\/20 PER A CONTINUAR AL SETEMBRE:<\/strong>&#13;\n<\/p>\n\n<p>Del 01 al 12 de juliol de 2020, les persones interessades a continuar deuen:<\/p>\n\n<ul class=\"wp-block-list\">\n<li>Entrar en la web <a href=\"https:\/\/matricula.universitatpopular.com\/\">matricula.universitatpopular.com<\/a>&#13;\n<\/li>\n\n\n\n<li>Identificar-se amb el seu n\u00famero de DNI.<\/li>\n\n\n\n<li>Se'ls mostrara les matr\u00edcules que t\u00e9 actives.<\/li>\n\n\n\n<li>En cadascuna de les matr\u00edcules actives, haur\u00e0 de marcar la casella de confirmaci\u00f3; en el desplegable amb les opcions, ha de marcar la casella del dia de la setmana que vol assistir a classe. Si en una matr\u00edcula no vol continuar, no marque res.<\/li>\n\n\n\n<li>Confirmar cada pantalla.<\/li>\n\n\n\n<li>Rebr\u00e0 un correu electr\u00f2nic de confirmaci\u00f3.<\/li>\n<\/ul>\n\n<p>Les persones que no comuniquen la seua intenci\u00f3 de continuar en el termini indicat de l'1 al 12 de juliol seran donades de baixa.&#13;\n<\/p>\n\n<hr class=\"wp-block-separator has-alpha-channel-opacity\"\/>\n\n<p><strong>LLISTA D'ESPERA I PERSONES QUE NO ESTAVEN MATRICULADES QUAN ES VA INICIAR L'ESTAT D'ALARMA:<\/strong>&#13;\n<\/p>\n\n<p><hr\/>&#13;\n&#13;\n<strong>LLISTA D'ESPERA I PERSONES QUE NO ESTAVEN MATRICULADES QUAN ES VA INICIAR L'ESTAT D'ALARMA:<\/strong>&#13;\n&#13;\n<strong>El mes de setembre, les places que no s'hagen confirmat com ocupades per les persones matriculades en el curs 2019\/20, s'oferiran primer a la llista d'espera de l'activitat si n'hi haguera, i la resta eixiran com a places lliures en la web i es podran sol\u00b7licitar.<\/strong>&#13;\nEn el cas que hi haguera grups nous, s'adjudicar\u00e0 primer la pla\u00e7a als qui no hagueren pogut formalitzar la matr\u00edcula en el mateix centre o activitat, i la resta seran places lliures.&#13;\nLes persones amb matr\u00edcula activa en aquelles activitats i centres que hagueren impartit un nombre de sessions inferior a les suspeses (Benicalap, Benimaclet, Ribes Espai i alguns grups concrets per malaltia del personal formador), podran optar entre la devoluci\u00f3 del preu p\u00fablic abonat i la continuaci\u00f3 de la matr\u00edcula.&#13;\n&#13;\n<hr\/><\/p>\n\n<hr class=\"wp-block-separator has-alpha-channel-opacity\"\/>\n\n<p><strong>PROGRAMACI\u00d3 D'ACTIVITATS PER Al CURS 2020\/21 (de gener a juny de 2021)<\/strong>&#13;\na) El mes de desembre de 2020, es formalitzar\u00e0 la matr\u00edcula per a les activitats del curs 2020-2021 que es desenvolupar\u00e0 entre gener i juny de 2021.&#13;\nb) La programaci\u00f3 d'activitats aprovada \u00e9s b\u00e0sicament de continuaci\u00f3 de la del curs finalitzat, i es facilitar\u00e0 que les persones matriculades en aquestes activitats puguen formalitzar la seua matr\u00edcula \u201cde continu\u00eftat\u201d en les mateixes activitats.&#13;\nc) La quantia del preu p\u00fablic de la nova matr\u00edcula ser\u00e0 conforme amb la duraci\u00f3 del nou curs.&#13;\nd) Les persones que no s'acullen a aquesta opci\u00f3 en el termini fixat, perdran els seus drets sobre aquesta, amb independ\u00e8ncia que puguen matricular-se en qualsevol altra activitat.&#13;\n&#13;\n<hr\/><\/p>\n\n<hr class=\"wp-block-separator has-alpha-channel-opacity\"\/>\n\n<p><strong>PROGRAMACI\u00d3 D'ACTIVITATS<\/strong>&#13;\n<\/p>\n\n<figure class=\"wp-block-embed is-type-wp-embed is-provider-universitat-popular wp-block-embed-universitat-popular\"><div class=\"wp-block-embed__wrapper\">\r\n<blockquote class=\"wp-embedded-content\" data-secret=\"Ju7tJdFYQJ\"><a href=\"https:\/\/universitatpopular.com\/va\/actividades-curso-2020-21\/\">Activitats Curs 2020\/21<\/a><\/blockquote><iframe loading=\"lazy\" class=\"wp-embedded-content\" sandbox=\"allow-scripts\" security=\"restricted\" style=\"position: absolute; clip: rect(1px, 1px, 1px, 1px);\" title=\"&#8220;Activitats Curs 2020\/21&#8221; &#8212; Universitat Popular\" src=\"https:\/\/universitatpopular.com\/va\/actividades-curso-2020-21\/embed\/#?secret=Ju7tJdFYQJ\" data-secret=\"Ju7tJdFYQJ\" width=\"500\" height=\"282\" frameborder=\"0\" marginwidth=\"0\" marginheight=\"0\" scrolling=\"no\"><\/iframe>\r\n<\/div><\/figure>\r\n\n<p>La programaci\u00f3 d\u2019activitats consta de 8 \u00e0rees tem\u00e0tiques: Formaci\u00f3 b\u00e0sica i general, Arts pl\u00e0stiques, Expressi\u00f3 corporal i musical, Idiomes, Benestar, Socials, tecnologies i Viure en valenci\u00e0. En el conjunt d\u2019\u00e0rees s\u2019oferiran al voltant de 50 activitats diferents. Entre elles, Angl\u00e9s, Angl\u00e9s per al turisme, Formaci\u00f3 b\u00e0sica, Formaci\u00f3 general, Inform\u00e0tica, Ioga, Balls de sal\u00f3, Cer\u00e0mica, Esmalts, Gimn\u00e0stica, Pintura i dibuix, Restauraci\u00f3 mobles, Art i reciclatge, Comunicaci\u00f3, Artesania, M\u00fasica, Mem\u00f2ria i estimulaci\u00f3 cognitiva, Fotografia, teatre, Cultura Valenciana i Valenci\u00e0.&#13;\n<\/p>\n\n<p>La Universitat Popular de Val\u00e8ncia compta en l\u2019actualitat amb 31 seus en diferents barris i districtes de la ciutat de Val\u00e8ncia.&#13;\n<\/p>\n\n<hr class=\"wp-block-separator has-alpha-channel-opacity\"\/>\n\n<p><strong>DATES D'INICI D'ACTIVITATS<\/strong>&#13;\n<\/p>\n\n<figure class=\"wp-block-embed is-type-wp-embed is-provider-universitat-popular wp-block-embed-universitat-popular\"><div class=\"wp-block-embed__wrapper\">\r\n<blockquote class=\"wp-embedded-content\" data-secret=\"6btrMl9qqt\"><a href=\"https:\/\/universitatpopular.com\/va\/actualidad\/las-clases-se-reanudaran-a-partir-del-30-de-septiembre-de-2020\/\">Les classes es reprendran a partir del 30 de setembre de 2020<\/a><\/blockquote><iframe loading=\"lazy\" class=\"wp-embedded-content\" sandbox=\"allow-scripts\" security=\"restricted\" style=\"position: absolute; clip: rect(1px, 1px, 1px, 1px);\" title=\"&#8220;Les classes es reprendran a partir del 30 de setembre de 2020&#8221; &#8212; Universitat Popular\" src=\"https:\/\/universitatpopular.com\/va\/actualidad\/las-clases-se-reanudaran-a-partir-del-30-de-septiembre-de-2020\/embed\/#?secret=6btrMl9qqt\" data-secret=\"6btrMl9qqt\" width=\"500\" height=\"282\" frameborder=\"0\" marginwidth=\"0\" marginheight=\"0\" scrolling=\"no\"><\/iframe>\r\n<\/div><\/figure>\r\n","protected":false},"excerpt":{"rendered":"<p>INICI DE MATR\u00cdCULA: 14 DE SETEMBRE A LES 10h El pr\u00f2xim 14 de setembre s'obrir\u00e0 la plataforma online per a la matr\u00edcula en les places lliures per a les activitats [&hellip;]<\/p>\n","protected":false},"author":1,"featured_media":0,"parent":0,"menu_order":0,"comment_status":"closed","ping_status":"closed","template":"","meta":{"_acf_changed":false,"_EventAllDay":false,"_EventTimezone":"","_EventStartDate":"","_EventEndDate":"","_EventStartDateUTC":"","_EventEndDateUTC":"","_EventShowMap":false,"_EventShowMapLink":false,"_EventURL":"","_EventCost":"","_EventCostDescription":"","_EventCurrencySymbol":"","_EventCurrencyCode":"","_EventCurrencyPosition":"","_EventDateTimeSeparator":"","_EventTimeRangeSeparator":"","_EventOrganizerID":[],"_EventVenueID":[],"_OrganizerEmail":"","_OrganizerPhone":"","_OrganizerWebsite":"","_VenueAddress":"","_VenueCity":"","_VenueCountry":"","_VenueProvince":"","_VenueState":"","_VenueZip":"","_VenuePhone":"","_VenueURL":"","_VenueStateProvince":"","_VenueLat":"","_VenueLng":"","_VenueShowMap":false,"_VenueShowMapLink":false,"footnotes":""},"class_list":["post-1679","page","type-page","status-publish","hentry"],"acf":[],"yoast_head":"<!-- This site is optimized with the Yoast SEO plugin v25.8 - https:\/\/yoast.com\/wordpress\/plugins\/seo\/ -->\n<title>Curs 2020\/2021 - Universitat Popular<\/title>\n<meta name=\"robots\" content=\"index, follow, max-snippet:-1, max-image-preview:large, max-video-preview:-1\" \/>\n<link rel=\"canonical\" href=\"https:\/\/universitatpopular.com\/ca\/curs-2020-2021\/\" \/>\n<meta property=\"og:locale\" content=\"ca_ES\" \/>\n<meta property=\"og:type\" content=\"article\" \/>\n<meta property=\"og:title\" content=\"Curs 2020\/2021 - Universitat Popular\" \/>\n<meta property=\"og:description\" content=\"INICI DE MATR\u00cdCULA: 14 DE SETEMBRE A LES 10h El pr\u00f2xim 14 de setembre s&#039;obrir\u00e0 la plataforma online per a la matr\u00edcula en les places lliures per a les activitats [&hellip;]\" \/>\n<meta property=\"og:url\" content=\"https:\/\/universitatpopular.com\/ca\/curs-2020-2021\/\" \/>\n<meta property=\"og:site_name\" content=\"Universitat Popular\" \/>\n<meta property=\"article:publisher\" content=\"https:\/\/www.facebook.com\/universitatpopularvalencia\/\" \/>\n<meta property=\"article:modified_time\" content=\"2024-07-05T11:53:48+00:00\" \/>\n<meta property=\"og:image\" content=\"https:\/\/universitatpopular.com\/wp-content\/uploads\/2024\/06\/Infografia-data-matricula-fb-CURS-2020_21-3.jpeg\" \/>\n<meta name=\"twitter:card\" content=\"summary_large_image\" \/>\n<meta name=\"twitter:site\" content=\"@univ_po_pu_lar\" \/>\n<meta name=\"twitter:label1\" content=\"Temps estimat de lectura\" \/>\n\t<meta name=\"twitter:data1\" content=\"4 minuts\" \/>\n<script type=\"application\/ld+json\" class=\"yoast-schema-graph\">{\"@context\":\"https:\/\/schema.org\",\"@graph\":[{\"@type\":\"WebPage\",\"@id\":\"https:\/\/universitatpopular.com\/ca\/curs-2020-2021\/\",\"url\":\"https:\/\/universitatpopular.com\/ca\/curs-2020-2021\/\",\"name\":\"Curs 2020\/2021 - Universitat Popular\",\"isPartOf\":{\"@id\":\"https:\/\/universitatpopular.com\/#website\"},\"primaryImageOfPage\":{\"@id\":\"https:\/\/universitatpopular.com\/ca\/curs-2020-2021\/#primaryimage\"},\"image\":{\"@id\":\"https:\/\/universitatpopular.com\/ca\/curs-2020-2021\/#primaryimage\"},\"thumbnailUrl\":\"https:\/\/universitatpopular.com\/wp-content\/uploads\/2024\/06\/Infografia-data-matricula-fb-CURS-2020_21-3.jpeg\",\"datePublished\":\"2024-06-28T11:12:31+00:00\",\"dateModified\":\"2024-07-05T11:53:48+00:00\",\"breadcrumb\":{\"@id\":\"https:\/\/universitatpopular.com\/ca\/curs-2020-2021\/#breadcrumb\"},\"inLanguage\":\"ca\",\"potentialAction\":[{\"@type\":\"ReadAction\",\"target\":[\"https:\/\/universitatpopular.com\/ca\/curs-2020-2021\/\"]}]},{\"@type\":\"ImageObject\",\"inLanguage\":\"ca\",\"@id\":\"https:\/\/universitatpopular.com\/ca\/curs-2020-2021\/#primaryimage\",\"url\":\"https:\/\/universitatpopular.com\/wp-content\/uploads\/2024\/06\/Infografia-data-matricula-fb-CURS-2020_21-3.jpeg\",\"contentUrl\":\"https:\/\/universitatpopular.com\/wp-content\/uploads\/2024\/06\/Infografia-data-matricula-fb-CURS-2020_21-3.jpeg\"},{\"@type\":\"BreadcrumbList\",\"@id\":\"https:\/\/universitatpopular.com\/ca\/curs-2020-2021\/#breadcrumb\",\"itemListElement\":[{\"@type\":\"ListItem\",\"position\":1,\"name\":\"Portada\",\"item\":\"https:\/\/universitatpopular.com\/ca\/portada\/\"},{\"@type\":\"ListItem\",\"position\":2,\"name\":\"Curs 2020\/2021\"}]},{\"@type\":\"WebSite\",\"@id\":\"https:\/\/universitatpopular.com\/#website\",\"url\":\"https:\/\/universitatpopular.com\/\",\"name\":\"Universitat Popular\",\"description\":\"Web de la Universitat Popular de l&#039;Ajuntament de Val\u00e8ncia\",\"publisher\":{\"@id\":\"https:\/\/universitatpopular.com\/#organization\"},\"potentialAction\":[{\"@type\":\"SearchAction\",\"target\":{\"@type\":\"EntryPoint\",\"urlTemplate\":\"https:\/\/universitatpopular.com\/?s={search_term_string}\"},\"query-input\":{\"@type\":\"PropertyValueSpecification\",\"valueRequired\":true,\"valueName\":\"search_term_string\"}}],\"inLanguage\":\"ca\"},{\"@type\":\"Organization\",\"@id\":\"https:\/\/universitatpopular.com\/#organization\",\"name\":\"Universitat Popular\",\"url\":\"https:\/\/universitatpopular.com\/\",\"logo\":{\"@type\":\"ImageObject\",\"inLanguage\":\"ca\",\"@id\":\"https:\/\/universitatpopular.com\/#\/schema\/logo\/image\/\",\"url\":\"https:\/\/universitatpopular.com\/wp-content\/uploads\/2024\/04\/logo-universitat-popular-de-valencia_vertical.svg\",\"contentUrl\":\"https:\/\/universitatpopular.com\/wp-content\/uploads\/2024\/04\/logo-universitat-popular-de-valencia_vertical.svg\",\"width\":190.15,\"height\":124.13,\"caption\":\"Universitat Popular\"},\"image\":{\"@id\":\"https:\/\/universitatpopular.com\/#\/schema\/logo\/image\/\"},\"sameAs\":[\"https:\/\/www.facebook.com\/universitatpopularvalencia\/\",\"https:\/\/x.com\/univ_po_pu_lar\",\"https:\/\/www.instagram.com\/universitatpopularvlc\/\",\"https:\/\/www.youtube.com\/channel\/UC6MyVEiz44QUeMvO8K3ofwA\"]}]}<\/script>\n<!-- \/ Yoast SEO plugin. -->","yoast_head_json":{"title":"Curs 2020\/2021 - Universitat Popular","robots":{"index":"index","follow":"follow","max-snippet":"max-snippet:-1","max-image-preview":"max-image-preview:large","max-video-preview":"max-video-preview:-1"},"canonical":"https:\/\/universitatpopular.com\/ca\/curs-2020-2021\/","og_locale":"ca_ES","og_type":"article","og_title":"Curs 2020\/2021 - Universitat Popular","og_description":"INICI DE MATR\u00cdCULA: 14 DE SETEMBRE A LES 10h El pr\u00f2xim 14 de setembre s'obrir\u00e0 la plataforma online per a la matr\u00edcula en les places lliures per a les activitats [&hellip;]","og_url":"https:\/\/universitatpopular.com\/ca\/curs-2020-2021\/","og_site_name":"Universitat Popular","article_publisher":"https:\/\/www.facebook.com\/universitatpopularvalencia\/","article_modified_time":"2024-07-05T11:53:48+00:00","og_image":[{"url":"https:\/\/universitatpopular.com\/wp-content\/uploads\/2024\/06\/Infografia-data-matricula-fb-CURS-2020_21-3.jpeg","type":"","width":"","height":""}],"twitter_card":"summary_large_image","twitter_site":"@univ_po_pu_lar","twitter_misc":{"Temps estimat de lectura":"4 minuts"},"schema":{"@context":"https:\/\/schema.org","@graph":[{"@type":"WebPage","@id":"https:\/\/universitatpopular.com\/ca\/curs-2020-2021\/","url":"https:\/\/universitatpopular.com\/ca\/curs-2020-2021\/","name":"Curs 2020\/2021 - Universitat Popular","isPartOf":{"@id":"https:\/\/universitatpopular.com\/#website"},"primaryImageOfPage":{"@id":"https:\/\/universitatpopular.com\/ca\/curs-2020-2021\/#primaryimage"},"image":{"@id":"https:\/\/universitatpopular.com\/ca\/curs-2020-2021\/#primaryimage"},"thumbnailUrl":"https:\/\/universitatpopular.com\/wp-content\/uploads\/2024\/06\/Infografia-data-matricula-fb-CURS-2020_21-3.jpeg","datePublished":"2024-06-28T11:12:31+00:00","dateModified":"2024-07-05T11:53:48+00:00","breadcrumb":{"@id":"https:\/\/universitatpopular.com\/ca\/curs-2020-2021\/#breadcrumb"},"inLanguage":"ca","potentialAction":[{"@type":"ReadAction","target":["https:\/\/universitatpopular.com\/ca\/curs-2020-2021\/"]}]},{"@type":"ImageObject","inLanguage":"ca","@id":"https:\/\/universitatpopular.com\/ca\/curs-2020-2021\/#primaryimage","url":"https:\/\/universitatpopular.com\/wp-content\/uploads\/2024\/06\/Infografia-data-matricula-fb-CURS-2020_21-3.jpeg","contentUrl":"https:\/\/universitatpopular.com\/wp-content\/uploads\/2024\/06\/Infografia-data-matricula-fb-CURS-2020_21-3.jpeg"},{"@type":"BreadcrumbList","@id":"https:\/\/universitatpopular.com\/ca\/curs-2020-2021\/#breadcrumb","itemListElement":[{"@type":"ListItem","position":1,"name":"Portada","item":"https:\/\/universitatpopular.com\/ca\/portada\/"},{"@type":"ListItem","position":2,"name":"Curs 2020\/2021"}]},{"@type":"WebSite","@id":"https:\/\/universitatpopular.com\/#website","url":"https:\/\/universitatpopular.com\/","name":"Universitat Popular","description":"Web de la Universitat Popular de l&#039;Ajuntament de Val\u00e8ncia","publisher":{"@id":"https:\/\/universitatpopular.com\/#organization"},"potentialAction":[{"@type":"SearchAction","target":{"@type":"EntryPoint","urlTemplate":"https:\/\/universitatpopular.com\/?s={search_term_string}"},"query-input":{"@type":"PropertyValueSpecification","valueRequired":true,"valueName":"search_term_string"}}],"inLanguage":"ca"},{"@type":"Organization","@id":"https:\/\/universitatpopular.com\/#organization","name":"Universitat Popular","url":"https:\/\/universitatpopular.com\/","logo":{"@type":"ImageObject","inLanguage":"ca","@id":"https:\/\/universitatpopular.com\/#\/schema\/logo\/image\/","url":"https:\/\/universitatpopular.com\/wp-content\/uploads\/2024\/04\/logo-universitat-popular-de-valencia_vertical.svg","contentUrl":"https:\/\/universitatpopular.com\/wp-content\/uploads\/2024\/04\/logo-universitat-popular-de-valencia_vertical.svg","width":190.15,"height":124.13,"caption":"Universitat Popular"},"image":{"@id":"https:\/\/universitatpopular.com\/#\/schema\/logo\/image\/"},"sameAs":["https:\/\/www.facebook.com\/universitatpopularvalencia\/","https:\/\/x.com\/univ_po_pu_lar","https:\/\/www.instagram.com\/universitatpopularvlc\/","https:\/\/www.youtube.com\/channel\/UC6MyVEiz44QUeMvO8K3ofwA"]}]}},"_links":{"self":[{"href":"https:\/\/universitatpopular.com\/ca\/wp-json\/wp\/v2\/pages\/1679","targetHints":{"allow":["GET"]}}],"collection":[{"href":"https:\/\/universitatpopular.com\/ca\/wp-json\/wp\/v2\/pages"}],"about":[{"href":"https:\/\/universitatpopular.com\/ca\/wp-json\/wp\/v2\/types\/page"}],"author":[{"embeddable":true,"href":"https:\/\/universitatpopular.com\/ca\/wp-json\/wp\/v2\/users\/1"}],"replies":[{"embeddable":true,"href":"https:\/\/universitatpopular.com\/ca\/wp-json\/wp\/v2\/comments?post=1679"}],"version-history":[{"count":1,"href":"https:\/\/universitatpopular.com\/ca\/wp-json\/wp\/v2\/pages\/1679\/revisions"}],"predecessor-version":[{"id":1680,"href":"https:\/\/universitatpopular.com\/ca\/wp-json\/wp\/v2\/pages\/1679\/revisions\/1680"}],"wp:attachment":[{"href":"https:\/\/universitatpopular.com\/ca\/wp-json\/wp\/v2\/media?parent=1679"}],"curies":[{"name":"wp","href":"https:\/\/api.w.org\/{rel}","templated":true}]}}