{"id":1690,"date":"2024-06-28T12:33:59","date_gmt":"2024-06-28T10:33:59","guid":{"rendered":"https:\/\/universitatpopular.com\/sollicitud-despais-textos-legals\/"},"modified":"2024-07-08T09:21:12","modified_gmt":"2024-07-08T07:21:12","slug":"sollicitud-despais-textos-legals","status":"publish","type":"page","link":"https:\/\/universitatpopular.com\/ca\/sollicitud-despais-textos-legals\/","title":{"rendered":"Sol\u00b7licitud d'espais \u2014 Textos legals"},"content":{"rendered":"\n<p><b>AUTORITZA a incorporar les seues dades personals als sistemes de tractament de titularitat de l\u2019OAM Universitat Popular de l\u2019Ajuntament de Val\u00e8ncia<\/b> (LO 3\/2018 de Protecci\u00f3 de dades personals i garantia dels drets digitals). (1)<\/p>\n\n<p>(1) De conformitat amb el que s'estableix en la<b> Llei org\u00e0nica 3\/2018, de 5 de desembre, de protecci\u00f3 de dades personals i garantia dels drets digitals,<\/b> i amb el <b>Reglament (UE) 2016\/679<\/b> del Parlament Europeu i del Consell, de 27 d'abril de 2016, sobre la protecci\u00f3 de les persones f\u00edsiques pel que fa al tractament de dades personals i a la lliure circulaci\u00f3 d'aquestes dades (Reglament general de protecci\u00f3 de dades), l\u2019informem que les seues dades personals seran incorporades als sistemes de tractament de titularitat de l\u2019Organisme Aut\u00f2nom Municipal Universitat Popular de l\u2019Ajuntament de Val\u00e8ncia, <b>amb la finalitat de realitzar les gestiones administratives i d\u2019estad\u00edstica corresponent al contingut d\u2019aquest formulari\/document, aix\u00ed com per a remetre-li informaci\u00f3 relacionada amb les nostres activitats, <\/b><b> not\u00edcies de la Universitat Popular de Val\u00e8ncia, avisos o comunicacions del centre o centres en els quals es trobe inscrit\/a<\/b>. Les dades no seran cedides a tercers, excepte en el cas que existisca una obligaci\u00f3 legal, i seran conservades durant els anys necessaris per a complir amb les obligacions legals. L\u2019informem que aquesta Universitat Popular tractar\u00e0 les dades de manera l\u00edcita, lleial, transparent, adequada, pertinent, limitada, exacta i actualitzada i, per aix\u00f2, ens comprometem a adoptar totes les mesures t\u00e8cniques i organitzatives per al seu tractament. En tot moment, d'acord amb els drets que li confereix la normativa vigent, podr\u00e0 exercir els seus drets d'acc\u00e9s, rectificaci\u00f3, cancel\u00b7laci\u00f3 i oposici\u00f3, en dirigir la seua sol\u00b7licitud, per registre d'entrada, a aquest OAM Universitat Popular, a l'adre\u00e7a, carrer Micalet, 1- 1,<span class=\"Apple-converted-space\">\u00a0 <\/span>o per correu electr\u00f2nic a: universitatpopular@valencia.es. <span class=\"Apple-converted-space\">\u00a0<\/span><\/p>\n\n<p><b>AUTORITZA<span class=\"Apple-converted-space\">\u00a0 <\/span>a la realitzaci\u00f3 i difusi\u00f3 de reportatges fotogr\u00e0fics i v\u00eddeos sobre les activitats de la Universitat Popular on aparega vost\u00e9, com a persona participant<\/b>, amb finalitats divulgatives i de publicaci\u00f3 (LO 1\/1982 de protecci\u00f3 civil del dret \u00a0a l'honor, a la intimitat personal i familiar i a la pr\u00f2pia imatge). (2)<\/p>\n\n<p>(2) D'acord amb el previst per la <b>Llei Org\u00e0nica 1\/1982 de 5 de maig, del dret a l'honor, a la intimitat personal i familiar i a la pr\u00f2pia imatge<\/b>, i en la <b>Llei org\u00e0nica 3\/2018, de 5 de desembre, <\/b>de protecci\u00f3 de dades personals i garantia dels drets digitals, i amb el <b>Reglament (UE) 2016\/679<\/b> del Parlament Europeu i del Consell, de 27 d'abril de 2016, sobre la protecci\u00f3 de les persones f\u00edsiques pel que fa al tractament de dades personals i a la lliure circulaci\u00f3 d'aquestes dades (Reglament general de protecci\u00f3 de dades) se l\u2019informa que podran <b>realitzar-se reportatges fotogr\u00e0fics i v\u00eddeos durant les activitats, per a la promoci\u00f3 i difusi\u00f3 d'aquestes activitats, mitjan\u00e7ant publicacions, fullets, web, blog i perfils en xarxes socials de la Universitat Popular de Val\u00e8ncia<\/b>. Les fotos i v\u00eddeos que es duguen a terme s'incorporaran a un fitxer de responsabilitat de la Universitat Popular de Val\u00e8ncia, per a les finalitats assenyalades, aix\u00ed com per a finalitats hist\u00f2riques. Per la present, vost\u00e9 autoritza expressament que les dades relatives a imatges i, si escau, veu, que concerneixen a la seua persona puguen ser publicades als referits mitjans, per a les finalitats assenyalades. L\u2019informem que aquesta Universitat Popular tractar\u00e0 les dades de manera l\u00edcita, lleial, transparent, adequada, pertinent, limitada, exacta i actualitzada i, per aix\u00f2, ens comprometem a adoptar totes les mesures t\u00e8cniques i organitzatives per al seu tractament. En tot moment, d'acord amb els drets que li confereix la normativa vigent, podr\u00e0 exercir els seus drets d'acc\u00e9s, rectificaci\u00f3, cancel\u00b7laci\u00f3 i oposici\u00f3, en dirigir la seua sol\u00b7licitud, per registre d'entrada, a aquest OAM Universitat Popular, a l'adre\u00e7a, carrer Micalet, 1- 1,<span class=\"Apple-converted-space\">\u00a0 <\/span>o per correu electr\u00f2nic a: universitatpopular@valencia.es.<\/p>\n","protected":false},"excerpt":{"rendered":"<p>AUTORITZA a incorporar les seues dades personals als sistemes de tractament de titularitat de l\u2019OAM Universitat Popular de l\u2019Ajuntament de Val\u00e8ncia (LO 3\/2018 de Protecci\u00f3 de dades personals i garantia [&hellip;]<\/p>\n","protected":false},"author":1,"featured_media":0,"parent":0,"menu_order":0,"comment_status":"closed","ping_status":"closed","template":"","meta":{"_acf_changed":false,"_EventAllDay":false,"_EventTimezone":"","_EventStartDate":"","_EventEndDate":"","_EventStartDateUTC":"","_EventEndDateUTC":"","_EventShowMap":false,"_EventShowMapLink":false,"_EventURL":"","_EventCost":"","_EventCostDescription":"","_EventCurrencySymbol":"","_EventCurrencyCode":"","_EventCurrencyPosition":"","_EventDateTimeSeparator":"","_EventTimeRangeSeparator":"","_EventOrganizerID":[],"_EventVenueID":[],"_OrganizerEmail":"","_OrganizerPhone":"","_OrganizerWebsite":"","_VenueAddress":"","_VenueCity":"","_VenueCountry":"","_VenueProvince":"","_VenueState":"","_VenueZip":"","_VenuePhone":"","_VenueURL":"","_VenueStateProvince":"","_VenueLat":"","_VenueLng":"","_VenueShowMap":false,"_VenueShowMapLink":false,"footnotes":""},"class_list":["post-1690","page","type-page","status-publish","hentry"],"acf":[],"yoast_head":"<!-- This site is optimized with the Yoast SEO plugin v25.8 - https:\/\/yoast.com\/wordpress\/plugins\/seo\/ -->\n<title>Sol\u00b7licitud d&#039;espais \u2014 Textos legals - Universitat Popular<\/title>\n<meta name=\"robots\" content=\"index, follow, max-snippet:-1, max-image-preview:large, max-video-preview:-1\" \/>\n<link rel=\"canonical\" href=\"https:\/\/universitatpopular.com\/ca\/sollicitud-despais-textos-legals\/\" \/>\n<meta property=\"og:locale\" content=\"ca_ES\" \/>\n<meta property=\"og:type\" content=\"article\" \/>\n<meta property=\"og:title\" content=\"Sol\u00b7licitud d&#039;espais \u2014 Textos legals - Universitat Popular\" \/>\n<meta property=\"og:description\" content=\"AUTORITZA a incorporar les seues dades personals als sistemes de tractament de titularitat de l\u2019OAM Universitat Popular de l\u2019Ajuntament de Val\u00e8ncia (LO 3\/2018 de Protecci\u00f3 de dades personals i garantia [&hellip;]\" \/>\n<meta property=\"og:url\" content=\"https:\/\/universitatpopular.com\/ca\/sollicitud-despais-textos-legals\/\" \/>\n<meta property=\"og:site_name\" content=\"Universitat Popular\" \/>\n<meta property=\"article:publisher\" content=\"https:\/\/www.facebook.com\/universitatpopularvalencia\/\" \/>\n<meta property=\"article:modified_time\" content=\"2024-07-08T07:21:12+00:00\" \/>\n<meta name=\"twitter:card\" content=\"summary_large_image\" \/>\n<meta name=\"twitter:site\" content=\"@univ_po_pu_lar\" \/>\n<meta name=\"twitter:label1\" content=\"Temps estimat de lectura\" \/>\n\t<meta name=\"twitter:data1\" content=\"3 minuts\" \/>\n<script type=\"application\/ld+json\" class=\"yoast-schema-graph\">{\"@context\":\"https:\/\/schema.org\",\"@graph\":[{\"@type\":\"WebPage\",\"@id\":\"https:\/\/universitatpopular.com\/ca\/sollicitud-despais-textos-legals\/\",\"url\":\"https:\/\/universitatpopular.com\/ca\/sollicitud-despais-textos-legals\/\",\"name\":\"Sol\u00b7licitud d'espais \u2014 Textos legals - Universitat Popular\",\"isPartOf\":{\"@id\":\"https:\/\/universitatpopular.com\/#website\"},\"datePublished\":\"2024-06-28T10:33:59+00:00\",\"dateModified\":\"2024-07-08T07:21:12+00:00\",\"breadcrumb\":{\"@id\":\"https:\/\/universitatpopular.com\/ca\/sollicitud-despais-textos-legals\/#breadcrumb\"},\"inLanguage\":\"ca\",\"potentialAction\":[{\"@type\":\"ReadAction\",\"target\":[\"https:\/\/universitatpopular.com\/ca\/sollicitud-despais-textos-legals\/\"]}]},{\"@type\":\"BreadcrumbList\",\"@id\":\"https:\/\/universitatpopular.com\/ca\/sollicitud-despais-textos-legals\/#breadcrumb\",\"itemListElement\":[{\"@type\":\"ListItem\",\"position\":1,\"name\":\"Portada\",\"item\":\"https:\/\/universitatpopular.com\/ca\/portada\/\"},{\"@type\":\"ListItem\",\"position\":2,\"name\":\"Sol\u00b7licitud d'espais \u2014 Textos legals\"}]},{\"@type\":\"WebSite\",\"@id\":\"https:\/\/universitatpopular.com\/#website\",\"url\":\"https:\/\/universitatpopular.com\/\",\"name\":\"Universitat Popular\",\"description\":\"Web de la Universitat Popular de l&#039;Ajuntament de Val\u00e8ncia\",\"publisher\":{\"@id\":\"https:\/\/universitatpopular.com\/#organization\"},\"potentialAction\":[{\"@type\":\"SearchAction\",\"target\":{\"@type\":\"EntryPoint\",\"urlTemplate\":\"https:\/\/universitatpopular.com\/?s={search_term_string}\"},\"query-input\":{\"@type\":\"PropertyValueSpecification\",\"valueRequired\":true,\"valueName\":\"search_term_string\"}}],\"inLanguage\":\"ca\"},{\"@type\":\"Organization\",\"@id\":\"https:\/\/universitatpopular.com\/#organization\",\"name\":\"Universitat Popular\",\"url\":\"https:\/\/universitatpopular.com\/\",\"logo\":{\"@type\":\"ImageObject\",\"inLanguage\":\"ca\",\"@id\":\"https:\/\/universitatpopular.com\/#\/schema\/logo\/image\/\",\"url\":\"https:\/\/universitatpopular.com\/wp-content\/uploads\/2024\/04\/logo-universitat-popular-de-valencia_vertical.svg\",\"contentUrl\":\"https:\/\/universitatpopular.com\/wp-content\/uploads\/2024\/04\/logo-universitat-popular-de-valencia_vertical.svg\",\"width\":190.15,\"height\":124.13,\"caption\":\"Universitat Popular\"},\"image\":{\"@id\":\"https:\/\/universitatpopular.com\/#\/schema\/logo\/image\/\"},\"sameAs\":[\"https:\/\/www.facebook.com\/universitatpopularvalencia\/\",\"https:\/\/x.com\/univ_po_pu_lar\",\"https:\/\/www.instagram.com\/universitatpopularvlc\/\",\"https:\/\/www.youtube.com\/channel\/UC6MyVEiz44QUeMvO8K3ofwA\"]}]}<\/script>\n<!-- \/ Yoast SEO plugin. -->","yoast_head_json":{"title":"Sol\u00b7licitud d'espais \u2014 Textos legals - Universitat Popular","robots":{"index":"index","follow":"follow","max-snippet":"max-snippet:-1","max-image-preview":"max-image-preview:large","max-video-preview":"max-video-preview:-1"},"canonical":"https:\/\/universitatpopular.com\/ca\/sollicitud-despais-textos-legals\/","og_locale":"ca_ES","og_type":"article","og_title":"Sol\u00b7licitud d'espais \u2014 Textos legals - Universitat Popular","og_description":"AUTORITZA a incorporar les seues dades personals als sistemes de tractament de titularitat de l\u2019OAM Universitat Popular de l\u2019Ajuntament de Val\u00e8ncia (LO 3\/2018 de Protecci\u00f3 de dades personals i garantia [&hellip;]","og_url":"https:\/\/universitatpopular.com\/ca\/sollicitud-despais-textos-legals\/","og_site_name":"Universitat Popular","article_publisher":"https:\/\/www.facebook.com\/universitatpopularvalencia\/","article_modified_time":"2024-07-08T07:21:12+00:00","twitter_card":"summary_large_image","twitter_site":"@univ_po_pu_lar","twitter_misc":{"Temps estimat de lectura":"3 minuts"},"schema":{"@context":"https:\/\/schema.org","@graph":[{"@type":"WebPage","@id":"https:\/\/universitatpopular.com\/ca\/sollicitud-despais-textos-legals\/","url":"https:\/\/universitatpopular.com\/ca\/sollicitud-despais-textos-legals\/","name":"Sol\u00b7licitud d'espais \u2014 Textos legals - Universitat Popular","isPartOf":{"@id":"https:\/\/universitatpopular.com\/#website"},"datePublished":"2024-06-28T10:33:59+00:00","dateModified":"2024-07-08T07:21:12+00:00","breadcrumb":{"@id":"https:\/\/universitatpopular.com\/ca\/sollicitud-despais-textos-legals\/#breadcrumb"},"inLanguage":"ca","potentialAction":[{"@type":"ReadAction","target":["https:\/\/universitatpopular.com\/ca\/sollicitud-despais-textos-legals\/"]}]},{"@type":"BreadcrumbList","@id":"https:\/\/universitatpopular.com\/ca\/sollicitud-despais-textos-legals\/#breadcrumb","itemListElement":[{"@type":"ListItem","position":1,"name":"Portada","item":"https:\/\/universitatpopular.com\/ca\/portada\/"},{"@type":"ListItem","position":2,"name":"Sol\u00b7licitud d'espais \u2014 Textos legals"}]},{"@type":"WebSite","@id":"https:\/\/universitatpopular.com\/#website","url":"https:\/\/universitatpopular.com\/","name":"Universitat Popular","description":"Web de la Universitat Popular de l&#039;Ajuntament de Val\u00e8ncia","publisher":{"@id":"https:\/\/universitatpopular.com\/#organization"},"potentialAction":[{"@type":"SearchAction","target":{"@type":"EntryPoint","urlTemplate":"https:\/\/universitatpopular.com\/?s={search_term_string}"},"query-input":{"@type":"PropertyValueSpecification","valueRequired":true,"valueName":"search_term_string"}}],"inLanguage":"ca"},{"@type":"Organization","@id":"https:\/\/universitatpopular.com\/#organization","name":"Universitat Popular","url":"https:\/\/universitatpopular.com\/","logo":{"@type":"ImageObject","inLanguage":"ca","@id":"https:\/\/universitatpopular.com\/#\/schema\/logo\/image\/","url":"https:\/\/universitatpopular.com\/wp-content\/uploads\/2024\/04\/logo-universitat-popular-de-valencia_vertical.svg","contentUrl":"https:\/\/universitatpopular.com\/wp-content\/uploads\/2024\/04\/logo-universitat-popular-de-valencia_vertical.svg","width":190.15,"height":124.13,"caption":"Universitat Popular"},"image":{"@id":"https:\/\/universitatpopular.com\/#\/schema\/logo\/image\/"},"sameAs":["https:\/\/www.facebook.com\/universitatpopularvalencia\/","https:\/\/x.com\/univ_po_pu_lar","https:\/\/www.instagram.com\/universitatpopularvlc\/","https:\/\/www.youtube.com\/channel\/UC6MyVEiz44QUeMvO8K3ofwA"]}]}},"_links":{"self":[{"href":"https:\/\/universitatpopular.com\/ca\/wp-json\/wp\/v2\/pages\/1690","targetHints":{"allow":["GET"]}}],"collection":[{"href":"https:\/\/universitatpopular.com\/ca\/wp-json\/wp\/v2\/pages"}],"about":[{"href":"https:\/\/universitatpopular.com\/ca\/wp-json\/wp\/v2\/types\/page"}],"author":[{"embeddable":true,"href":"https:\/\/universitatpopular.com\/ca\/wp-json\/wp\/v2\/users\/1"}],"replies":[{"embeddable":true,"href":"https:\/\/universitatpopular.com\/ca\/wp-json\/wp\/v2\/comments?post=1690"}],"version-history":[{"count":3,"href":"https:\/\/universitatpopular.com\/ca\/wp-json\/wp\/v2\/pages\/1690\/revisions"}],"predecessor-version":[{"id":1693,"href":"https:\/\/universitatpopular.com\/ca\/wp-json\/wp\/v2\/pages\/1690\/revisions\/1693"}],"wp:attachment":[{"href":"https:\/\/universitatpopular.com\/ca\/wp-json\/wp\/v2\/media?parent=1690"}],"curies":[{"name":"wp","href":"https:\/\/api.w.org\/{rel}","templated":true}]}}