{"id":1713,"date":"2024-04-18T06:59:05","date_gmt":"2024-04-18T04:59:05","guid":{"rendered":"https:\/\/universitatpopular.com\/devolucio-de-matricula\/"},"modified":"2024-07-29T18:28:20","modified_gmt":"2024-07-29T16:28:20","slug":"devolucio-de-matricula","status":"publish","type":"page","link":"https:\/\/universitatpopular.com\/ca\/devolucio-de-matricula\/","title":{"rendered":"Devoluci\u00f3 de matr\u00edcula"},"content":{"rendered":"\n<p><\/p>\n\n\n\n<h4 class=\"wp-block-heading\">ABANS DE REMETRE LA SEVA SOL\u00b7LICITUD COMPROVE QUE \u00c9STA COMPLEIX EL REQUISIT DE DEVOLUCI\u00d3\r\n<\/h4>\n\n\n\n<p>ABANS DE REMETRE LA SEVA SOL\u00b7LICITUD COMPROVE QUE \u00c9STA COMPLEIX EL REQUISIT DE DEVOLUCI\u00d3\r\n\r\nLa devoluci\u00f3 del preu p\u00fablic abonat nom\u00e9s ser\u00e0 possible per causes degudes a l\u2019Administraci\u00f3. Es considerar\u00e0 imputable a l\u2019Administraci\u00f3: la vacant de formador\/a durant un nombre de sessions sense impartir superior al de sessions impartides, comptades en la data de la sol\u00b7licitud de devoluci\u00f3.<\/p>\n\n\n\n<p><strong>INSTRUCCIONS<\/strong><\/p>\n\n\n\n<p>Per a sol\u00b7licitar la devoluci\u00f3 del preu p\u00fablic abonat en concepte de matr\u00edcula en les activitats de la Universitat Popular de Val\u00e8ncia, haur\u00e0 d'emplenar tots els camps d'este impr\u00e8s. Una vegada signat, es presentar\u00e0 en el Registre d'entrada de l\u2019Organisme Aut\u00f2nom Municipal de la Universitat Popular en m\u00e0 o es remetr\u00e0 per correu electr\u00f2nic a l'adre\u00e7a upstecnica@valencia.es, acompanyat dels seg\u00fcents documents:<\/p>\n\n\n\n<ul class=\"wp-block-list\">\n<li>Justificant del pagament de la quantitat sol\u00b7licitada.<\/li>\n\n\n\n<li>Certificat de titularitat del compte bancari en el qual se sol\u00b7licita que es fa\u00e7a la devoluci\u00f3.<\/li>\n<\/ul>\n\n\n\n<p><strong>Normativa<\/strong>: <a href=\"https:\/\/universitatpopular.com\/presentacion\/reglament-de-participacio\/\">Reglament de participaci\u00f3 en les activitats de la Universitat Popular de Val\u00e8ncia. Article 4 c)<\/a><\/p>\n\n\n\n<p><\/p>\n\n\n\n<hr class=\"wp-block-separator has-alpha-channel-opacity is-style-wide\"\/>\n\n\n\n<div class=\"wp-block-buttons is-layout-flex wp-block-buttons-is-layout-flex\">\n<div class=\"wp-block-button\"><a class=\"wp-block-button__link wp-element-button\" href=\"https:\/\/universitatpopular.com\/wp-content\/uploads\/2024\/07\/Nou-Impres-Devolucio-preus-publics-UP_2023-3.pdf\"> Descarregar impr\u00e8s de sol\u00b7licitud<\/a><\/div>\n\n\n\n<div class=\"wp-block-button\"><a class=\"wp-block-button__link wp-element-button\" href=\"https:\/\/universitatpopular.com\/wp-content\/uploads\/2024\/07\/20230420_-Precios-Publicos-UP_BOP-4.pdf\">Descarregar Ordenan\u00e7a de Preus P\u00fablics<\/a><\/div>\n<\/div>\n\n\n\n<hr class=\"wp-block-separator has-alpha-channel-opacity is-style-wide\"\/>\n\n\n\n<p><a href=\"https:\/\/universitatpopular.com\/politica-de-privacidad\/\">Pol\u00edtica de privacitat<\/a><\/p>\n","protected":false},"excerpt":{"rendered":"<p>ABANS DE REMETRE LA SEVA SOL\u00b7LICITUD COMPROVE QUE \u00c9STA COMPLEIX EL REQUISIT DE DEVOLUCI\u00d3 ABANS DE REMETRE LA SEVA SOL\u00b7LICITUD COMPROVE QUE \u00c9STA COMPLEIX EL REQUISIT DE DEVOLUCI\u00d3 La devoluci\u00f3 [&hellip;]<\/p>\n","protected":false},"author":1,"featured_media":0,"parent":0,"menu_order":0,"comment_status":"closed","ping_status":"closed","template":"","meta":{"_acf_changed":false,"_EventAllDay":false,"_EventTimezone":"","_EventStartDate":"","_EventEndDate":"","_EventStartDateUTC":"","_EventEndDateUTC":"","_EventShowMap":false,"_EventShowMapLink":false,"_EventURL":"","_EventCost":"","_EventCostDescription":"","_EventCurrencySymbol":"","_EventCurrencyCode":"","_EventCurrencyPosition":"","_EventDateTimeSeparator":"","_EventTimeRangeSeparator":"","_EventOrganizerID":[],"_EventVenueID":[],"_OrganizerEmail":"","_OrganizerPhone":"","_OrganizerWebsite":"","_VenueAddress":"","_VenueCity":"","_VenueCountry":"","_VenueProvince":"","_VenueState":"","_VenueZip":"","_VenuePhone":"","_VenueURL":"","_VenueStateProvince":"","_VenueLat":"","_VenueLng":"","_VenueShowMap":false,"_VenueShowMapLink":false,"footnotes":""},"class_list":["post-1713","page","type-page","status-publish","hentry"],"acf":[],"yoast_head":"<!-- This site is optimized with the Yoast SEO plugin v25.8 - https:\/\/yoast.com\/wordpress\/plugins\/seo\/ -->\n<title>Devoluci\u00f3 de matr\u00edcula - Universitat Popular<\/title>\n<meta name=\"robots\" content=\"index, follow, max-snippet:-1, max-image-preview:large, max-video-preview:-1\" \/>\n<link rel=\"canonical\" href=\"https:\/\/universitatpopular.com\/ca\/devolucio-de-matricula\/\" \/>\n<meta property=\"og:locale\" content=\"ca_ES\" \/>\n<meta property=\"og:type\" content=\"article\" \/>\n<meta property=\"og:title\" content=\"Devoluci\u00f3 de matr\u00edcula - Universitat Popular\" \/>\n<meta property=\"og:description\" content=\"ABANS DE REMETRE LA SEVA SOL\u00b7LICITUD COMPROVE QUE \u00c9STA COMPLEIX EL REQUISIT DE DEVOLUCI\u00d3 ABANS DE REMETRE LA SEVA SOL\u00b7LICITUD COMPROVE QUE \u00c9STA COMPLEIX EL REQUISIT DE DEVOLUCI\u00d3 La devoluci\u00f3 [&hellip;]\" \/>\n<meta property=\"og:url\" content=\"https:\/\/universitatpopular.com\/ca\/devolucio-de-matricula\/\" \/>\n<meta property=\"og:site_name\" content=\"Universitat Popular\" \/>\n<meta property=\"article:publisher\" content=\"https:\/\/www.facebook.com\/universitatpopularvalencia\/\" \/>\n<meta property=\"article:modified_time\" content=\"2024-07-29T16:28:20+00:00\" \/>\n<meta name=\"twitter:card\" content=\"summary_large_image\" \/>\n<meta name=\"twitter:site\" content=\"@univ_po_pu_lar\" \/>\n<meta name=\"twitter:label1\" content=\"Temps estimat de lectura\" \/>\n\t<meta name=\"twitter:data1\" content=\"1 minut\" \/>\n<script type=\"application\/ld+json\" class=\"yoast-schema-graph\">{\"@context\":\"https:\/\/schema.org\",\"@graph\":[{\"@type\":\"WebPage\",\"@id\":\"https:\/\/universitatpopular.com\/ca\/devolucio-de-matricula\/\",\"url\":\"https:\/\/universitatpopular.com\/ca\/devolucio-de-matricula\/\",\"name\":\"Devoluci\u00f3 de matr\u00edcula - Universitat Popular\",\"isPartOf\":{\"@id\":\"https:\/\/universitatpopular.com\/#website\"},\"datePublished\":\"2024-04-18T04:59:05+00:00\",\"dateModified\":\"2024-07-29T16:28:20+00:00\",\"breadcrumb\":{\"@id\":\"https:\/\/universitatpopular.com\/ca\/devolucio-de-matricula\/#breadcrumb\"},\"inLanguage\":\"ca\",\"potentialAction\":[{\"@type\":\"ReadAction\",\"target\":[\"https:\/\/universitatpopular.com\/ca\/devolucio-de-matricula\/\"]}]},{\"@type\":\"BreadcrumbList\",\"@id\":\"https:\/\/universitatpopular.com\/ca\/devolucio-de-matricula\/#breadcrumb\",\"itemListElement\":[{\"@type\":\"ListItem\",\"position\":1,\"name\":\"Portada\",\"item\":\"https:\/\/universitatpopular.com\/ca\/portada\/\"},{\"@type\":\"ListItem\",\"position\":2,\"name\":\"Devoluci\u00f3 de matr\u00edcula\"}]},{\"@type\":\"WebSite\",\"@id\":\"https:\/\/universitatpopular.com\/#website\",\"url\":\"https:\/\/universitatpopular.com\/\",\"name\":\"Universitat Popular\",\"description\":\"Web de la Universitat Popular de l&#039;Ajuntament de Val\u00e8ncia\",\"publisher\":{\"@id\":\"https:\/\/universitatpopular.com\/#organization\"},\"potentialAction\":[{\"@type\":\"SearchAction\",\"target\":{\"@type\":\"EntryPoint\",\"urlTemplate\":\"https:\/\/universitatpopular.com\/?s={search_term_string}\"},\"query-input\":{\"@type\":\"PropertyValueSpecification\",\"valueRequired\":true,\"valueName\":\"search_term_string\"}}],\"inLanguage\":\"ca\"},{\"@type\":\"Organization\",\"@id\":\"https:\/\/universitatpopular.com\/#organization\",\"name\":\"Universitat Popular\",\"url\":\"https:\/\/universitatpopular.com\/\",\"logo\":{\"@type\":\"ImageObject\",\"inLanguage\":\"ca\",\"@id\":\"https:\/\/universitatpopular.com\/#\/schema\/logo\/image\/\",\"url\":\"https:\/\/universitatpopular.com\/wp-content\/uploads\/2024\/04\/logo-universitat-popular-de-valencia_vertical.svg\",\"contentUrl\":\"https:\/\/universitatpopular.com\/wp-content\/uploads\/2024\/04\/logo-universitat-popular-de-valencia_vertical.svg\",\"width\":190.15,\"height\":124.13,\"caption\":\"Universitat Popular\"},\"image\":{\"@id\":\"https:\/\/universitatpopular.com\/#\/schema\/logo\/image\/\"},\"sameAs\":[\"https:\/\/www.facebook.com\/universitatpopularvalencia\/\",\"https:\/\/x.com\/univ_po_pu_lar\",\"https:\/\/www.instagram.com\/universitatpopularvlc\/\",\"https:\/\/www.youtube.com\/channel\/UC6MyVEiz44QUeMvO8K3ofwA\"]}]}<\/script>\n<!-- \/ Yoast SEO plugin. -->","yoast_head_json":{"title":"Devoluci\u00f3 de matr\u00edcula - Universitat Popular","robots":{"index":"index","follow":"follow","max-snippet":"max-snippet:-1","max-image-preview":"max-image-preview:large","max-video-preview":"max-video-preview:-1"},"canonical":"https:\/\/universitatpopular.com\/ca\/devolucio-de-matricula\/","og_locale":"ca_ES","og_type":"article","og_title":"Devoluci\u00f3 de matr\u00edcula - Universitat Popular","og_description":"ABANS DE REMETRE LA SEVA SOL\u00b7LICITUD COMPROVE QUE \u00c9STA COMPLEIX EL REQUISIT DE DEVOLUCI\u00d3 ABANS DE REMETRE LA SEVA SOL\u00b7LICITUD COMPROVE QUE \u00c9STA COMPLEIX EL REQUISIT DE DEVOLUCI\u00d3 La devoluci\u00f3 [&hellip;]","og_url":"https:\/\/universitatpopular.com\/ca\/devolucio-de-matricula\/","og_site_name":"Universitat Popular","article_publisher":"https:\/\/www.facebook.com\/universitatpopularvalencia\/","article_modified_time":"2024-07-29T16:28:20+00:00","twitter_card":"summary_large_image","twitter_site":"@univ_po_pu_lar","twitter_misc":{"Temps estimat de lectura":"1 minut"},"schema":{"@context":"https:\/\/schema.org","@graph":[{"@type":"WebPage","@id":"https:\/\/universitatpopular.com\/ca\/devolucio-de-matricula\/","url":"https:\/\/universitatpopular.com\/ca\/devolucio-de-matricula\/","name":"Devoluci\u00f3 de matr\u00edcula - Universitat Popular","isPartOf":{"@id":"https:\/\/universitatpopular.com\/#website"},"datePublished":"2024-04-18T04:59:05+00:00","dateModified":"2024-07-29T16:28:20+00:00","breadcrumb":{"@id":"https:\/\/universitatpopular.com\/ca\/devolucio-de-matricula\/#breadcrumb"},"inLanguage":"ca","potentialAction":[{"@type":"ReadAction","target":["https:\/\/universitatpopular.com\/ca\/devolucio-de-matricula\/"]}]},{"@type":"BreadcrumbList","@id":"https:\/\/universitatpopular.com\/ca\/devolucio-de-matricula\/#breadcrumb","itemListElement":[{"@type":"ListItem","position":1,"name":"Portada","item":"https:\/\/universitatpopular.com\/ca\/portada\/"},{"@type":"ListItem","position":2,"name":"Devoluci\u00f3 de matr\u00edcula"}]},{"@type":"WebSite","@id":"https:\/\/universitatpopular.com\/#website","url":"https:\/\/universitatpopular.com\/","name":"Universitat Popular","description":"Web de la Universitat Popular de l&#039;Ajuntament de Val\u00e8ncia","publisher":{"@id":"https:\/\/universitatpopular.com\/#organization"},"potentialAction":[{"@type":"SearchAction","target":{"@type":"EntryPoint","urlTemplate":"https:\/\/universitatpopular.com\/?s={search_term_string}"},"query-input":{"@type":"PropertyValueSpecification","valueRequired":true,"valueName":"search_term_string"}}],"inLanguage":"ca"},{"@type":"Organization","@id":"https:\/\/universitatpopular.com\/#organization","name":"Universitat Popular","url":"https:\/\/universitatpopular.com\/","logo":{"@type":"ImageObject","inLanguage":"ca","@id":"https:\/\/universitatpopular.com\/#\/schema\/logo\/image\/","url":"https:\/\/universitatpopular.com\/wp-content\/uploads\/2024\/04\/logo-universitat-popular-de-valencia_vertical.svg","contentUrl":"https:\/\/universitatpopular.com\/wp-content\/uploads\/2024\/04\/logo-universitat-popular-de-valencia_vertical.svg","width":190.15,"height":124.13,"caption":"Universitat Popular"},"image":{"@id":"https:\/\/universitatpopular.com\/#\/schema\/logo\/image\/"},"sameAs":["https:\/\/www.facebook.com\/universitatpopularvalencia\/","https:\/\/x.com\/univ_po_pu_lar","https:\/\/www.instagram.com\/universitatpopularvlc\/","https:\/\/www.youtube.com\/channel\/UC6MyVEiz44QUeMvO8K3ofwA"]}]}},"_links":{"self":[{"href":"https:\/\/universitatpopular.com\/ca\/wp-json\/wp\/v2\/pages\/1713","targetHints":{"allow":["GET"]}}],"collection":[{"href":"https:\/\/universitatpopular.com\/ca\/wp-json\/wp\/v2\/pages"}],"about":[{"href":"https:\/\/universitatpopular.com\/ca\/wp-json\/wp\/v2\/types\/page"}],"author":[{"embeddable":true,"href":"https:\/\/universitatpopular.com\/ca\/wp-json\/wp\/v2\/users\/1"}],"replies":[{"embeddable":true,"href":"https:\/\/universitatpopular.com\/ca\/wp-json\/wp\/v2\/comments?post=1713"}],"version-history":[{"count":15,"href":"https:\/\/universitatpopular.com\/ca\/wp-json\/wp\/v2\/pages\/1713\/revisions"}],"predecessor-version":[{"id":2888,"href":"https:\/\/universitatpopular.com\/ca\/wp-json\/wp\/v2\/pages\/1713\/revisions\/2888"}],"wp:attachment":[{"href":"https:\/\/universitatpopular.com\/ca\/wp-json\/wp\/v2\/media?parent=1713"}],"curies":[{"name":"wp","href":"https:\/\/api.w.org\/{rel}","templated":true}]}}