{"id":1731,"date":"2024-04-18T06:56:21","date_gmt":"2024-04-18T04:56:21","guid":{"rendered":"https:\/\/universitatpopular.com\/preus-publics\/"},"modified":"2024-07-27T20:26:06","modified_gmt":"2024-07-27T18:26:06","slug":"preus-publics","status":"publish","type":"page","link":"https:\/\/universitatpopular.com\/ca\/preus-publics\/","title":{"rendered":"Preus P\u00fablics"},"content":{"rendered":"\n<p><a href=\"https:\/\/universitatpopular.com\/wp-content\/uploads\/2024\/07\/20230420_-Precios-Publicos-UP_BOP-4.pdf\">ORDENAN\u00c7A REGULADORA DEL PREU P\u00daBLIC PER LES PRESTACI\u00d3NS DE SERVEIS\u00a0 EN LA UNIVERSITAT POPULAR DE L'AJUNTAMENT DE VAL\u00c8NCIA<\/a><\/p>\n\n<p><b>ART\u00cdCLE 1. Objecte<\/b><\/p>\n\n<p>Aquesta Entitat Local, en \u00fas de les facultats contingudes en els articles 41 a 47 i 127 del Reial decret legislatiu 2\/2004, de 5 de mar\u00e7, pel qual s'aprova el Text Ref\u00f3s de la Llei d'Hisendes Locals, estableix el present preu p\u00fablic per la prestaci\u00f3 de serveis en la Universitat Popular de l'Ajuntament de Val\u00e8ncia.<\/p>\n\n<p><b>ART\u00cdCLE 2. Fet Imposable<\/b><\/p>\n\n<p>El fet imposable est\u00e0 constitu\u00eft per la matriculaci\u00f3 i assist\u00e8ncia als Cursos, Monogr\u00e0fics Llargs, Monogr\u00e0fics curts, i Tallers, impartits per la Universitat Popular, que s'indiquen en l'article que estableix els imports corresponents podent-se incloure amb car\u00e0cter opcional, altres serveis relacionats amb la finalitat de l'O.A.<\/p>\n\n<p><b>ART\u00cdCLE 3. Obligats al Pagament<\/b><\/p>\n\n<p>Estan obligats al pagament del preu p\u00fablic regulat en la present Ordenan\u00e7a, totes aquelles persones f\u00edsiques que sol\u00b7liciten matricular-se i assistir a Cursos, Monogr\u00e0fics Llargs, Monogr\u00e0fics curts, i Tallers, impartits per la Universitat Popular, d'acord amb el que s'estableix pel \"Reglament de Participaci\u00f3 en les Activitats de la Universitat Popular de l'Ajuntament de Val\u00e8ncia\"<\/p>\n\n<p><b>ART\u00cdCLE 4. Quantia<\/b><\/p>\n\n<p>En virtut de l'article 44 del Text Ref\u00f3s de la Llei Reguladora de les Hisendes Locals, aprovat per Reial decret legislatiu 2\/2004, de 5 de mar\u00e7, estableix que l'import dels preus p\u00fablics haur\u00e0 de cobrir com a m\u00ednim el cost del servei prestat o de l'activitat realitzada. Existint raons socials, ben\u00e8fiques, culturals o d'inter\u00e9s p\u00fablic que aix\u00ed ho aconsellen, es fixen preus p\u00fablics per davall del l\u00edmit previst. Consignant-se en els pressupostos de l'entitat les dotacions oportunes per a la cobertura de la difer\u00e8ncia resultant:<\/p>\n\n<p>L'import dels preus p\u00fablics seran els seg\u00fcents:<\/p>\n\n<p>Cursos anuals:<\/p>\n\n<p>Activitats B\u00e0siques (preu redu\u00eft): \u2026\u2026\u2026\u2026\u2026\u2026\u2026\u2026\u2026\u2026\u2026\u2026\u2026\u2026\u2026\u2026\u2026 25,00\u20ac<\/p>\n\n<ul class=\"wp-block-list\">\n<li>Cursos Formaci\u00f3 b\u00e0sica, Formaci\u00f3 General, Espanyol per a persones extrangeres en acolliment, i Inform\u00e0tica Ofim\u00e0tica<\/li>\n\n\n\n<li>Projecte Coordenades: Tallers \"Viure en valenci\u00e0\"<\/li>\n<\/ul>\n\n<p>Activitats Generals: \u2026\u2026\u2026\u2026\u2026\u2026\u2026\u2026\u2026\u2026\u2026\u2026\u2026\u2026\u2026\u2026\u2026\u2026\u2026\u2026\u2026\u2026\u2026. 55,00\u20ac<\/p>\n\n<p>Projecte Coordenades :<\/p>\n\n<ul class=\"wp-block-list\">\n<li>Tallers entre 25 i 34 sessions:\u2026\u2026.\u00a0 30,00\u20ac<\/li>\n\n\n\n<li>Tallers entre 15 i 24 sessions:\u2026\u2026.\u00a0 25,00\u20ac<\/li>\n\n\n\n<li>Tallers entre \u00a0 5 i 14 sessions:\u2026\u2026.\u00a0 20,00\u20ac<\/li>\n\n\n\n<li>Tallers de menys de 5 sessions:\u2026\u2026..0,00\u20ac<\/li>\n<\/ul>\n\n<p>Per Resoluci\u00f3 de la Vicepresid\u00e8ncia es podr\u00e0 declarar l'exempci\u00f3 del pagament del preu p\u00fablic a determinades activitats en atenci\u00f3 al seu inter\u00e9s social o cultural.<\/p>\n\n<p><b>ART\u00cdCLE 5. Obligaci\u00f3 i Forma de Pagament<\/b><\/p>\n\n<p>L'obligaci\u00f3 de pagar els preus p\u00fablics regulats en aquesta ordenan\u00e7a naix en general des que s'inicie la prestaci\u00f3 del servei o la realitzaci\u00f3 de l'activitat havent-se de fer efectius d'acord amb la seg\u00fcent norma :<\/p>\n\n<p>Els preus contemplats en aquesta ordenan\u00e7a se satisfaran amb car\u00e0cter previ a la prestaci\u00f3 del servei o realitzaci\u00f3 de l'activitat en els terminis, forma i llocs d'ingr\u00e9s que en cada cas indique la mateixa Universitat Popular.<\/p>\n\n<p><b>ART\u00cdCLE 6. Infraccions i Sancions<\/b><\/p>\n\n<p>Els deutes pels preus p\u00fablics ac\u00ed regulats podran exigir-se pel procediment administratiu de constrenyiment i de conformitat amb la normativa de recaptaci\u00f3 que siga aplicable.<\/p>\n\n<p><b>ARTICLE 7. Legislaci\u00f3 Aplicable<\/b><\/p>\n\n<p>En tot el no previst en la present Ordenan\u00e7a s'estar\u00e0 al que es disposa en el Text Ref\u00f3s de la Llei Reguladora de les Hisendes Locals, aprovat per Reial decret 2\/2004, de 5 de mar\u00e7, la Llei 7\/1985, de 2 d'abril, Reguladora de les Bases de R\u00e8gim Local, la Llei General Tribut\u00e0ria 58\/2003, de 17 de desembre, i\u00a0 la Llei 8\/1989, de 13 d'abril, de Taxes i Preus P\u00fablics, aix\u00ed com en l'Ordenan\u00e7a Fiscal General aprovada per aquest Ajuntament.<\/p>\n\n<p><b>DISPOSICI\u00d3 FINAL<\/b><\/p>\n\n<p>Per a tot el no espec\u00edficament regulat en aquesta Ordenan\u00e7a, seran aplicable les normes contingudes en l'Ordenan\u00e7a Fiscal General de l'Ajuntament de Val\u00e8ncia, aix\u00ed com en la legislaci\u00f3 tribut\u00e0ria general o especifica que li siga aplicable.<\/p>\n\n<p>Aquesta ordenan\u00e7a entrar\u00e0 en vigor a partir de l'1 de setembre de 2018.<\/p>\n","protected":false},"excerpt":{"rendered":"<p>ORDENAN\u00c7A REGULADORA DEL PREU P\u00daBLIC PER LES PRESTACI\u00d3NS DE SERVEIS\u00a0 EN LA UNIVERSITAT POPULAR DE L'AJUNTAMENT DE VAL\u00c8NCIA ART\u00cdCLE 1. Objecte Aquesta Entitat Local, en \u00fas de les facultats contingudes [&hellip;]<\/p>\n","protected":false},"author":1,"featured_media":0,"parent":0,"menu_order":0,"comment_status":"closed","ping_status":"closed","template":"","meta":{"_acf_changed":false,"_EventAllDay":false,"_EventTimezone":"","_EventStartDate":"","_EventEndDate":"","_EventStartDateUTC":"","_EventEndDateUTC":"","_EventShowMap":false,"_EventShowMapLink":false,"_EventURL":"","_EventCost":"","_EventCostDescription":"","_EventCurrencySymbol":"","_EventCurrencyCode":"","_EventCurrencyPosition":"","_EventDateTimeSeparator":"","_EventTimeRangeSeparator":"","_EventOrganizerID":[],"_EventVenueID":[],"_OrganizerEmail":"","_OrganizerPhone":"","_OrganizerWebsite":"","_VenueAddress":"","_VenueCity":"","_VenueCountry":"","_VenueProvince":"","_VenueState":"","_VenueZip":"","_VenuePhone":"","_VenueURL":"","_VenueStateProvince":"","_VenueLat":"","_VenueLng":"","_VenueShowMap":false,"_VenueShowMapLink":false,"footnotes":""},"class_list":["post-1731","page","type-page","status-publish","hentry"],"acf":[],"yoast_head":"<!-- This site is optimized with the Yoast SEO plugin v25.8 - https:\/\/yoast.com\/wordpress\/plugins\/seo\/ -->\n<title>Preus P\u00fablics - Universitat Popular<\/title>\n<meta name=\"robots\" content=\"index, follow, max-snippet:-1, max-image-preview:large, max-video-preview:-1\" \/>\n<link rel=\"canonical\" href=\"https:\/\/universitatpopular.com\/ca\/preus-publics\/\" \/>\n<meta property=\"og:locale\" content=\"ca_ES\" \/>\n<meta property=\"og:type\" content=\"article\" \/>\n<meta property=\"og:title\" content=\"Preus P\u00fablics - Universitat Popular\" \/>\n<meta property=\"og:description\" content=\"ORDENAN\u00c7A REGULADORA DEL PREU P\u00daBLIC PER LES PRESTACI\u00d3NS DE SERVEIS\u00a0 EN LA UNIVERSITAT POPULAR DE L&#039;AJUNTAMENT DE VAL\u00c8NCIA ART\u00cdCLE 1. Objecte Aquesta Entitat Local, en \u00fas de les facultats contingudes [&hellip;]\" \/>\n<meta property=\"og:url\" content=\"https:\/\/universitatpopular.com\/ca\/preus-publics\/\" \/>\n<meta property=\"og:site_name\" content=\"Universitat Popular\" \/>\n<meta property=\"article:publisher\" content=\"https:\/\/www.facebook.com\/universitatpopularvalencia\/\" \/>\n<meta property=\"article:modified_time\" content=\"2024-07-27T18:26:06+00:00\" \/>\n<meta name=\"twitter:card\" content=\"summary_large_image\" \/>\n<meta name=\"twitter:site\" content=\"@univ_po_pu_lar\" \/>\n<meta name=\"twitter:label1\" content=\"Temps estimat de lectura\" \/>\n\t<meta name=\"twitter:data1\" content=\"3 minuts\" \/>\n<script type=\"application\/ld+json\" class=\"yoast-schema-graph\">{\"@context\":\"https:\/\/schema.org\",\"@graph\":[{\"@type\":\"WebPage\",\"@id\":\"https:\/\/universitatpopular.com\/ca\/preus-publics\/\",\"url\":\"https:\/\/universitatpopular.com\/ca\/preus-publics\/\",\"name\":\"Preus P\u00fablics - Universitat Popular\",\"isPartOf\":{\"@id\":\"https:\/\/universitatpopular.com\/#website\"},\"datePublished\":\"2024-04-18T04:56:21+00:00\",\"dateModified\":\"2024-07-27T18:26:06+00:00\",\"breadcrumb\":{\"@id\":\"https:\/\/universitatpopular.com\/ca\/preus-publics\/#breadcrumb\"},\"inLanguage\":\"ca\",\"potentialAction\":[{\"@type\":\"ReadAction\",\"target\":[\"https:\/\/universitatpopular.com\/ca\/preus-publics\/\"]}]},{\"@type\":\"BreadcrumbList\",\"@id\":\"https:\/\/universitatpopular.com\/ca\/preus-publics\/#breadcrumb\",\"itemListElement\":[{\"@type\":\"ListItem\",\"position\":1,\"name\":\"Portada\",\"item\":\"https:\/\/universitatpopular.com\/ca\/portada\/\"},{\"@type\":\"ListItem\",\"position\":2,\"name\":\"Preus P\u00fablics\"}]},{\"@type\":\"WebSite\",\"@id\":\"https:\/\/universitatpopular.com\/#website\",\"url\":\"https:\/\/universitatpopular.com\/\",\"name\":\"Universitat Popular\",\"description\":\"Web de la Universitat Popular de l&#039;Ajuntament de Val\u00e8ncia\",\"publisher\":{\"@id\":\"https:\/\/universitatpopular.com\/#organization\"},\"potentialAction\":[{\"@type\":\"SearchAction\",\"target\":{\"@type\":\"EntryPoint\",\"urlTemplate\":\"https:\/\/universitatpopular.com\/?s={search_term_string}\"},\"query-input\":{\"@type\":\"PropertyValueSpecification\",\"valueRequired\":true,\"valueName\":\"search_term_string\"}}],\"inLanguage\":\"ca\"},{\"@type\":\"Organization\",\"@id\":\"https:\/\/universitatpopular.com\/#organization\",\"name\":\"Universitat Popular\",\"url\":\"https:\/\/universitatpopular.com\/\",\"logo\":{\"@type\":\"ImageObject\",\"inLanguage\":\"ca\",\"@id\":\"https:\/\/universitatpopular.com\/#\/schema\/logo\/image\/\",\"url\":\"https:\/\/universitatpopular.com\/wp-content\/uploads\/2024\/04\/logo-universitat-popular-de-valencia_vertical.svg\",\"contentUrl\":\"https:\/\/universitatpopular.com\/wp-content\/uploads\/2024\/04\/logo-universitat-popular-de-valencia_vertical.svg\",\"width\":190.15,\"height\":124.13,\"caption\":\"Universitat Popular\"},\"image\":{\"@id\":\"https:\/\/universitatpopular.com\/#\/schema\/logo\/image\/\"},\"sameAs\":[\"https:\/\/www.facebook.com\/universitatpopularvalencia\/\",\"https:\/\/x.com\/univ_po_pu_lar\",\"https:\/\/www.instagram.com\/universitatpopularvlc\/\",\"https:\/\/www.youtube.com\/channel\/UC6MyVEiz44QUeMvO8K3ofwA\"]}]}<\/script>\n<!-- \/ Yoast SEO plugin. -->","yoast_head_json":{"title":"Preus P\u00fablics - Universitat Popular","robots":{"index":"index","follow":"follow","max-snippet":"max-snippet:-1","max-image-preview":"max-image-preview:large","max-video-preview":"max-video-preview:-1"},"canonical":"https:\/\/universitatpopular.com\/ca\/preus-publics\/","og_locale":"ca_ES","og_type":"article","og_title":"Preus P\u00fablics - Universitat Popular","og_description":"ORDENAN\u00c7A REGULADORA DEL PREU P\u00daBLIC PER LES PRESTACI\u00d3NS DE SERVEIS\u00a0 EN LA UNIVERSITAT POPULAR DE L'AJUNTAMENT DE VAL\u00c8NCIA ART\u00cdCLE 1. Objecte Aquesta Entitat Local, en \u00fas de les facultats contingudes [&hellip;]","og_url":"https:\/\/universitatpopular.com\/ca\/preus-publics\/","og_site_name":"Universitat Popular","article_publisher":"https:\/\/www.facebook.com\/universitatpopularvalencia\/","article_modified_time":"2024-07-27T18:26:06+00:00","twitter_card":"summary_large_image","twitter_site":"@univ_po_pu_lar","twitter_misc":{"Temps estimat de lectura":"3 minuts"},"schema":{"@context":"https:\/\/schema.org","@graph":[{"@type":"WebPage","@id":"https:\/\/universitatpopular.com\/ca\/preus-publics\/","url":"https:\/\/universitatpopular.com\/ca\/preus-publics\/","name":"Preus P\u00fablics - Universitat Popular","isPartOf":{"@id":"https:\/\/universitatpopular.com\/#website"},"datePublished":"2024-04-18T04:56:21+00:00","dateModified":"2024-07-27T18:26:06+00:00","breadcrumb":{"@id":"https:\/\/universitatpopular.com\/ca\/preus-publics\/#breadcrumb"},"inLanguage":"ca","potentialAction":[{"@type":"ReadAction","target":["https:\/\/universitatpopular.com\/ca\/preus-publics\/"]}]},{"@type":"BreadcrumbList","@id":"https:\/\/universitatpopular.com\/ca\/preus-publics\/#breadcrumb","itemListElement":[{"@type":"ListItem","position":1,"name":"Portada","item":"https:\/\/universitatpopular.com\/ca\/portada\/"},{"@type":"ListItem","position":2,"name":"Preus P\u00fablics"}]},{"@type":"WebSite","@id":"https:\/\/universitatpopular.com\/#website","url":"https:\/\/universitatpopular.com\/","name":"Universitat Popular","description":"Web de la Universitat Popular de l&#039;Ajuntament de Val\u00e8ncia","publisher":{"@id":"https:\/\/universitatpopular.com\/#organization"},"potentialAction":[{"@type":"SearchAction","target":{"@type":"EntryPoint","urlTemplate":"https:\/\/universitatpopular.com\/?s={search_term_string}"},"query-input":{"@type":"PropertyValueSpecification","valueRequired":true,"valueName":"search_term_string"}}],"inLanguage":"ca"},{"@type":"Organization","@id":"https:\/\/universitatpopular.com\/#organization","name":"Universitat Popular","url":"https:\/\/universitatpopular.com\/","logo":{"@type":"ImageObject","inLanguage":"ca","@id":"https:\/\/universitatpopular.com\/#\/schema\/logo\/image\/","url":"https:\/\/universitatpopular.com\/wp-content\/uploads\/2024\/04\/logo-universitat-popular-de-valencia_vertical.svg","contentUrl":"https:\/\/universitatpopular.com\/wp-content\/uploads\/2024\/04\/logo-universitat-popular-de-valencia_vertical.svg","width":190.15,"height":124.13,"caption":"Universitat Popular"},"image":{"@id":"https:\/\/universitatpopular.com\/#\/schema\/logo\/image\/"},"sameAs":["https:\/\/www.facebook.com\/universitatpopularvalencia\/","https:\/\/x.com\/univ_po_pu_lar","https:\/\/www.instagram.com\/universitatpopularvlc\/","https:\/\/www.youtube.com\/channel\/UC6MyVEiz44QUeMvO8K3ofwA"]}]}},"_links":{"self":[{"href":"https:\/\/universitatpopular.com\/ca\/wp-json\/wp\/v2\/pages\/1731","targetHints":{"allow":["GET"]}}],"collection":[{"href":"https:\/\/universitatpopular.com\/ca\/wp-json\/wp\/v2\/pages"}],"about":[{"href":"https:\/\/universitatpopular.com\/ca\/wp-json\/wp\/v2\/types\/page"}],"author":[{"embeddable":true,"href":"https:\/\/universitatpopular.com\/ca\/wp-json\/wp\/v2\/users\/1"}],"replies":[{"embeddable":true,"href":"https:\/\/universitatpopular.com\/ca\/wp-json\/wp\/v2\/comments?post=1731"}],"version-history":[{"count":4,"href":"https:\/\/universitatpopular.com\/ca\/wp-json\/wp\/v2\/pages\/1731\/revisions"}],"predecessor-version":[{"id":2672,"href":"https:\/\/universitatpopular.com\/ca\/wp-json\/wp\/v2\/pages\/1731\/revisions\/2672"}],"wp:attachment":[{"href":"https:\/\/universitatpopular.com\/ca\/wp-json\/wp\/v2\/media?parent=1731"}],"curies":[{"name":"wp","href":"https:\/\/api.w.org\/{rel}","templated":true}]}}