{"id":1750,"date":"2024-04-18T06:56:09","date_gmt":"2024-04-18T04:56:09","guid":{"rendered":"https:\/\/universitatpopular.com\/preguntes-frequents-sobre-preinscripcio-i-matricula\/"},"modified":"2025-12-02T10:53:27","modified_gmt":"2025-12-02T09:53:27","slug":"preguntes-frequents-sobre-preinscripcio-i-matricula","status":"publish","type":"page","link":"https:\/\/universitatpopular.com\/ca\/preguntes-frequents-sobre-preinscripcio-i-matricula\/","title":{"rendered":"Preguntes freq\u00fcents sobre preinscripci\u00f3 i matr\u00edcula"},"content":{"rendered":"\n<p><span class=\"s1\"><b>Qu\u00e8 \u00e9s la Universitat Popular?<\/b><\/span><\/p>\n\n<p>La Universitat Popular de Val\u00e8ncia \u00e9s un organisme aut\u00f2nom de l\u2019Ajuntament de Val\u00e8ncia. \u00c9s un espai de trobada, aprenentatge i participaci\u00f3, amb m\u00e9s de 30 centres en els barris i pobles de la ciutat. Es dedica a la formaci\u00f3 i animaci\u00f3 sociocultural per a facilitar l'acc\u00e9s universal a la cultura.<\/p>\n\n<hr class=\"wp-block-separator has-alpha-channel-opacity\"\/>\n\n<p><span class=\"s1\"><b>Quins requisits s'han de complir per a matricular-se?<\/b><\/span><\/p>\n\n<ul class=\"wp-block-list\">\n<li>Estar empadronat o empadronada a la ciutat de Val\u00e8ncia.<\/li>\n\n\n\n<li>Tindre m\u00e9s de 18 anys.<\/li>\n\n\n\n<li>No haver sigut expulsat\/a de la Universitat Popular.<\/li>\n\n\n\n<li>No tindre impediment f\u00edsic o ps\u00edquic que impossibilite la seua assist\u00e8ncia i participaci\u00f3 en l'activitat en la qual pret\u00e9n matricular-se<\/li>\n<\/ul>\n\n<hr class=\"wp-block-separator has-alpha-channel-opacity\"\/>\n\n<p><strong>Les persones cuidadores no professionals poden beneficiar-se de condicions especials?<\/strong><\/p>\n\n<p>S\u00ed, les persones cuidadores no professionals, que ho siguen en l'actualitat o que ho hagen sigut en els \u00faltims dos anys, tenen prefer\u00e8ncia d'inscripci\u00f3 perqu\u00e8 la Universitat Popular realitza una reserva d'una pla\u00e7a per cada grup d'activitat per a les persones preinscrites i que acrediten trobar-se en esta situaci\u00f3. Quan emplenen el formulari de preinscripci\u00f3 hauran d'acreditar esta situaci\u00f3 amb la presentaci\u00f3 del document Programa Individualitzat d'Atenci\u00f3 (PIA) que emet la Generalitat Valenciana. <\/p>\n\n<hr class=\"wp-block-separator has-alpha-channel-opacity\"\/>\n\n<p><strong>Les persones amb mobilitat redu\u00efda poden beneficiar-se de condicions especials?<\/strong><\/p>\n\n<p>S\u00ed, perqu\u00e8 la Universitat Popular realitza una reserva d'una pla\u00e7a per cada grup d'activitat per a les persones preinscrites i que acrediten trobar-se en esta situaci\u00f3. Quan emplenen el formulari de preinscripci\u00f3 hauran d'acreditar esta situaci\u00f3 amb la presentaci\u00f3 del certificat oficial de reconeixement de mobilitat redu\u00efda que emet la Generalitat Valenciana.<\/p>\n\n<p>La reserva de la pla\u00e7a nom\u00e9s es realitza en aquells centres on no existisquen barreres arquitect\u00f2niques.<\/p>\n\n<hr class=\"wp-block-separator has-alpha-channel-opacity\"\/>\n\n<p><strong>Les persones supervivents de viol\u00e8ncia intrafamiliar poden beneficiar-se de condicions especials?<\/strong><\/p>\n\n<p>S\u00ed, poden sol\u00b7licitar l'exempci\u00f3 de pagament de matr\u00edcula. Quan emplenen el formulari de preinscripci\u00f3 haurande marcar la casella corresponent i acreditar aquesta situaci\u00f3 amb la presentaci\u00f3 de qualsevol dels seg\u00fcents documents: sent\u00e8ncia judicial, informe del ministeri Fiscal, ordre d'allunyament o acreditaci\u00f3 emesa pel Centre Dona 24 hores de la Generalitat Valenciana.<\/p>\n\n<hr class=\"wp-block-separator has-alpha-channel-opacity\"\/>\n\n<p><span class=\"s1\"><b>\u00c9s necessari un nivell acad\u00e8mic m\u00ednim per a matricular-se en la UP?<\/b><\/span><\/p>\n\n<p>Es pot accedir a les activitats de la Universitat Popular sense un nivell acad\u00e8mic previ.<\/p>\n\n<hr class=\"wp-block-separator has-alpha-channel-opacity\"\/>\n\n<p><span class=\"s1\"><b>Quin \u00e9s el preu del curs de cicle llarg (de setembre o octubre a juny)?<\/b><\/span><\/p>\n\n<p>Entre 25 o 55 euros, segons activitats, que s'abonen en un pagament \u00fanic en el moment de formalitzar la matr\u00edcula en l\u00ednia. No s'abona mensualitats.<\/p>\n\n<p>Les activitats la matr\u00edcula de les quals costa 25\u20ac s\u00f3n: Formaci\u00f3 b\u00e0sica, Cultura general, Cultura valenciana, Curs de valenci\u00e0 inicial, intermedi i avan\u00e7at, Inform\u00e0tica b\u00e0sica, Ofim\u00e0tica, Estimulaci\u00f3 cognitiva, Espanyol conversa per a persones estrangeres i Espa\u00f1ol per a persones estrangeres<\/p>\n\n<p>La matr\u00edcula de la resta d'activitats de cicle llarg \u00e9s de 55\u20ac<\/p>\n\n<hr class=\"wp-block-separator has-alpha-channel-opacity\"\/>\n\n<p><span class=\"s1\"><b>Quins nivells s'imparteixen?<\/b><\/span><\/p>\n\n<p>Els continguts i metodologies de cada activitat s'adapten segons les caracter\u00edstiques de cada grup. Els objectius no s\u00f3n impartir un temari acad\u00e8mic, ja que es tracta d'educaci\u00f3 no reglada, sin\u00f3 participar d'un proc\u00e9s d'aprenentatge i participaci\u00f3 social. Les activitats que compten amb diferents nivells ho indiquen en el seu t\u00edtol i en la descripci\u00f3 de cada activitat. Els nivells no es corresponen necess\u00e0riament amb els nivells acad\u00e8mics reglats.<\/p>\n\n<hr class=\"wp-block-separator has-alpha-channel-opacity\"\/>\n\n<p><span class=\"s1\"><b>Quins t\u00edtols es poden aconseguir en la UP?<\/b><\/span><\/p>\n\n<p>La Universitat Popular no emet titulacions ja que la seua activitat \u00e9s formaci\u00f3 no reglada i animaci\u00f3 sociocultural. Tampoc hi ha ex\u00e0mens.<\/p>\n\n<hr class=\"wp-block-separator has-alpha-channel-opacity\"\/>\n\n<p><span class=\"s1\"><b>On es pot consultar la Programaci\u00f3 d'activitats de cada curs?<\/b><\/span><\/p>\n\n<p>En esta mateixa web.<\/p>\n\n<p><a href=\"https:\/\/universitatpopular.com\/ca\/activitats-de-cicle-llarg\/\">Programaci\u00f3 detallada per activitats ac\u00ed<\/a><\/p>\n\n<p><a href=\"https:\/\/universitatpopular.com\/wp-content\/uploads\/2025\/12\/PROGRAMACIOCURS-2025-26_-web-7-Publicar.pdf\">Programaci\u00f3 detallada centre a centre ac\u00ed<\/a><\/p>\n\n<hr class=\"wp-block-separator has-alpha-channel-opacity\"\/>\n\n<p><span class=\"s1\"><b>Quins passos cal seguir per a matricular-se?<\/b><\/span><\/p>\n\n<ol class=\"wp-block-list\">\n<li>Entrar en la p\u00e0gina <a href=\"http:\/\/matricula.universitatpopular.com\">http:\/\/matricula.universitatpopular.com<\/a><\/li>\n\n\n\n<li>Clicar sobre el bot\u00f3 \u201cContinuar preinscripci\u00f3\u201d.<\/li>\n\n\n\n<li>Introduir les seues dades personals.<\/li>\n\n\n\n<li>Seleccionar activitat, centre i grup (horari).<\/li>\n\n\n\n<li>Pr\u00e9mer sobre el bot\u00f3 \u201cFer preinscripci\u00f3\u201d.<\/li>\n\n\n\n<li>Esperar la notificaci\u00f3 per mail o sms d'haver aconseguit pla\u00e7a en el sorteig (o consultar esta informaci\u00f3 en la web amb la introducci\u00f3 del seu n\u00famero de DNI o NIE).<\/li>\n\n\n\n<li>Si ha aconseguit pla\u00e7a, entrar de nou en la p\u00e0gina <a href=\"http:\/\/matricula.universitatpopular.com\">http:\/\/matricula.universitatpopular.com<\/a>, en les dates assenyalades per a la matr\u00edcula, introduir el seu n\u00famero de DNI o NIE i quan puga visualitzar la llista d'activitats en les quals t\u00e9 pla\u00e7a, realitzar el pagament de la matr\u00edcula.<\/li>\n\n\n\n<li>Si no ha aconseguit la pla\u00e7a desitjada, pot consultar en la p\u00e0gina <a href=\"http:\/\/matricula.universitatpopular.com\">http:\/\/matricula.universitatpopular.com<\/a> les places disponibles en altres activitats i sol\u00b7licitar la que desitge tornant al pas n\u00famero 1. La matr\u00edcula es mant\u00e9 oberta la major part del curs, mentre queden places disponibles.<\/li>\n<\/ol>\n\n<p>Si necessita ajuda o no disposa d'acc\u00e9s a Internet pot acudir presencialment als nostres centres per a preinscriure's o matricular-se.<\/p>\n\n<hr class=\"wp-block-separator has-alpha-channel-opacity\"\/>\n\n<p><span class=\"s1\"><b>\u00c9s possible matricular-se en alguna activitat si no s\u2019ha obtingut pla\u00e7a en el sorteig?<\/b><\/span><\/p>\n\n<p>Si, pot matricular-se en aquelles activitats en les quals, despr\u00e9s del sorteig i el primer periode de matr\u00edcula, existisquen places lliures.<\/p>\n\n<hr class=\"wp-block-separator has-alpha-channel-opacity\"\/>\n\n<p><span class=\"s1\"><b>Si estic en llista d'espera, com puc saber si m'arriba el torn?<\/b><\/span><\/p>\n\n<p>La Universitat Popular li avisar\u00e0 amb un sms. Tamb\u00e9 pot acudir al centre en el que es troba en llista d'espera i consultar personalment la seua situaci\u00f3.<\/p>\n\n<hr class=\"wp-block-separator has-alpha-channel-opacity\"\/>\n\n<p><span class=\"s1\"><b>Hi ha altres activitats a m\u00e9s de la Programaci\u00f3 d'activitats de cicle llarg?<\/b><\/span><\/p>\n\n<p>Si. Una vegada iniciat el curs la Universitat Popular pot oferir una programaci\u00f3 d'activitats de diferent format i duraci\u00f3 i obrir de nou el proc\u00e9s de matr\u00edcula. Tamb\u00e9 pot inscriure's en els grups d'autoaprenentatge en el centre UP Aiora. S\u00f3n de matr\u00edcula gratu\u00efta i es formalitza presencialment.<\/p>\n\n<hr class=\"wp-block-separator has-alpha-channel-opacity\"\/>\n\n<p><span class=\"s1\"><b>Cal estar matriculat en activitats de cicle llarg (setembre o octubre a juny) per a accedir a tallers de cicle curt del programa 'Coordenades'?<\/b><\/span><\/p>\n\n<p>L'acc\u00e9s a tallers de cicle curt \u00e9s possible sense necessitat d'estar matriculat o matriculada en activitats de cicle llarg.<\/p>\n\n<hr class=\"wp-block-separator has-alpha-channel-opacity\"\/>\n\n<p><span class=\"s1\"><b>Les classes s\u00f3n de 2 hores o d'1 hora i mitja?<\/b><\/span><\/p>\n\n<p>Les activitats tenen assignat un temps de dues hores en el qual l'activitat es desenvolupa durant una hora i mitja i la resta del temps es dedica a l'entrada, eixida, preparaci\u00f3 i recollida de materials a l'aula i l'atenci\u00f3 per part del personal formador a les persones matriculades.<\/p>\n\n<hr class=\"wp-block-separator has-alpha-channel-opacity\"\/>\n\n<p><span class=\"s1\"><b>Si es t\u00e9 previst faltar a classe \u00e9s necessari avisar?<\/b><\/span><\/p>\n\n<p>Si faltar\u00e0 6 o m\u00e9s sessions \u00e9s convenient avisar i justificar l'abs\u00e8ncia ja que en cas de no fer-ho es tramitaria la baixa de l'activitat i es donaria pas a la seg\u00fcent persona de la llista d'espera, si n'hi haguera. Si faltar\u00e0 menys de 6 vegades, no \u00e9s necessari avisar pr\u00e8viament per\u00f2 s\u00ed acreditar posteriorment la justificaci\u00f3 de l'abs\u00e8ncia per a evitar ser donat o donada de baixa at\u00e9s que 6 faltes sense justificar en un trimestre suposen baixa autom\u00e0tica.<\/p>\n\n<hr class=\"wp-block-separator has-alpha-channel-opacity\"\/>\n\n<p><span class=\"s1\"><b>A quantes activitats em puc matricular?<\/b><\/span><\/p>\n\n<p>M\u00e0xim a dos activitats diferents, independentment que siga en un o en diferents centres.<\/p>\n\n<p>No \u00e9s possible matricular-se d'una mateixa activitat en diferents centres.<\/p>\n\n<hr class=\"wp-block-separator has-alpha-channel-opacity\"\/>\n\n<p><span class=\"s1\"><b>En quin cas puc sol\u00b7licitar la devoluci\u00f3 del preu de la matr\u00edcula?<\/b><\/span><\/p>\n\n<p>Quan el curs s'interrompa o no arribe a iniciar-se per causes degudes a l'Administraci\u00f3 i sempre que la falta de formador o formadora ocasione un nombre de sessions sense impartir superior al de sessions impartides, comptades en la data de la sol\u00b7licitud de la devoluci\u00f3.<\/p>\n\n<hr class=\"wp-block-separator has-alpha-channel-opacity\"\/>\n\n<p><span class=\"s1\"><b>Com sol\u00b7licitar la devoluci\u00f3 del preu de la matr\u00edcula?<\/b><\/span><\/p>\n\n<p>Puede presentar una solicitud en cualquier registro de entrada del Ayuntamiento, dirigida a la Universidad Popular de Valencia (en cada registro hay formularios gen\u00e9ricos para ello). O puede realizar la solicitud en l\u00ednea en <a href=\"https:\/\/universitatpopular.com\/ca\/devolucio-de-matricula\/\">https:\/\/universitatpopular.com\/devolucion-de-matricula\/<\/a><\/p>\n\n<hr class=\"wp-block-separator has-alpha-channel-opacity\"\/>\n\n<p><span class=\"s1\"><b>\u00c9s possible matricular-se en m\u00e9s d'un centre?<\/b><\/span><\/p>\n\n<p>Si, \u00e9s possible matricular-se en diversos centres sempre que no se supere el m\u00e0xim de 2 activitats diferents.<\/p>\n\n<hr class=\"wp-block-separator has-alpha-channel-opacity\"\/>\n\n<p><span class=\"s1\"><b>Quina \u00e9s la duraci\u00f3 de les activitats de cicle llarg?<\/b><\/span><\/p>\n\n<p>S'inicien normalment a la fi de setembre o principis d'octubre i finalitzen la tercera setmana de juny. Es desenvolupen dues sessions per setmana, Dilluns i Dimecres o Dimarts i Dijous.<\/p>\n\n<hr class=\"wp-block-separator has-alpha-channel-opacity\"\/>\n\n<p><span class=\"s1\"><b>On estan els centres UP?<\/b><\/span><\/p>\n\n<p>Hay 31 centros en la ciudad de Val\u00e8ncia y sus pueblos. Puede consultar la lista completa y sus direcciones y tel\u00e9fonos aqu\u00ed: <a href=\"https:\/\/universitatpopular.com\/ca\/centres\/\">https:\/\/universitatpopular.com\/ca\/centres\/<\/a><\/p>\n\n<hr class=\"wp-block-separator has-alpha-channel-opacity\"\/>\n\n<p><span class=\"s1\"><b>On estan les oficines centrals de la Universitat Popular de Val\u00e8ncia?<\/b><\/span><\/p>\n\n<p>Al Carrer Micalet, 1-1r CP 46001 de Val\u00e8ncia. Tel\u00e8fon 96 208 27 09.<\/p>\n\n<hr class=\"wp-block-separator has-alpha-channel-opacity\"\/>\n\n<p><span class=\"s1\"><b>Quin \u00e9s el correu electr\u00f2nic de la Universitat Popular?<\/b><\/span><\/p>\n\n<p>universitatpopular@valencia.es<\/p>\n","protected":false},"excerpt":{"rendered":"<p>Qu\u00e8 \u00e9s la Universitat Popular? La Universitat Popular de Val\u00e8ncia \u00e9s un organisme aut\u00f2nom de l\u2019Ajuntament de Val\u00e8ncia. \u00c9s un espai de trobada, aprenentatge i participaci\u00f3, amb m\u00e9s de 30 [&hellip;]<\/p>\n","protected":false},"author":1,"featured_media":0,"parent":0,"menu_order":0,"comment_status":"closed","ping_status":"closed","template":"","meta":{"_acf_changed":false,"_EventAllDay":false,"_EventTimezone":"","_EventStartDate":"","_EventEndDate":"","_EventStartDateUTC":"","_EventEndDateUTC":"","_EventShowMap":false,"_EventShowMapLink":false,"_EventURL":"","_EventCost":"","_EventCostDescription":"","_EventCurrencySymbol":"","_EventCurrencyCode":"","_EventCurrencyPosition":"","_EventDateTimeSeparator":"","_EventTimeRangeSeparator":"","_EventOrganizerID":[],"_EventVenueID":[],"_OrganizerEmail":"","_OrganizerPhone":"","_OrganizerWebsite":"","_VenueAddress":"","_VenueCity":"","_VenueCountry":"","_VenueProvince":"","_VenueState":"","_VenueZip":"","_VenuePhone":"","_VenueURL":"","_VenueStateProvince":"","_VenueLat":"","_VenueLng":"","_VenueShowMap":false,"_VenueShowMapLink":false,"footnotes":""},"class_list":["post-1750","page","type-page","status-publish","hentry"],"acf":[],"yoast_head":"<!-- This site is optimized with the Yoast SEO plugin v25.8 - https:\/\/yoast.com\/wordpress\/plugins\/seo\/ -->\n<title>Preguntes freq\u00fcents sobre preinscripci\u00f3 i matr\u00edcula - Universitat Popular<\/title>\n<meta name=\"robots\" content=\"index, follow, max-snippet:-1, max-image-preview:large, max-video-preview:-1\" \/>\n<link rel=\"canonical\" href=\"https:\/\/universitatpopular.com\/ca\/preguntes-frequents-sobre-preinscripcio-i-matricula\/\" \/>\n<meta property=\"og:locale\" content=\"ca_ES\" \/>\n<meta property=\"og:type\" content=\"article\" \/>\n<meta property=\"og:title\" content=\"Preguntes freq\u00fcents sobre preinscripci\u00f3 i matr\u00edcula - Universitat Popular\" \/>\n<meta property=\"og:description\" content=\"Qu\u00e8 \u00e9s la Universitat Popular? La Universitat Popular de Val\u00e8ncia \u00e9s un organisme aut\u00f2nom de l\u2019Ajuntament de Val\u00e8ncia. \u00c9s un espai de trobada, aprenentatge i participaci\u00f3, amb m\u00e9s de 30 [&hellip;]\" \/>\n<meta property=\"og:url\" content=\"https:\/\/universitatpopular.com\/ca\/preguntes-frequents-sobre-preinscripcio-i-matricula\/\" \/>\n<meta property=\"og:site_name\" content=\"Universitat Popular\" \/>\n<meta property=\"article:publisher\" content=\"https:\/\/www.facebook.com\/universitatpopularvalencia\/\" \/>\n<meta property=\"article:modified_time\" content=\"2025-12-02T09:53:27+00:00\" \/>\n<meta property=\"og:image\" content=\"https:\/\/universitatpopular.com\/wp-content\/uploads\/2024\/07\/cropped-up-favicon-300x300.png\" \/>\n<meta name=\"twitter:card\" content=\"summary_large_image\" \/>\n<meta name=\"twitter:site\" content=\"@univ_po_pu_lar\" \/>\n<meta name=\"twitter:label1\" content=\"Temps estimat de lectura\" \/>\n\t<meta name=\"twitter:data1\" content=\"7 minuts\" \/>\n<script type=\"application\/ld+json\" class=\"yoast-schema-graph\">{\"@context\":\"https:\/\/schema.org\",\"@graph\":[{\"@type\":\"WebPage\",\"@id\":\"https:\/\/universitatpopular.com\/ca\/preguntes-frequents-sobre-preinscripcio-i-matricula\/\",\"url\":\"https:\/\/universitatpopular.com\/ca\/preguntes-frequents-sobre-preinscripcio-i-matricula\/\",\"name\":\"Preguntes freq\u00fcents sobre preinscripci\u00f3 i matr\u00edcula - Universitat Popular\",\"isPartOf\":{\"@id\":\"https:\/\/universitatpopular.com\/#website\"},\"datePublished\":\"2024-04-18T04:56:09+00:00\",\"dateModified\":\"2025-12-02T09:53:27+00:00\",\"breadcrumb\":{\"@id\":\"https:\/\/universitatpopular.com\/ca\/preguntes-frequents-sobre-preinscripcio-i-matricula\/#breadcrumb\"},\"inLanguage\":\"ca\",\"potentialAction\":[{\"@type\":\"ReadAction\",\"target\":[\"https:\/\/universitatpopular.com\/ca\/preguntes-frequents-sobre-preinscripcio-i-matricula\/\"]}]},{\"@type\":\"BreadcrumbList\",\"@id\":\"https:\/\/universitatpopular.com\/ca\/preguntes-frequents-sobre-preinscripcio-i-matricula\/#breadcrumb\",\"itemListElement\":[{\"@type\":\"ListItem\",\"position\":1,\"name\":\"Portada\",\"item\":\"https:\/\/universitatpopular.com\/ca\/portada\/\"},{\"@type\":\"ListItem\",\"position\":2,\"name\":\"Preguntes freq\u00fcents sobre preinscripci\u00f3 i matr\u00edcula\"}]},{\"@type\":\"WebSite\",\"@id\":\"https:\/\/universitatpopular.com\/#website\",\"url\":\"https:\/\/universitatpopular.com\/\",\"name\":\"Universitat Popular\",\"description\":\"Web de la Universitat Popular de l&#039;Ajuntament de Val\u00e8ncia\",\"publisher\":{\"@id\":\"https:\/\/universitatpopular.com\/#organization\"},\"potentialAction\":[{\"@type\":\"SearchAction\",\"target\":{\"@type\":\"EntryPoint\",\"urlTemplate\":\"https:\/\/universitatpopular.com\/?s={search_term_string}\"},\"query-input\":{\"@type\":\"PropertyValueSpecification\",\"valueRequired\":true,\"valueName\":\"search_term_string\"}}],\"inLanguage\":\"ca\"},{\"@type\":\"Organization\",\"@id\":\"https:\/\/universitatpopular.com\/#organization\",\"name\":\"Universitat Popular\",\"url\":\"https:\/\/universitatpopular.com\/\",\"logo\":{\"@type\":\"ImageObject\",\"inLanguage\":\"ca\",\"@id\":\"https:\/\/universitatpopular.com\/#\/schema\/logo\/image\/\",\"url\":\"https:\/\/universitatpopular.com\/wp-content\/uploads\/2024\/04\/logo-universitat-popular-de-valencia_vertical.svg\",\"contentUrl\":\"https:\/\/universitatpopular.com\/wp-content\/uploads\/2024\/04\/logo-universitat-popular-de-valencia_vertical.svg\",\"width\":190.15,\"height\":124.13,\"caption\":\"Universitat Popular\"},\"image\":{\"@id\":\"https:\/\/universitatpopular.com\/#\/schema\/logo\/image\/\"},\"sameAs\":[\"https:\/\/www.facebook.com\/universitatpopularvalencia\/\",\"https:\/\/x.com\/univ_po_pu_lar\",\"https:\/\/www.instagram.com\/universitatpopularvlc\/\",\"https:\/\/www.youtube.com\/channel\/UC6MyVEiz44QUeMvO8K3ofwA\"]}]}<\/script>\n<!-- \/ Yoast SEO plugin. -->","yoast_head_json":{"title":"Preguntes freq\u00fcents sobre preinscripci\u00f3 i matr\u00edcula - Universitat Popular","robots":{"index":"index","follow":"follow","max-snippet":"max-snippet:-1","max-image-preview":"max-image-preview:large","max-video-preview":"max-video-preview:-1"},"canonical":"https:\/\/universitatpopular.com\/ca\/preguntes-frequents-sobre-preinscripcio-i-matricula\/","og_locale":"ca_ES","og_type":"article","og_title":"Preguntes freq\u00fcents sobre preinscripci\u00f3 i matr\u00edcula - Universitat Popular","og_description":"Qu\u00e8 \u00e9s la Universitat Popular? La Universitat Popular de Val\u00e8ncia \u00e9s un organisme aut\u00f2nom de l\u2019Ajuntament de Val\u00e8ncia. \u00c9s un espai de trobada, aprenentatge i participaci\u00f3, amb m\u00e9s de 30 [&hellip;]","og_url":"https:\/\/universitatpopular.com\/ca\/preguntes-frequents-sobre-preinscripcio-i-matricula\/","og_site_name":"Universitat Popular","article_publisher":"https:\/\/www.facebook.com\/universitatpopularvalencia\/","article_modified_time":"2025-12-02T09:53:27+00:00","og_image":[{"url":"https:\/\/universitatpopular.com\/wp-content\/uploads\/2024\/07\/cropped-up-favicon-300x300.png","type":"","width":"","height":""}],"twitter_card":"summary_large_image","twitter_site":"@univ_po_pu_lar","twitter_misc":{"Temps estimat de lectura":"7 minuts"},"schema":{"@context":"https:\/\/schema.org","@graph":[{"@type":"WebPage","@id":"https:\/\/universitatpopular.com\/ca\/preguntes-frequents-sobre-preinscripcio-i-matricula\/","url":"https:\/\/universitatpopular.com\/ca\/preguntes-frequents-sobre-preinscripcio-i-matricula\/","name":"Preguntes freq\u00fcents sobre preinscripci\u00f3 i matr\u00edcula - Universitat Popular","isPartOf":{"@id":"https:\/\/universitatpopular.com\/#website"},"datePublished":"2024-04-18T04:56:09+00:00","dateModified":"2025-12-02T09:53:27+00:00","breadcrumb":{"@id":"https:\/\/universitatpopular.com\/ca\/preguntes-frequents-sobre-preinscripcio-i-matricula\/#breadcrumb"},"inLanguage":"ca","potentialAction":[{"@type":"ReadAction","target":["https:\/\/universitatpopular.com\/ca\/preguntes-frequents-sobre-preinscripcio-i-matricula\/"]}]},{"@type":"BreadcrumbList","@id":"https:\/\/universitatpopular.com\/ca\/preguntes-frequents-sobre-preinscripcio-i-matricula\/#breadcrumb","itemListElement":[{"@type":"ListItem","position":1,"name":"Portada","item":"https:\/\/universitatpopular.com\/ca\/portada\/"},{"@type":"ListItem","position":2,"name":"Preguntes freq\u00fcents sobre preinscripci\u00f3 i matr\u00edcula"}]},{"@type":"WebSite","@id":"https:\/\/universitatpopular.com\/#website","url":"https:\/\/universitatpopular.com\/","name":"Universitat Popular","description":"Web de la Universitat Popular de l&#039;Ajuntament de Val\u00e8ncia","publisher":{"@id":"https:\/\/universitatpopular.com\/#organization"},"potentialAction":[{"@type":"SearchAction","target":{"@type":"EntryPoint","urlTemplate":"https:\/\/universitatpopular.com\/?s={search_term_string}"},"query-input":{"@type":"PropertyValueSpecification","valueRequired":true,"valueName":"search_term_string"}}],"inLanguage":"ca"},{"@type":"Organization","@id":"https:\/\/universitatpopular.com\/#organization","name":"Universitat Popular","url":"https:\/\/universitatpopular.com\/","logo":{"@type":"ImageObject","inLanguage":"ca","@id":"https:\/\/universitatpopular.com\/#\/schema\/logo\/image\/","url":"https:\/\/universitatpopular.com\/wp-content\/uploads\/2024\/04\/logo-universitat-popular-de-valencia_vertical.svg","contentUrl":"https:\/\/universitatpopular.com\/wp-content\/uploads\/2024\/04\/logo-universitat-popular-de-valencia_vertical.svg","width":190.15,"height":124.13,"caption":"Universitat Popular"},"image":{"@id":"https:\/\/universitatpopular.com\/#\/schema\/logo\/image\/"},"sameAs":["https:\/\/www.facebook.com\/universitatpopularvalencia\/","https:\/\/x.com\/univ_po_pu_lar","https:\/\/www.instagram.com\/universitatpopularvlc\/","https:\/\/www.youtube.com\/channel\/UC6MyVEiz44QUeMvO8K3ofwA"]}]}},"_links":{"self":[{"href":"https:\/\/universitatpopular.com\/ca\/wp-json\/wp\/v2\/pages\/1750","targetHints":{"allow":["GET"]}}],"collection":[{"href":"https:\/\/universitatpopular.com\/ca\/wp-json\/wp\/v2\/pages"}],"about":[{"href":"https:\/\/universitatpopular.com\/ca\/wp-json\/wp\/v2\/types\/page"}],"author":[{"embeddable":true,"href":"https:\/\/universitatpopular.com\/ca\/wp-json\/wp\/v2\/users\/1"}],"replies":[{"embeddable":true,"href":"https:\/\/universitatpopular.com\/ca\/wp-json\/wp\/v2\/comments?post=1750"}],"version-history":[{"count":29,"href":"https:\/\/universitatpopular.com\/ca\/wp-json\/wp\/v2\/pages\/1750\/revisions"}],"predecessor-version":[{"id":13707,"href":"https:\/\/universitatpopular.com\/ca\/wp-json\/wp\/v2\/pages\/1750\/revisions\/13707"}],"wp:attachment":[{"href":"https:\/\/universitatpopular.com\/ca\/wp-json\/wp\/v2\/media?parent=1750"}],"curies":[{"name":"wp","href":"https:\/\/api.w.org\/{rel}","templated":true}]}}