{"id":1754,"date":"2024-04-18T06:55:47","date_gmt":"2024-04-18T04:55:47","guid":{"rendered":"https:\/\/universitatpopular.com\/instruccions-sobre-matricula-2023-24\/"},"modified":"2025-05-20T10:35:59","modified_gmt":"2025-05-20T08:35:59","slug":"instruccions-sobre-matricula-2023-24","status":"publish","type":"page","link":"https:\/\/universitatpopular.com\/ca\/instruccions-sobre-matricula-2023-24\/","title":{"rendered":"Instruccions sobre matr\u00edcula 2025\/26"},"content":{"rendered":"\n<p><b>INSTRUCCIONS SOBRE PREINSCRIPCI\u00d3 PER A L\u2019ADJUDICACI\u00d3 I MATR\u00cdCULA DE LES PLACES DISPONIBLES EN LES ACTIVITATS I ELS CENTRES DE LA UNIVERSITAT POPULAR EN EL CURS 2025-2026.<\/b><\/p>\n\n\n\n<h3 class=\"wp-block-heading\"><a href=\"https:\/\/universitatpopular.com\/wp-content\/uploads\/2025\/05\/20250520-Instruccions-matricula-2025-26-val_-web_-def.pdf\">DESCARREGAR EL DOCUMENT EN PDF<\/a><\/h3>\n\n\n\n<hr class=\"wp-block-separator has-alpha-channel-opacity\"\/>\n\n\n\n<p><p><b>Pre\u00e0mbul<\/b><\/p><\/p>\n\n\n\n<p>El OAM Universitat Popular de l'Ajuntament de Val\u00e8ncia, es definix com un servici municipal de desenvolupament cultural, la finalitat del qual \u00e9s promoure la participaci\u00f3 social i la millora de la qualitat de vida de la ciutadania, a trav\u00e9s de l'educaci\u00f3 cont\u00ednua i l'animaci\u00f3 sociocultural.<\/p>\n\n\n\n<p>La Universitat Popular en les seues relacions amb la ciutadania, ha d'assegurar l'efectivitat plena dels drets i la millora cont\u00ednua de la qualitat dels servicis que presta i procura fomentar la igualtat entre dones i homes i la protecci\u00f3 de la inf\u00e0ncia, la joventut i la fam\u00edlia, aix\u00ed com la defensa de les persones majors i les persones amb discapacitat i en situaci\u00f3 de vulnerabilitat.<\/p>\n\n\n\n<p><p>En conseq\u00fc\u00e8ncia, el disseny de la programaci\u00f3 d'activitats es basa a atendre les necessitats dels barris impulsant la seua participaci\u00f3 social i l'enfortiment del seu teixit associatiu a la ciutat de Val\u00e8ncia, a trav\u00e9s d'un sistema d'educaci\u00f3 no formal i mitjan\u00e7ant la promoci\u00f3 de processos de relaci\u00f3, comunicaci\u00f3 i sociabilitat i el foment de la participaci\u00f3 en activitats culturals de car\u00e0cter interdisciplinari a les quals s'accedeix disposant de la condici\u00f3 de \"participant\".<\/p><\/p>\n\n\n\n<p><p>Estes instruccions s'estableixen amb la finalitat d'ordenar el proc\u00e9s d'adjudicaci\u00f3 de les places resultants de la programaci\u00f3 d'activitats en els centres de la Universitat Popular programades per al curs 2025-2026, de conformitat amb el que s'estableix en l'art. 3, apartat 1, del Reglament de Participaci\u00f3 en les activitats de la Universitat Popular de l'Ajuntament de Val\u00e8ncia, publicat en el Butllet\u00ed Oficial de la Prov\u00edncia de Val\u00e8ncia, n\u00famero 157 de 16-VIII-2017.<\/p><\/p>\n\n\n\n<p><p><strong>\u00c0mbit d'aplicaci\u00f3<\/strong><\/p><\/p>\n\n\n\n<p><p>La present normativa regula el proc\u00e9s de preinscripci\u00f3 en les activitats programades per al curs 2025-2026, aix\u00ed com el posterior sorteig i ordre resultant per a matricular-se en les places disponibles en les activitats i centres de la <em>Universitat Popular de l'Ajuntament de Val\u00e8ncia<\/em>.<\/p><\/p>\n\n\n\n<p>Mitjan\u00e7ant el sorteig es determinar\u00e0 l'ordre en el qual les persones preinscrites podran formalitzar la seua matr\u00edcula en el grup o grups en els quals s'hagu\u00e9s preinscrit, abonant el preu p\u00fablic establert i obtenint la condici\u00f3 de \"participants\".<\/p>\n\n\n\n<p><p><b>Requisits per a realitzar la preinscripci\u00f3<\/b><\/p><\/p>\n\n\n\n<ul class=\"wp-block-list\">\n<li>Per a poder preinscriure's i matricular-se en les activitats de la Universitat Popular hauran de reunir-se els seg\u00fcents requisits o estar en condicions de reunir-los en el moment de formalitzar la matr\u00edcula:<\/li>\n<\/ul>\n\n\n\n<ul class=\"wp-block-list\">\n<li>Ser major de 18 anys. Si en el moment de la preinscripci\u00f3 la persona interessada no hagu\u00e9s aconseguit la majoria d'edat, podr\u00e0 preinscriure's, per\u00f2 nom\u00e9s podr\u00e0 formalitzar la matr\u00edcula quan ja hi haja complit els 18 anys.<\/li>\n\n\n\n<li><p>No haver sigut expulsat o expulsada per raons disciplin\u00e0ries d'alguna activitat de la <em>Universitat Popular<\/em> en qu\u00e8 s'haguera matriculat.<\/p><\/li>\n\n\n\n<li><p>Estar empadronat en el municipi de Val\u00e8ncia.<\/p><\/li>\n\n\n\n<li>No tenir impediment f\u00edsic o ps\u00edquic que impossibilite la seua assist\u00e8ncia i participaci\u00f3 en l'activitat en la qual pret\u00e9n matricular-se.<\/li>\n<\/ul>\n\n\n\n<p><p><b>Activitats en qu\u00e8 es pot realitzar la preinscripci\u00f3<\/b><\/p><\/p>\n\n\n\n<ul class=\"wp-block-list\">\n<li>Qualsevol persona que reunisca els requisits exigits podr\u00e0 preinscriure's en qualsevol dels centres, activitats i grups programats en la oferta formativa de  la Universitat Popular per a aquest curs, amb les seg\u00fcents limitacions:<\/li>\n<\/ul>\n\n\n\n<ul class=\"wp-block-list\">\n<li>Podr\u00e0 inscriure's en un m\u00e0xim de dos activitats i grups diferents, tant siga en un centre com en diversos centres.<\/li>\n\n\n\n<li>No podr\u00e0 preinscriure's m\u00e9s d'una vegada en la mateixa activitat, ni tan sols en centres diferents.<\/li>\n\n\n\n<li>Nom\u00e9s en el cas de l'activitat de \"Balls de Sal\u00f3\" es podr\u00e0 preinscriure a dues persones en un mateix formulari, considerant-se, a l'efecte de sorteig, a la primera de les inscrites i havent de formalitzar la matr\u00edcula i abonar els preus p\u00fablics corresponents a totes dues persones. La p\u00e8rdua de la condici\u00f3 de \"participant\" de qualsevol d'elles donar\u00e0 lloc a la baixa de les dues. A l'efecte de c\u00f2mput d'assist\u00e8ncia es considerar\u00e0 igualment nom\u00e9s la pres\u00e8ncia de les dues persones vinculades per la matr\u00edcula.<\/li>\n<\/ul>\n\n\n\n<p><p><b>Formalitzaci\u00f3 de la preinscripci\u00f3<\/b><\/p><\/p>\n\n\n\n<ol style=\"list-style-type:lower-alpha\" class=\"wp-block-list\">\n<li><p>La formalitzaci\u00f3 de les preinscripcions es realitzar\u00e0, electr\u00f2nicament, a trav\u00e9s de la p\u00e0gina web <a href=\"http:\/\/www.universitatpopular.com\/\" data-mce-href=\"http:\/\/www.universitatpopular.com\/\">www.universitatpopular.com<\/a><span class=\"Apple-converted-space\">&nbsp; <\/span>i podr\u00e0 ser de fins a dos activitats diferents.<\/p><\/li>\n\n\n\n<li>El formulari, una vegada enviat, es podr\u00e0 imprimir o guardar en format PDF.<\/li>\n\n\n\n<li>Les preinscripcions obtingudes s'agruparan i ordenaran alfab\u00e8ticament per les lletres inicials del primer cognom per a formar les \"Llistes de sol\u00b7licitants de pla\u00e7a\" en cada grup dels programats en l'Oferta formativa del present curs.<\/li>\n<\/ol>\n\n\n\n<p><p><b>Sorteig<\/b><\/p><\/p>\n\n\n\n<p><p>Es realitzar\u00e0 un sorteig consistent en l'obtenci\u00f3 de dues lletres que, unides, serviran per a determinar l'ordre alfab\u00e8tic per cognoms per a cada activitat i pel qual s'iniciar\u00e0 la matr\u00edcula. Aquest sorteig es dur\u00e0 a terme en la seu de la Universitat Popular, el dia 26 de juny, a les 10.30 hores, davant el secretari de l'Organisme Aut\u00f2nom Universitat Popular de l'Ajuntament de Val\u00e8ncia.<\/p><\/p>\n\n\n\n<p><p>L'ordre de les lletres, resultat del sorteig, es publicar\u00e0 en la p\u00e0gina web de la Universitat Popular i en els taulers d'anuncis de cada centre, juntament amb el calendari per a realitzar la matr\u00edcula.<\/p><\/p>\n\n\n\n<p><p><b>Matr\u00edcula i llista d\u2019espera<\/b><\/p><\/p>\n\n\n\n<p>S'enviar\u00e0 un SMS al n\u00famero de tel\u00e8fon m\u00f2bil que figura en el formulari de preinscripci\u00f3 a les persones que hagen estat seleccionades mitjan\u00e7ant el sorteig efectuat, amb la finalitat de recordar el dia en qu\u00e8 comen\u00e7a la matr\u00edcula.<\/p>\n\n\n\n<p>Per a formalitzar la matr\u00edcula ser\u00e0 necessari seguir els seg\u00fcents passos:<\/p>\n\n\n\n<p><p>a) Entrar en la p\u00e0gina web de la <em>Universitat Popular<\/em>.<\/p><\/p>\n\n\n\n<p>b) Comprovar les dades personals i l'activitat (centre, activitat i horari) en qu\u00e8 pot matricular-se.<\/p>\n\n\n\n<p>c)&nbsp; Efectuar el pagament del preu p\u00fablic assenyalat mitjan\u00e7ant transacci\u00f3 electr\u00f2nica o obtenint un impr\u00e9s per a efectuar el pagament en el banc en el termini m\u00e0xim de 48 hores. Aquelles persones seleccionades que no efectuen el pagament del preu p\u00fablic, en el termini m\u00e0xim de 48 hores, s'entendr\u00e0 que renuncien al seu dret de matr\u00edcula directa derivat del sorteig.<\/p>\n\n\n\n<p>d) Adjudicades totes les places per cada grup d'activitat, es formalitzar\u00e0 una llista d'espera per a la cobertura de les vacants que pogueren produir-se. Aquesta llista es compondr\u00e0 de les persones seg\u00fcents a l'\u00faltima matriculada en el mateix ordre resultant del sorteig. S'enviar\u00e0 un SMS al n\u00famero de tel\u00e8fon m\u00f2bil que figura en el formulari de preinscripci\u00f3.<\/p>\n\n\n\n<p>Quedaran definitivament excloses, de l'esmentada llista d'espera, les persones que no formalitzen la matr\u00edcula en el termini m\u00e0xim de 48 hores.&nbsp;<\/p>\n\n\n\n<p>A aquesta llista d'espera no es podr\u00e0 incorporar cap nova inscripci\u00f3.<\/p>\n\n\n\n<p>e) Si transcorreguts els terminis establerts encara quedaren places sense ocupar en grups que tingueren llista d'espera, es cobriran mitjan\u00e7ant crida \u00fanica des del centre a les seg\u00fcents persones en l'ordre resultant del sorteig fins a completar la grand\u00e0ria del grup. <\/p>\n\n\n\n<p>Esgotades les sol\u00b7licituds en llista d'espera, les places que no estigueren cobertes tindran consideraci\u00f3 de places lliures.<\/p>\n\n\n\n<p>f) Les places no ocupades en grups sense llista d'espera apareixeran en la web com a places lliures.<\/p>\n\n\n\n<p>g) A partir de la data que s'indique, qualsevol persona interessada que ho sol\u00b7licite podr\u00e0 formalitzar la matr\u00edcula en les places lliures existents.<\/p>\n\n\n\n<p>h) Els preus p\u00fablics abonats nom\u00e9s es podran retornar per causes imputables a l'Administraci\u00f3. En conseq\u00fc\u00e8ncia, no ser\u00e0 motiu de devoluci\u00f3 l'exist\u00e8ncia de causes sobrevingudes a la persona participant que li impedisquen assistir a l'activitat en la qual s'hi haja matriculat, ni formalitzar la matr\u00edcula en la mateixa activitat en diferent horari o centre al qual s'haguera preinscrit.<\/p>\n\n\n\n<p>i) No s'acceptar\u00e0 la matr\u00edcula d'una persona en m\u00e9s d'un grup de la mateixa activitat, ni tan sols en centres diferents.<\/p>\n\n\n\n<p><p><b>Verificaci\u00f3 de les dades d\u2019inscripci\u00f3<\/b><\/p><\/p>\n\n\n\n<ol style=\"list-style-type:lower-alpha\" class=\"wp-block-list\">\n<li>L'acreditaci\u00f3 de les dades contingudes en la preinscripci\u00f3 es realitzar\u00e0 en la primera sessi\u00f3 lectiva del grup en qu\u00e8 hi haja efectuat la matr\u00edcula mitjan\u00e7ant la presentaci\u00f3 del DNI, a l'efecte d'identificaci\u00f3, domicili i edat. En cas de no coincid\u00e8ncia del domicili, s'haur\u00e0 de presentar un certificat d'empadronament.<\/li>\n\n\n\n<li>La no acreditaci\u00f3 dels requisits sol\u00b7licitats o l'evid\u00e8ncia que les dades que consten en l'impr\u00e9s de preinscripci\u00f3 s\u00f3n incorrectes donaran lloc a l'anul\u00b7laci\u00f3 de totes les matr\u00edcules d'una mateixa persona.<\/li>\n<\/ol>\n\n\n\n<p><\/p>\n\n\n\n<p style=\"font-style:normal;font-weight:700\"><p><b>Condicions especials de matr\u00edcula<\/b><\/p><\/p>\n\n\n\n<h1 class=\"wp-block-heading has-medium-font-size\"><strong>1. Reserva de pla\u00e7a<\/strong><\/h1>\n\n\n\n<p>Es reserven dos places per cada grup d'activitat: una per a mobilitat redu\u00efda i una altra per a persones cuidadores no professionals, per a les persones preinscrites i que acrediten trobar-se en alguna de les seg\u00fcents situacions:<\/p>\n\n\n\n<p>a) Persones amb mobilitat redu\u00efda: <\/p>\n\n\n\n<p>Nom\u00e9s en aquells centres on no existisquen barreres arquitect\u00f2niques que impedisquen l'entrada i eixida tant al centre com a les aules on es realitza l'activitat a la qual pretenga matricular-se.<\/p>\n\n\n\n<p>Forma d'acreditaci\u00f3: Certificat oficial de reconeixement de mobilitat redu\u00efda que emet la Generalitat Valenciana.<\/p>\n\n\n\n<p>b) Persones cuidadores no professionals, que ho siguen en l'actualitat o que ho hagen sigut en els dos \u00faltims anys.<\/p>\n\n\n\n<p>Forma d'acreditaci\u00f3: Document de Programa Individualitzat d'Atenci\u00f3 (PIA) que emet la Conselleria de Servicis Socials, Igualtat i Vivenda.<\/p>\n\n\n\n<p>A este efecte, la persona interessada a fer \u00fas d'alguna de les situacions a dalt descrites haur\u00e0 de marcar la casella disposada a este efecte en el formulari de preinscripci\u00f3 i pujar els documents d'acreditaci\u00f3 corresponents en format PDF o JPG, a fi de la seua verificaci\u00f3 i per a determinar si, si \u00e9s el cas, procedix o no la matr\u00edcula.<\/p>\n\n\n\n<p>L'ordre de matriculaci\u00f3 s'ajustar\u00e0 a l'ordre alfab\u00e8tic per cognom i per a cada activitat, establert per sorteig.&nbsp;<\/p>\n\n\n\n<h1 class=\"wp-block-heading has-medium-font-size\"><b>2. Exempci\u00f3<\/b><\/h1>\n\n\n\n<p>Les dones v\u00edctimes de viol\u00e8ncia de g\u00e8nere queden exemptes del pagament del preu p\u00fablic per matr\u00edcula.<\/p>\n\n\n\n<p>Ser\u00e0 necessari emplenar el formulari de preinscripci\u00f3, marcar la casella disposada a este efecte i pujar els documents d'acreditaci\u00f3 corresponents, a l'efecte de verificaci\u00f3 de la situaci\u00f3.<\/p>\n\n\n\n<p>La forma d'acreditaci\u00f3 es realitzar\u00e0 mitjan\u00e7ant la presentaci\u00f3 de qualsevol dels seg\u00fcents documents: sent\u00e8ncia judicial, informe del Ministeri fiscal, ordre d'allunyament o acreditaci\u00f3 emesa pel Centre Dona 24 hores de la Generalitat Valenciana.<\/p>\n\n\n\n<p style=\"font-style:normal;font-weight:700\"><strong>No acumulables<\/strong><\/p>\n\n\n\n<p>Les persones que, per les seues circumst\u00e0ncies personals, pertanguen a un o diversos dels col\u00b7lectius a dalt assenyalats, nom\u00e9s podran sol\u00b7licitar l'aplicaci\u00f3 d'una \u00fanica mesura d'acci\u00f3 positiva, per la qual cosa estes no s\u00f3n acumulatives.<\/p>\n\n\n\n<h1 class=\"wp-block-heading has-medium-font-size\">Supressi\u00f3 o modificaci\u00f3 d'activitats<\/h1>\n\n\n\n<p>La Universitat Popular es reserva el dret a suprimir o modificar la programaci\u00f3 inicial d'activitats en centres, fins i tot despr\u00e9s d'haver realitzat la preinscripci\u00f3 en aquesta, quan per raons sobrevingudes siga materialment impossible la seua posada en marxa. En aquest cas, es podran anul\u00b7lar les preinscripcions existents a una activitat suprimida o modificada.<\/p>\n\n\n\n<p><em>Val\u00e8ncia, 20 de maig de 2025<\/em><\/p>\n\n\n\n<p><\/p>\n\n\n\n<p class=\"has-small-font-size\"><p><strong>La Direcci\u00f3 de la Universitat Popular<\/strong><\/p><\/p>\n","protected":false},"excerpt":{"rendered":"<p>INSTRUCCIONS SOBRE PREINSCRIPCI\u00d3 PER A L\u2019ADJUDICACI\u00d3 I MATR\u00cdCULA DE LES PLACES DISPONIBLES EN LES ACTIVITATS I ELS CENTRES DE LA UNIVERSITAT POPULAR EN EL CURS 2025-2026. DESCARREGAR EL DOCUMENT EN [&hellip;]<\/p>\n","protected":false},"author":1,"featured_media":9856,"parent":0,"menu_order":0,"comment_status":"closed","ping_status":"closed","template":"","meta":{"_acf_changed":false,"_EventAllDay":false,"_EventTimezone":"","_EventStartDate":"","_EventEndDate":"","_EventStartDateUTC":"","_EventEndDateUTC":"","_EventShowMap":false,"_EventShowMapLink":false,"_EventURL":"","_EventCost":"","_EventCostDescription":"","_EventCurrencySymbol":"","_EventCurrencyCode":"","_EventCurrencyPosition":"","_EventDateTimeSeparator":"","_EventTimeRangeSeparator":"","_EventOrganizerID":[],"_EventVenueID":[],"_OrganizerEmail":"","_OrganizerPhone":"","_OrganizerWebsite":"","_VenueAddress":"","_VenueCity":"","_VenueCountry":"","_VenueProvince":"","_VenueState":"","_VenueZip":"","_VenuePhone":"","_VenueURL":"","_VenueStateProvince":"","_VenueLat":"","_VenueLng":"","_VenueShowMap":false,"_VenueShowMapLink":false,"footnotes":""},"class_list":["post-1754","page","type-page","status-publish","has-post-thumbnail","hentry"],"acf":[],"yoast_head":"<!-- This site is optimized with the Yoast SEO plugin v25.8 - https:\/\/yoast.com\/wordpress\/plugins\/seo\/ -->\n<title>Instruccions sobre matr\u00edcula 2025\/26 - Universitat Popular<\/title>\n<meta name=\"robots\" content=\"index, follow, max-snippet:-1, max-image-preview:large, max-video-preview:-1\" \/>\n<link rel=\"canonical\" href=\"https:\/\/universitatpopular.com\/ca\/instruccions-sobre-matricula-2023-24\/\" \/>\n<meta property=\"og:locale\" content=\"ca_ES\" \/>\n<meta property=\"og:type\" content=\"article\" \/>\n<meta property=\"og:title\" content=\"Instruccions sobre matr\u00edcula 2025\/26 - Universitat Popular\" \/>\n<meta property=\"og:description\" content=\"INSTRUCCIONS SOBRE PREINSCRIPCI\u00d3 PER A L\u2019ADJUDICACI\u00d3 I MATR\u00cdCULA DE LES PLACES DISPONIBLES EN LES ACTIVITATS I ELS CENTRES DE LA UNIVERSITAT POPULAR EN EL CURS 2025-2026. DESCARREGAR EL DOCUMENT EN [&hellip;]\" \/>\n<meta property=\"og:url\" content=\"https:\/\/universitatpopular.com\/ca\/instruccions-sobre-matricula-2023-24\/\" \/>\n<meta property=\"og:site_name\" content=\"Universitat Popular\" \/>\n<meta property=\"article:publisher\" content=\"https:\/\/www.facebook.com\/universitatpopularvalencia\/\" \/>\n<meta property=\"article:modified_time\" content=\"2025-05-20T08:35:59+00:00\" \/>\n<meta property=\"og:image\" content=\"https:\/\/universitatpopular.com\/wp-content\/uploads\/2025\/05\/UP-Web-FAQ-1.jpg\" \/>\n\t<meta property=\"og:image:width\" content=\"1561\" \/>\n\t<meta property=\"og:image:height\" content=\"961\" \/>\n\t<meta property=\"og:image:type\" content=\"image\/jpeg\" \/>\n<meta name=\"twitter:card\" content=\"summary_large_image\" \/>\n<meta name=\"twitter:site\" content=\"@univ_po_pu_lar\" \/>\n<meta name=\"twitter:label1\" content=\"Temps estimat de lectura\" \/>\n\t<meta name=\"twitter:data1\" content=\"9 minuts\" \/>\n<script type=\"application\/ld+json\" class=\"yoast-schema-graph\">{\"@context\":\"https:\/\/schema.org\",\"@graph\":[{\"@type\":\"WebPage\",\"@id\":\"https:\/\/universitatpopular.com\/ca\/instruccions-sobre-matricula-2023-24\/\",\"url\":\"https:\/\/universitatpopular.com\/ca\/instruccions-sobre-matricula-2023-24\/\",\"name\":\"Instruccions sobre matr\u00edcula 2025\/26 - Universitat Popular\",\"isPartOf\":{\"@id\":\"https:\/\/universitatpopular.com\/#website\"},\"primaryImageOfPage\":{\"@id\":\"https:\/\/universitatpopular.com\/ca\/instruccions-sobre-matricula-2023-24\/#primaryimage\"},\"image\":{\"@id\":\"https:\/\/universitatpopular.com\/ca\/instruccions-sobre-matricula-2023-24\/#primaryimage\"},\"thumbnailUrl\":\"https:\/\/universitatpopular.com\/wp-content\/uploads\/2025\/05\/UP-Web-FAQ-1.jpg\",\"datePublished\":\"2024-04-18T04:55:47+00:00\",\"dateModified\":\"2025-05-20T08:35:59+00:00\",\"breadcrumb\":{\"@id\":\"https:\/\/universitatpopular.com\/ca\/instruccions-sobre-matricula-2023-24\/#breadcrumb\"},\"inLanguage\":\"ca\",\"potentialAction\":[{\"@type\":\"ReadAction\",\"target\":[\"https:\/\/universitatpopular.com\/ca\/instruccions-sobre-matricula-2023-24\/\"]}]},{\"@type\":\"ImageObject\",\"inLanguage\":\"ca\",\"@id\":\"https:\/\/universitatpopular.com\/ca\/instruccions-sobre-matricula-2023-24\/#primaryimage\",\"url\":\"https:\/\/universitatpopular.com\/wp-content\/uploads\/2025\/05\/UP-Web-FAQ-1.jpg\",\"contentUrl\":\"https:\/\/universitatpopular.com\/wp-content\/uploads\/2025\/05\/UP-Web-FAQ-1.jpg\",\"width\":1561,\"height\":961},{\"@type\":\"BreadcrumbList\",\"@id\":\"https:\/\/universitatpopular.com\/ca\/instruccions-sobre-matricula-2023-24\/#breadcrumb\",\"itemListElement\":[{\"@type\":\"ListItem\",\"position\":1,\"name\":\"Portada\",\"item\":\"https:\/\/universitatpopular.com\/ca\/portada\/\"},{\"@type\":\"ListItem\",\"position\":2,\"name\":\"Instruccions sobre matr\u00edcula 2025\/26\"}]},{\"@type\":\"WebSite\",\"@id\":\"https:\/\/universitatpopular.com\/#website\",\"url\":\"https:\/\/universitatpopular.com\/\",\"name\":\"Universitat Popular\",\"description\":\"Web de la Universitat Popular de l&#039;Ajuntament de Val\u00e8ncia\",\"publisher\":{\"@id\":\"https:\/\/universitatpopular.com\/#organization\"},\"potentialAction\":[{\"@type\":\"SearchAction\",\"target\":{\"@type\":\"EntryPoint\",\"urlTemplate\":\"https:\/\/universitatpopular.com\/?s={search_term_string}\"},\"query-input\":{\"@type\":\"PropertyValueSpecification\",\"valueRequired\":true,\"valueName\":\"search_term_string\"}}],\"inLanguage\":\"ca\"},{\"@type\":\"Organization\",\"@id\":\"https:\/\/universitatpopular.com\/#organization\",\"name\":\"Universitat Popular\",\"url\":\"https:\/\/universitatpopular.com\/\",\"logo\":{\"@type\":\"ImageObject\",\"inLanguage\":\"ca\",\"@id\":\"https:\/\/universitatpopular.com\/#\/schema\/logo\/image\/\",\"url\":\"https:\/\/universitatpopular.com\/wp-content\/uploads\/2024\/04\/logo-universitat-popular-de-valencia_vertical.svg\",\"contentUrl\":\"https:\/\/universitatpopular.com\/wp-content\/uploads\/2024\/04\/logo-universitat-popular-de-valencia_vertical.svg\",\"width\":190.15,\"height\":124.13,\"caption\":\"Universitat Popular\"},\"image\":{\"@id\":\"https:\/\/universitatpopular.com\/#\/schema\/logo\/image\/\"},\"sameAs\":[\"https:\/\/www.facebook.com\/universitatpopularvalencia\/\",\"https:\/\/x.com\/univ_po_pu_lar\",\"https:\/\/www.instagram.com\/universitatpopularvlc\/\",\"https:\/\/www.youtube.com\/channel\/UC6MyVEiz44QUeMvO8K3ofwA\"]}]}<\/script>\n<!-- \/ Yoast SEO plugin. -->","yoast_head_json":{"title":"Instruccions sobre matr\u00edcula 2025\/26 - Universitat Popular","robots":{"index":"index","follow":"follow","max-snippet":"max-snippet:-1","max-image-preview":"max-image-preview:large","max-video-preview":"max-video-preview:-1"},"canonical":"https:\/\/universitatpopular.com\/ca\/instruccions-sobre-matricula-2023-24\/","og_locale":"ca_ES","og_type":"article","og_title":"Instruccions sobre matr\u00edcula 2025\/26 - Universitat Popular","og_description":"INSTRUCCIONS SOBRE PREINSCRIPCI\u00d3 PER A L\u2019ADJUDICACI\u00d3 I MATR\u00cdCULA DE LES PLACES DISPONIBLES EN LES ACTIVITATS I ELS CENTRES DE LA UNIVERSITAT POPULAR EN EL CURS 2025-2026. DESCARREGAR EL DOCUMENT EN [&hellip;]","og_url":"https:\/\/universitatpopular.com\/ca\/instruccions-sobre-matricula-2023-24\/","og_site_name":"Universitat Popular","article_publisher":"https:\/\/www.facebook.com\/universitatpopularvalencia\/","article_modified_time":"2025-05-20T08:35:59+00:00","og_image":[{"width":1561,"height":961,"url":"https:\/\/universitatpopular.com\/wp-content\/uploads\/2025\/05\/UP-Web-FAQ-1.jpg","type":"image\/jpeg"}],"twitter_card":"summary_large_image","twitter_site":"@univ_po_pu_lar","twitter_misc":{"Temps estimat de lectura":"9 minuts"},"schema":{"@context":"https:\/\/schema.org","@graph":[{"@type":"WebPage","@id":"https:\/\/universitatpopular.com\/ca\/instruccions-sobre-matricula-2023-24\/","url":"https:\/\/universitatpopular.com\/ca\/instruccions-sobre-matricula-2023-24\/","name":"Instruccions sobre matr\u00edcula 2025\/26 - Universitat Popular","isPartOf":{"@id":"https:\/\/universitatpopular.com\/#website"},"primaryImageOfPage":{"@id":"https:\/\/universitatpopular.com\/ca\/instruccions-sobre-matricula-2023-24\/#primaryimage"},"image":{"@id":"https:\/\/universitatpopular.com\/ca\/instruccions-sobre-matricula-2023-24\/#primaryimage"},"thumbnailUrl":"https:\/\/universitatpopular.com\/wp-content\/uploads\/2025\/05\/UP-Web-FAQ-1.jpg","datePublished":"2024-04-18T04:55:47+00:00","dateModified":"2025-05-20T08:35:59+00:00","breadcrumb":{"@id":"https:\/\/universitatpopular.com\/ca\/instruccions-sobre-matricula-2023-24\/#breadcrumb"},"inLanguage":"ca","potentialAction":[{"@type":"ReadAction","target":["https:\/\/universitatpopular.com\/ca\/instruccions-sobre-matricula-2023-24\/"]}]},{"@type":"ImageObject","inLanguage":"ca","@id":"https:\/\/universitatpopular.com\/ca\/instruccions-sobre-matricula-2023-24\/#primaryimage","url":"https:\/\/universitatpopular.com\/wp-content\/uploads\/2025\/05\/UP-Web-FAQ-1.jpg","contentUrl":"https:\/\/universitatpopular.com\/wp-content\/uploads\/2025\/05\/UP-Web-FAQ-1.jpg","width":1561,"height":961},{"@type":"BreadcrumbList","@id":"https:\/\/universitatpopular.com\/ca\/instruccions-sobre-matricula-2023-24\/#breadcrumb","itemListElement":[{"@type":"ListItem","position":1,"name":"Portada","item":"https:\/\/universitatpopular.com\/ca\/portada\/"},{"@type":"ListItem","position":2,"name":"Instruccions sobre matr\u00edcula 2025\/26"}]},{"@type":"WebSite","@id":"https:\/\/universitatpopular.com\/#website","url":"https:\/\/universitatpopular.com\/","name":"Universitat Popular","description":"Web de la Universitat Popular de l&#039;Ajuntament de Val\u00e8ncia","publisher":{"@id":"https:\/\/universitatpopular.com\/#organization"},"potentialAction":[{"@type":"SearchAction","target":{"@type":"EntryPoint","urlTemplate":"https:\/\/universitatpopular.com\/?s={search_term_string}"},"query-input":{"@type":"PropertyValueSpecification","valueRequired":true,"valueName":"search_term_string"}}],"inLanguage":"ca"},{"@type":"Organization","@id":"https:\/\/universitatpopular.com\/#organization","name":"Universitat Popular","url":"https:\/\/universitatpopular.com\/","logo":{"@type":"ImageObject","inLanguage":"ca","@id":"https:\/\/universitatpopular.com\/#\/schema\/logo\/image\/","url":"https:\/\/universitatpopular.com\/wp-content\/uploads\/2024\/04\/logo-universitat-popular-de-valencia_vertical.svg","contentUrl":"https:\/\/universitatpopular.com\/wp-content\/uploads\/2024\/04\/logo-universitat-popular-de-valencia_vertical.svg","width":190.15,"height":124.13,"caption":"Universitat Popular"},"image":{"@id":"https:\/\/universitatpopular.com\/#\/schema\/logo\/image\/"},"sameAs":["https:\/\/www.facebook.com\/universitatpopularvalencia\/","https:\/\/x.com\/univ_po_pu_lar","https:\/\/www.instagram.com\/universitatpopularvlc\/","https:\/\/www.youtube.com\/channel\/UC6MyVEiz44QUeMvO8K3ofwA"]}]}},"_links":{"self":[{"href":"https:\/\/universitatpopular.com\/ca\/wp-json\/wp\/v2\/pages\/1754","targetHints":{"allow":["GET"]}}],"collection":[{"href":"https:\/\/universitatpopular.com\/ca\/wp-json\/wp\/v2\/pages"}],"about":[{"href":"https:\/\/universitatpopular.com\/ca\/wp-json\/wp\/v2\/types\/page"}],"author":[{"embeddable":true,"href":"https:\/\/universitatpopular.com\/ca\/wp-json\/wp\/v2\/users\/1"}],"replies":[{"embeddable":true,"href":"https:\/\/universitatpopular.com\/ca\/wp-json\/wp\/v2\/comments?post=1754"}],"version-history":[{"count":23,"href":"https:\/\/universitatpopular.com\/ca\/wp-json\/wp\/v2\/pages\/1754\/revisions"}],"predecessor-version":[{"id":9864,"href":"https:\/\/universitatpopular.com\/ca\/wp-json\/wp\/v2\/pages\/1754\/revisions\/9864"}],"wp:featuredmedia":[{"embeddable":true,"href":"https:\/\/universitatpopular.com\/ca\/wp-json\/wp\/v2\/media\/9856"}],"wp:attachment":[{"href":"https:\/\/universitatpopular.com\/ca\/wp-json\/wp\/v2\/media?parent=1754"}],"curies":[{"name":"wp","href":"https:\/\/api.w.org\/{rel}","templated":true}]}}