{"id":1774,"date":"2024-04-18T06:54:11","date_gmt":"2024-04-18T04:54:11","guid":{"rendered":"https:\/\/universitatpopular.com\/presentacio\/"},"modified":"2025-04-24T12:12:56","modified_gmt":"2025-04-24T10:12:56","slug":"presentacio","status":"publish","type":"page","link":"https:\/\/universitatpopular.com\/ca\/presentacio\/","title":{"rendered":"\u00bfQu\u00e9 es la Universitat Popular?"},"content":{"rendered":"\n<p><p>La Universitat Popular de l'Ajuntament de Val\u00e8ncia es definix com: \u201cun projecte municipal de <strong>desenvolupament cultural<\/strong>, la finalitat del qual \u00e9s promoure la <strong>participaci\u00f3 social<\/strong> i la <strong>millora de la qualitat de vida<\/strong> dels ciutadans i ciutadanes, a trav\u00e9s de l'<strong>educaci\u00f3 cont\u00ednua<\/strong>, la <strong>dinamitzaci\u00f3 sociocultural<\/strong> i la <strong>intervenci\u00f3 social<\/strong>\u201d<\/p><\/p>\n\n<p><p>En l'actualitat, la Universitat Popular es constitueix com a Organisme Aut\u00f2nom Municipal de car\u00e0cter administratiu, dependent de l'<strong>Ajuntament de Val\u00e8ncia<\/strong>, a trav\u00e9s de la Delegaci\u00f3 d'Educaci\u00f3.<\/p><\/p>\n\n<p>Els objectius principals de la Universitat Popular s\u00f3n:<\/p>\n\n<ul class=\"wp-block-list\">\n<li>Facilitar l'adquisici\u00f3 de les eines b\u00e0siques de lectoescriptura i c\u00e0lcul, imprescindibles per a la comprensi\u00f3 i per a valdre\u2019s en la societat en la qual habitem i factor elemental d'integraci\u00f3 social.<\/li>\n\n\n\n<li>Potenciar el desenvolupament personal i col\u00b7lectiu de les persones participants, afavorint i possibilitant l'adquisici\u00f3 de nous coneixements o l'actualitzaci\u00f3 dels adquirits en la seua etapa de formaci\u00f3 inicial; l'expressi\u00f3 de la seua creativitat art\u00edstica, musical, liter\u00e0ria o corporal.<\/li>\n\n\n\n<li>Facilitar l'acc\u00e9s de la ciutadania als b\u00e9ns, recursos i serveis educatius, culturals i socials que li ofereix el seu entorn, establint a m\u00e9s iniciatives per a impulsar i difondre les produccions culturals desenvolupades per les persones que es vinculen a la Universitat Popular.<\/li>\n\n\n\n<li>Fomentar la formaci\u00f3 d'actituds individuals \u00e8tiques i actives sobre les problem\u00e0tiques socials, i especialment, la desigualtat i l'exclusi\u00f3, motivant per a aquesta acci\u00f3 solid\u00e0ria, el voluntariat, etc. o qualsevol forma de participaci\u00f3 activa per al progr\u00e9s de la societat.<\/li>\n\n\n\n<li>Sensibilitzar per a l'adquisici\u00f3 d'h\u00e0bits de vida saludables, el respecte al medi ambient, i el consum sostenible.<\/li>\n\n\n\n<li>Fomentar la vertebraci\u00f3 social i cultural de la ciutat i els seus barris, refor\u00e7ant el teixit associatiu ciutad\u00e0 i la seua capacitat d'intervenci\u00f3 i participaci\u00f3 en l'esdevenir diari de la comunitat.<\/li>\n\n\n\n<li>Afavorir el coneixement i sensibilitat per la cultura popular i els trets culturals propis de la nostra Comunitat i la nostra ciutat.<\/li>\n<\/ul>\n\n<p>Per a la consecuci\u00f3 d'estos objectius se seguixen tres l\u00ednies d'actuaci\u00f3:<\/p>\n\n<p><p>a) <strong>ACTIVITATS DE CICLE LLARG<\/strong>: La realitzaci\u00f3 d'una programaci\u00f3 d'activitats formatives a cada centre, de tipus curs o taller i amb car\u00e0cter no reglat, de cicle llarg -de setembre\/octubre a juny-.<\/p><\/p>\n\n<p><p>c) <strong>GESTI\u00d3 CULTURAL (CulturUP)<\/strong>: La realitzaci\u00f3 paral\u00b7lela d'una programaci\u00f3 d'actes educatius i socioculturals, que consistix\u00a0 en: visites a exposicions, museus, concerts, representacions teatrals, cine, dansa, recorreguts guiats, activitats en col\u00b7laboraci\u00f3 amb altres institucions i entitats, aix\u00ed com eixides en grup fora de la ciutat, entre altres.<\/p><\/p>\n\n<p><p>b) <strong>COORDENADES. AULES OBERTES<\/strong>: La realitzaci\u00f3 d'una programaci\u00f3 d'activitats formatives a cada centre, de tipus monogr\u00e0fic, tallers de \u00a0diferent format, duraci\u00f3 i tem\u00e0tica, sota el programa \"Coordenades. Aules obertes\".<\/p><\/p>\n\n<p>Els continguts de les activitats que programa la Universitat Popular tenen sempre un car\u00e0cter d'iniciaci\u00f3.<\/p>\n\n<p>La matr\u00edcula que es formalitza en la Universitat Popular ho \u00e9s per a un determinat grup d'horari d'una activitat i centre durant el per\u00edode de durada que se li haguera assignat. Generalment, per cada grup d'activitat de CICLE LLARG es desenvolupen dues sessions setmanals en dies alterns segons calendari establit (Dilluns i dimecres o dimarts i dijous). Cada sessi\u00f3 programada t\u00e9 una durada efectiva d'una hora i mitja, i durada m\u00e0xima de dues hores, si incloem fins a 30 minuts per a la recollida, entrada i la eixida dels grups, en un o dos per\u00edodes.<\/p>\n","protected":false},"excerpt":{"rendered":"<p>La Universitat Popular de l'Ajuntament de Val\u00e8ncia es definix com: \u201cun projecte municipal de desenvolupament cultural, la finalitat del qual \u00e9s promoure la participaci\u00f3 social i la millora de la [&hellip;]<\/p>\n","protected":false},"author":1,"featured_media":0,"parent":0,"menu_order":0,"comment_status":"closed","ping_status":"closed","template":"","meta":{"_acf_changed":false,"_EventAllDay":false,"_EventTimezone":"","_EventStartDate":"","_EventEndDate":"","_EventStartDateUTC":"","_EventEndDateUTC":"","_EventShowMap":false,"_EventShowMapLink":false,"_EventURL":"","_EventCost":"","_EventCostDescription":"","_EventCurrencySymbol":"","_EventCurrencyCode":"","_EventCurrencyPosition":"","_EventDateTimeSeparator":"","_EventTimeRangeSeparator":"","_EventOrganizerID":[],"_EventVenueID":[],"_OrganizerEmail":"","_OrganizerPhone":"","_OrganizerWebsite":"","_VenueAddress":"","_VenueCity":"","_VenueCountry":"","_VenueProvince":"","_VenueState":"","_VenueZip":"","_VenuePhone":"","_VenueURL":"","_VenueStateProvince":"","_VenueLat":"","_VenueLng":"","_VenueShowMap":false,"_VenueShowMapLink":false,"footnotes":""},"class_list":["post-1774","page","type-page","status-publish","hentry"],"acf":[],"yoast_head":"<!-- This site is optimized with the Yoast SEO plugin v25.8 - https:\/\/yoast.com\/wordpress\/plugins\/seo\/ -->\n<title>\u00bfQu\u00e9 es la Universitat Popular? - Universitat Popular<\/title>\n<meta name=\"robots\" content=\"index, follow, max-snippet:-1, max-image-preview:large, max-video-preview:-1\" \/>\n<link rel=\"canonical\" href=\"https:\/\/universitatpopular.com\/ca\/presentacio\/\" \/>\n<meta property=\"og:locale\" content=\"ca_ES\" \/>\n<meta property=\"og:type\" content=\"article\" \/>\n<meta property=\"og:title\" content=\"\u00bfQu\u00e9 es la Universitat Popular? - Universitat Popular\" \/>\n<meta property=\"og:description\" content=\"La Universitat Popular de l&#039;Ajuntament de Val\u00e8ncia es definix com: \u201cun projecte municipal de desenvolupament cultural, la finalitat del qual \u00e9s promoure la participaci\u00f3 social i la millora de la [&hellip;]\" \/>\n<meta property=\"og:url\" content=\"https:\/\/universitatpopular.com\/ca\/presentacio\/\" \/>\n<meta property=\"og:site_name\" content=\"Universitat Popular\" \/>\n<meta property=\"article:publisher\" content=\"https:\/\/www.facebook.com\/universitatpopularvalencia\/\" \/>\n<meta property=\"article:modified_time\" content=\"2025-04-24T10:12:56+00:00\" \/>\n<meta name=\"twitter:card\" content=\"summary_large_image\" \/>\n<meta name=\"twitter:site\" content=\"@univ_po_pu_lar\" \/>\n<meta name=\"twitter:label1\" content=\"Temps estimat de lectura\" \/>\n\t<meta name=\"twitter:data1\" content=\"3 minuts\" \/>\n<script type=\"application\/ld+json\" class=\"yoast-schema-graph\">{\"@context\":\"https:\/\/schema.org\",\"@graph\":[{\"@type\":\"WebPage\",\"@id\":\"https:\/\/universitatpopular.com\/ca\/presentacio\/\",\"url\":\"https:\/\/universitatpopular.com\/ca\/presentacio\/\",\"name\":\"\u00bfQu\u00e9 es la Universitat Popular? - Universitat Popular\",\"isPartOf\":{\"@id\":\"https:\/\/universitatpopular.com\/#website\"},\"datePublished\":\"2024-04-18T04:54:11+00:00\",\"dateModified\":\"2025-04-24T10:12:56+00:00\",\"breadcrumb\":{\"@id\":\"https:\/\/universitatpopular.com\/ca\/presentacio\/#breadcrumb\"},\"inLanguage\":\"ca\",\"potentialAction\":[{\"@type\":\"ReadAction\",\"target\":[\"https:\/\/universitatpopular.com\/ca\/presentacio\/\"]}]},{\"@type\":\"BreadcrumbList\",\"@id\":\"https:\/\/universitatpopular.com\/ca\/presentacio\/#breadcrumb\",\"itemListElement\":[{\"@type\":\"ListItem\",\"position\":1,\"name\":\"Portada\",\"item\":\"https:\/\/universitatpopular.com\/ca\/portada\/\"},{\"@type\":\"ListItem\",\"position\":2,\"name\":\"\u00bfQu\u00e9 es la Universitat Popular?\"}]},{\"@type\":\"WebSite\",\"@id\":\"https:\/\/universitatpopular.com\/#website\",\"url\":\"https:\/\/universitatpopular.com\/\",\"name\":\"Universitat Popular\",\"description\":\"Web de la Universitat Popular de l&#039;Ajuntament de Val\u00e8ncia\",\"publisher\":{\"@id\":\"https:\/\/universitatpopular.com\/#organization\"},\"potentialAction\":[{\"@type\":\"SearchAction\",\"target\":{\"@type\":\"EntryPoint\",\"urlTemplate\":\"https:\/\/universitatpopular.com\/?s={search_term_string}\"},\"query-input\":{\"@type\":\"PropertyValueSpecification\",\"valueRequired\":true,\"valueName\":\"search_term_string\"}}],\"inLanguage\":\"ca\"},{\"@type\":\"Organization\",\"@id\":\"https:\/\/universitatpopular.com\/#organization\",\"name\":\"Universitat Popular\",\"url\":\"https:\/\/universitatpopular.com\/\",\"logo\":{\"@type\":\"ImageObject\",\"inLanguage\":\"ca\",\"@id\":\"https:\/\/universitatpopular.com\/#\/schema\/logo\/image\/\",\"url\":\"https:\/\/universitatpopular.com\/wp-content\/uploads\/2024\/04\/logo-universitat-popular-de-valencia_vertical.svg\",\"contentUrl\":\"https:\/\/universitatpopular.com\/wp-content\/uploads\/2024\/04\/logo-universitat-popular-de-valencia_vertical.svg\",\"width\":190.15,\"height\":124.13,\"caption\":\"Universitat Popular\"},\"image\":{\"@id\":\"https:\/\/universitatpopular.com\/#\/schema\/logo\/image\/\"},\"sameAs\":[\"https:\/\/www.facebook.com\/universitatpopularvalencia\/\",\"https:\/\/x.com\/univ_po_pu_lar\",\"https:\/\/www.instagram.com\/universitatpopularvlc\/\",\"https:\/\/www.youtube.com\/channel\/UC6MyVEiz44QUeMvO8K3ofwA\"]}]}<\/script>\n<!-- \/ Yoast SEO plugin. -->","yoast_head_json":{"title":"\u00bfQu\u00e9 es la Universitat Popular? - Universitat Popular","robots":{"index":"index","follow":"follow","max-snippet":"max-snippet:-1","max-image-preview":"max-image-preview:large","max-video-preview":"max-video-preview:-1"},"canonical":"https:\/\/universitatpopular.com\/ca\/presentacio\/","og_locale":"ca_ES","og_type":"article","og_title":"\u00bfQu\u00e9 es la Universitat Popular? - Universitat Popular","og_description":"La Universitat Popular de l'Ajuntament de Val\u00e8ncia es definix com: \u201cun projecte municipal de desenvolupament cultural, la finalitat del qual \u00e9s promoure la participaci\u00f3 social i la millora de la [&hellip;]","og_url":"https:\/\/universitatpopular.com\/ca\/presentacio\/","og_site_name":"Universitat Popular","article_publisher":"https:\/\/www.facebook.com\/universitatpopularvalencia\/","article_modified_time":"2025-04-24T10:12:56+00:00","twitter_card":"summary_large_image","twitter_site":"@univ_po_pu_lar","twitter_misc":{"Temps estimat de lectura":"3 minuts"},"schema":{"@context":"https:\/\/schema.org","@graph":[{"@type":"WebPage","@id":"https:\/\/universitatpopular.com\/ca\/presentacio\/","url":"https:\/\/universitatpopular.com\/ca\/presentacio\/","name":"\u00bfQu\u00e9 es la Universitat Popular? - Universitat Popular","isPartOf":{"@id":"https:\/\/universitatpopular.com\/#website"},"datePublished":"2024-04-18T04:54:11+00:00","dateModified":"2025-04-24T10:12:56+00:00","breadcrumb":{"@id":"https:\/\/universitatpopular.com\/ca\/presentacio\/#breadcrumb"},"inLanguage":"ca","potentialAction":[{"@type":"ReadAction","target":["https:\/\/universitatpopular.com\/ca\/presentacio\/"]}]},{"@type":"BreadcrumbList","@id":"https:\/\/universitatpopular.com\/ca\/presentacio\/#breadcrumb","itemListElement":[{"@type":"ListItem","position":1,"name":"Portada","item":"https:\/\/universitatpopular.com\/ca\/portada\/"},{"@type":"ListItem","position":2,"name":"\u00bfQu\u00e9 es la Universitat Popular?"}]},{"@type":"WebSite","@id":"https:\/\/universitatpopular.com\/#website","url":"https:\/\/universitatpopular.com\/","name":"Universitat Popular","description":"Web de la Universitat Popular de l&#039;Ajuntament de Val\u00e8ncia","publisher":{"@id":"https:\/\/universitatpopular.com\/#organization"},"potentialAction":[{"@type":"SearchAction","target":{"@type":"EntryPoint","urlTemplate":"https:\/\/universitatpopular.com\/?s={search_term_string}"},"query-input":{"@type":"PropertyValueSpecification","valueRequired":true,"valueName":"search_term_string"}}],"inLanguage":"ca"},{"@type":"Organization","@id":"https:\/\/universitatpopular.com\/#organization","name":"Universitat Popular","url":"https:\/\/universitatpopular.com\/","logo":{"@type":"ImageObject","inLanguage":"ca","@id":"https:\/\/universitatpopular.com\/#\/schema\/logo\/image\/","url":"https:\/\/universitatpopular.com\/wp-content\/uploads\/2024\/04\/logo-universitat-popular-de-valencia_vertical.svg","contentUrl":"https:\/\/universitatpopular.com\/wp-content\/uploads\/2024\/04\/logo-universitat-popular-de-valencia_vertical.svg","width":190.15,"height":124.13,"caption":"Universitat Popular"},"image":{"@id":"https:\/\/universitatpopular.com\/#\/schema\/logo\/image\/"},"sameAs":["https:\/\/www.facebook.com\/universitatpopularvalencia\/","https:\/\/x.com\/univ_po_pu_lar","https:\/\/www.instagram.com\/universitatpopularvlc\/","https:\/\/www.youtube.com\/channel\/UC6MyVEiz44QUeMvO8K3ofwA"]}]}},"_links":{"self":[{"href":"https:\/\/universitatpopular.com\/ca\/wp-json\/wp\/v2\/pages\/1774","targetHints":{"allow":["GET"]}}],"collection":[{"href":"https:\/\/universitatpopular.com\/ca\/wp-json\/wp\/v2\/pages"}],"about":[{"href":"https:\/\/universitatpopular.com\/ca\/wp-json\/wp\/v2\/types\/page"}],"author":[{"embeddable":true,"href":"https:\/\/universitatpopular.com\/ca\/wp-json\/wp\/v2\/users\/1"}],"replies":[{"embeddable":true,"href":"https:\/\/universitatpopular.com\/ca\/wp-json\/wp\/v2\/comments?post=1774"}],"version-history":[{"count":16,"href":"https:\/\/universitatpopular.com\/ca\/wp-json\/wp\/v2\/pages\/1774\/revisions"}],"predecessor-version":[{"id":9097,"href":"https:\/\/universitatpopular.com\/ca\/wp-json\/wp\/v2\/pages\/1774\/revisions\/9097"}],"wp:attachment":[{"href":"https:\/\/universitatpopular.com\/ca\/wp-json\/wp\/v2\/media?parent=1774"}],"curies":[{"name":"wp","href":"https:\/\/api.w.org\/{rel}","templated":true}]}}