{"id":4686,"date":"2024-09-23T13:11:17","date_gmt":"2024-09-23T11:11:17","guid":{"rendered":"https:\/\/universitatpopular.com\/la-universitat-popular-distribuix-els-seus-31-centres-en-11-zones-de-gestio\/"},"modified":"2024-09-23T13:18:26","modified_gmt":"2024-09-23T11:18:26","slug":"la-universitat-popular-distribuix-els-seus-31-centres-en-11-zones-de-gestio","status":"publish","type":"page","link":"https:\/\/universitatpopular.com\/ca\/la-universitat-popular-distribuix-els-seus-31-centres-en-11-zones-de-gestio\/","title":{"rendered":"La Universitat Popular distribu\u00efx els seus 31 centres en 11 zones de gesti\u00f3"},"content":{"rendered":"\n<p>Per al curs 2024\/25 la Universitat Popular ha renovat l'organitzaci\u00f3 dels seus 31\u00a0centres amb una distribuci\u00f3 per zones. El nou plantejament oferix una estructura d'11\u00a0zones que queden del seg\u00fcent mode:<\/p>\n\n<p>ZONA 1: Poble Nou, Borbot\u00f3, Carpesa, Les Cases de B\u00e0cena, Benifaraig y<br\/>Massarrojos.<br\/>ZONA 2: Pinedo, La Torre, El Forn d\u2019Alcedo, Castellar-L\u2019Oliveral y El Palmar.<br\/>ZONA 3: La Malva-rosa, El Cabanyal y Natzaret.<br\/>ZONA 4: Algir\u00f3s, Aiora y Camins al Grau.<br\/>ZONA 5: Benimaclet y Els Orriols.<br\/>ZONA 6: Marxalenes y La Sa\u00efdia.<br\/>ZONA 7: Benicalap y Benim\u00e0met-Beniferri.<br\/>ZONA 8: Ciutat Vella, Nou Moles y Abastos.<br\/>ZONA 9: Russafa y Ribes.<br\/>ZONA 10: Na Rovella<br\/>ZONA 11: Sant Isidre y Jes\u00fas.<\/p>\n\n<p>Cada zona t\u00e9 assignada una persona responsable de tots els centres que la&#13;\nconformen. La nova distribuci\u00f3 ha perm\u00e9s optimitzar els recursos\u00a0humans\u00a0disponibles i\u00a0incrementar el nombre de grups i places. D'esta manera augmenten\u00a0tamb\u00e9 les\u00a0oportunitats de participar en les diferents activitats i la UP\u00a0pot\u00a0acollir a un major\u00a0nombre de participants.<\/p>\n\n<p>A m\u00e9s, la zonificaci\u00f3 ha facilitat una distribuci\u00f3 m\u00e9s equilibrada\u00a0d'activitats\u00a0de manera\u00a0que cada zona dispose de la major varietat possible d'activitats\u00a0de\u00a0diferents \u00e0mbits\u00a0tem\u00e0tics.<\/p>\n\n<p>La nova organitzaci\u00f3 per zones ha perm\u00e9s incrementar en 15 el nombre\u00a0de\u00a0formadors i\u00a0arribar als 481 grups d'activitat.<\/p>\n\n<p><\/p>\n","protected":false},"excerpt":{"rendered":"<p>Per al curs 2024\/25 la Universitat Popular ha renovat l'organitzaci\u00f3 dels seus 31\u00a0centres amb una distribuci\u00f3 per zones. El nou plantejament oferix una estructura d'11\u00a0zones que queden del seg\u00fcent mode: [&hellip;]<\/p>\n","protected":false},"author":1,"featured_media":4677,"parent":0,"menu_order":0,"comment_status":"closed","ping_status":"closed","template":"","meta":{"_acf_changed":false,"_EventAllDay":false,"_EventTimezone":"","_EventStartDate":"","_EventEndDate":"","_EventStartDateUTC":"","_EventEndDateUTC":"","_EventShowMap":false,"_EventShowMapLink":false,"_EventURL":"","_EventCost":"","_EventCostDescription":"","_EventCurrencySymbol":"","_EventCurrencyCode":"","_EventCurrencyPosition":"","_EventDateTimeSeparator":"","_EventTimeRangeSeparator":"","_EventOrganizerID":[],"_EventVenueID":[],"_OrganizerEmail":"","_OrganizerPhone":"","_OrganizerWebsite":"","_VenueAddress":"","_VenueCity":"","_VenueCountry":"","_VenueProvince":"","_VenueState":"","_VenueZip":"","_VenuePhone":"","_VenueURL":"","_VenueStateProvince":"","_VenueLat":"","_VenueLng":"","_VenueShowMap":false,"_VenueShowMapLink":false,"footnotes":""},"class_list":["post-4686","page","type-page","status-publish","has-post-thumbnail","hentry"],"acf":[],"yoast_head":"<!-- This site is optimized with the Yoast SEO plugin v25.8 - https:\/\/yoast.com\/wordpress\/plugins\/seo\/ -->\n<title>La Universitat Popular distribu\u00efx els seus 31 centres en 11 zones de gesti\u00f3 - Universitat Popular<\/title>\n<meta name=\"robots\" content=\"index, follow, max-snippet:-1, max-image-preview:large, max-video-preview:-1\" \/>\n<link rel=\"canonical\" href=\"https:\/\/universitatpopular.com\/ca\/la-universitat-popular-distribuix-els-seus-31-centres-en-11-zones-de-gestio\/\" \/>\n<meta property=\"og:locale\" content=\"ca_ES\" \/>\n<meta property=\"og:type\" content=\"article\" \/>\n<meta property=\"og:title\" content=\"La Universitat Popular distribu\u00efx els seus 31 centres en 11 zones de gesti\u00f3 - Universitat Popular\" \/>\n<meta property=\"og:description\" content=\"Per al curs 2024\/25 la Universitat Popular ha renovat l&#039;organitzaci\u00f3 dels seus 31\u00a0centres amb una distribuci\u00f3 per zones. El nou plantejament oferix una estructura d&#039;11\u00a0zones que queden del seg\u00fcent mode: [&hellip;]\" \/>\n<meta property=\"og:url\" content=\"https:\/\/universitatpopular.com\/ca\/la-universitat-popular-distribuix-els-seus-31-centres-en-11-zones-de-gestio\/\" \/>\n<meta property=\"og:site_name\" content=\"Universitat Popular\" \/>\n<meta property=\"article:publisher\" content=\"https:\/\/www.facebook.com\/universitatpopularvalencia\/\" \/>\n<meta property=\"article:modified_time\" content=\"2024-09-23T11:18:26+00:00\" \/>\n<meta property=\"og:image\" content=\"https:\/\/universitatpopular.com\/wp-content\/uploads\/2024\/09\/AEP5346-scaled.jpg\" \/>\n\t<meta property=\"og:image:width\" content=\"2560\" \/>\n\t<meta property=\"og:image:height\" content=\"1708\" \/>\n\t<meta property=\"og:image:type\" content=\"image\/jpeg\" \/>\n<meta name=\"twitter:card\" content=\"summary_large_image\" \/>\n<meta name=\"twitter:site\" content=\"@univ_po_pu_lar\" \/>\n<meta name=\"twitter:label1\" content=\"Temps estimat de lectura\" \/>\n\t<meta name=\"twitter:data1\" content=\"1 minut\" \/>\n<script type=\"application\/ld+json\" class=\"yoast-schema-graph\">{\"@context\":\"https:\/\/schema.org\",\"@graph\":[{\"@type\":\"WebPage\",\"@id\":\"https:\/\/universitatpopular.com\/ca\/la-universitat-popular-distribuix-els-seus-31-centres-en-11-zones-de-gestio\/\",\"url\":\"https:\/\/universitatpopular.com\/ca\/la-universitat-popular-distribuix-els-seus-31-centres-en-11-zones-de-gestio\/\",\"name\":\"La Universitat Popular distribu\u00efx els seus 31 centres en 11 zones de gesti\u00f3 - Universitat Popular\",\"isPartOf\":{\"@id\":\"https:\/\/universitatpopular.com\/#website\"},\"primaryImageOfPage\":{\"@id\":\"https:\/\/universitatpopular.com\/ca\/la-universitat-popular-distribuix-els-seus-31-centres-en-11-zones-de-gestio\/#primaryimage\"},\"image\":{\"@id\":\"https:\/\/universitatpopular.com\/ca\/la-universitat-popular-distribuix-els-seus-31-centres-en-11-zones-de-gestio\/#primaryimage\"},\"thumbnailUrl\":\"https:\/\/universitatpopular.com\/wp-content\/uploads\/2024\/09\/AEP5346-scaled.jpg\",\"datePublished\":\"2024-09-23T11:11:17+00:00\",\"dateModified\":\"2024-09-23T11:18:26+00:00\",\"breadcrumb\":{\"@id\":\"https:\/\/universitatpopular.com\/ca\/la-universitat-popular-distribuix-els-seus-31-centres-en-11-zones-de-gestio\/#breadcrumb\"},\"inLanguage\":\"ca\",\"potentialAction\":[{\"@type\":\"ReadAction\",\"target\":[\"https:\/\/universitatpopular.com\/ca\/la-universitat-popular-distribuix-els-seus-31-centres-en-11-zones-de-gestio\/\"]}]},{\"@type\":\"ImageObject\",\"inLanguage\":\"ca\",\"@id\":\"https:\/\/universitatpopular.com\/ca\/la-universitat-popular-distribuix-els-seus-31-centres-en-11-zones-de-gestio\/#primaryimage\",\"url\":\"https:\/\/universitatpopular.com\/wp-content\/uploads\/2024\/09\/AEP5346-scaled.jpg\",\"contentUrl\":\"https:\/\/universitatpopular.com\/wp-content\/uploads\/2024\/09\/AEP5346-scaled.jpg\",\"width\":2560,\"height\":1708},{\"@type\":\"BreadcrumbList\",\"@id\":\"https:\/\/universitatpopular.com\/ca\/la-universitat-popular-distribuix-els-seus-31-centres-en-11-zones-de-gestio\/#breadcrumb\",\"itemListElement\":[{\"@type\":\"ListItem\",\"position\":1,\"name\":\"Portada\",\"item\":\"https:\/\/universitatpopular.com\/ca\/portada\/\"},{\"@type\":\"ListItem\",\"position\":2,\"name\":\"La Universitat Popular distribu\u00efx els seus 31 centres en 11 zones de gesti\u00f3\"}]},{\"@type\":\"WebSite\",\"@id\":\"https:\/\/universitatpopular.com\/#website\",\"url\":\"https:\/\/universitatpopular.com\/\",\"name\":\"Universitat Popular\",\"description\":\"Web de la Universitat Popular de l&#039;Ajuntament de Val\u00e8ncia\",\"publisher\":{\"@id\":\"https:\/\/universitatpopular.com\/#organization\"},\"potentialAction\":[{\"@type\":\"SearchAction\",\"target\":{\"@type\":\"EntryPoint\",\"urlTemplate\":\"https:\/\/universitatpopular.com\/?s={search_term_string}\"},\"query-input\":{\"@type\":\"PropertyValueSpecification\",\"valueRequired\":true,\"valueName\":\"search_term_string\"}}],\"inLanguage\":\"ca\"},{\"@type\":\"Organization\",\"@id\":\"https:\/\/universitatpopular.com\/#organization\",\"name\":\"Universitat Popular\",\"url\":\"https:\/\/universitatpopular.com\/\",\"logo\":{\"@type\":\"ImageObject\",\"inLanguage\":\"ca\",\"@id\":\"https:\/\/universitatpopular.com\/#\/schema\/logo\/image\/\",\"url\":\"https:\/\/universitatpopular.com\/wp-content\/uploads\/2024\/04\/logo-universitat-popular-de-valencia_vertical.svg\",\"contentUrl\":\"https:\/\/universitatpopular.com\/wp-content\/uploads\/2024\/04\/logo-universitat-popular-de-valencia_vertical.svg\",\"width\":190.15,\"height\":124.13,\"caption\":\"Universitat Popular\"},\"image\":{\"@id\":\"https:\/\/universitatpopular.com\/#\/schema\/logo\/image\/\"},\"sameAs\":[\"https:\/\/www.facebook.com\/universitatpopularvalencia\/\",\"https:\/\/x.com\/univ_po_pu_lar\",\"https:\/\/www.instagram.com\/universitatpopularvlc\/\",\"https:\/\/www.youtube.com\/channel\/UC6MyVEiz44QUeMvO8K3ofwA\"]}]}<\/script>\n<!-- \/ Yoast SEO plugin. -->","yoast_head_json":{"title":"La Universitat Popular distribu\u00efx els seus 31 centres en 11 zones de gesti\u00f3 - Universitat Popular","robots":{"index":"index","follow":"follow","max-snippet":"max-snippet:-1","max-image-preview":"max-image-preview:large","max-video-preview":"max-video-preview:-1"},"canonical":"https:\/\/universitatpopular.com\/ca\/la-universitat-popular-distribuix-els-seus-31-centres-en-11-zones-de-gestio\/","og_locale":"ca_ES","og_type":"article","og_title":"La Universitat Popular distribu\u00efx els seus 31 centres en 11 zones de gesti\u00f3 - Universitat Popular","og_description":"Per al curs 2024\/25 la Universitat Popular ha renovat l'organitzaci\u00f3 dels seus 31\u00a0centres amb una distribuci\u00f3 per zones. El nou plantejament oferix una estructura d'11\u00a0zones que queden del seg\u00fcent mode: [&hellip;]","og_url":"https:\/\/universitatpopular.com\/ca\/la-universitat-popular-distribuix-els-seus-31-centres-en-11-zones-de-gestio\/","og_site_name":"Universitat Popular","article_publisher":"https:\/\/www.facebook.com\/universitatpopularvalencia\/","article_modified_time":"2024-09-23T11:18:26+00:00","og_image":[{"width":2560,"height":1708,"url":"https:\/\/universitatpopular.com\/wp-content\/uploads\/2024\/09\/AEP5346-scaled.jpg","type":"image\/jpeg"}],"twitter_card":"summary_large_image","twitter_site":"@univ_po_pu_lar","twitter_misc":{"Temps estimat de lectura":"1 minut"},"schema":{"@context":"https:\/\/schema.org","@graph":[{"@type":"WebPage","@id":"https:\/\/universitatpopular.com\/ca\/la-universitat-popular-distribuix-els-seus-31-centres-en-11-zones-de-gestio\/","url":"https:\/\/universitatpopular.com\/ca\/la-universitat-popular-distribuix-els-seus-31-centres-en-11-zones-de-gestio\/","name":"La Universitat Popular distribu\u00efx els seus 31 centres en 11 zones de gesti\u00f3 - Universitat Popular","isPartOf":{"@id":"https:\/\/universitatpopular.com\/#website"},"primaryImageOfPage":{"@id":"https:\/\/universitatpopular.com\/ca\/la-universitat-popular-distribuix-els-seus-31-centres-en-11-zones-de-gestio\/#primaryimage"},"image":{"@id":"https:\/\/universitatpopular.com\/ca\/la-universitat-popular-distribuix-els-seus-31-centres-en-11-zones-de-gestio\/#primaryimage"},"thumbnailUrl":"https:\/\/universitatpopular.com\/wp-content\/uploads\/2024\/09\/AEP5346-scaled.jpg","datePublished":"2024-09-23T11:11:17+00:00","dateModified":"2024-09-23T11:18:26+00:00","breadcrumb":{"@id":"https:\/\/universitatpopular.com\/ca\/la-universitat-popular-distribuix-els-seus-31-centres-en-11-zones-de-gestio\/#breadcrumb"},"inLanguage":"ca","potentialAction":[{"@type":"ReadAction","target":["https:\/\/universitatpopular.com\/ca\/la-universitat-popular-distribuix-els-seus-31-centres-en-11-zones-de-gestio\/"]}]},{"@type":"ImageObject","inLanguage":"ca","@id":"https:\/\/universitatpopular.com\/ca\/la-universitat-popular-distribuix-els-seus-31-centres-en-11-zones-de-gestio\/#primaryimage","url":"https:\/\/universitatpopular.com\/wp-content\/uploads\/2024\/09\/AEP5346-scaled.jpg","contentUrl":"https:\/\/universitatpopular.com\/wp-content\/uploads\/2024\/09\/AEP5346-scaled.jpg","width":2560,"height":1708},{"@type":"BreadcrumbList","@id":"https:\/\/universitatpopular.com\/ca\/la-universitat-popular-distribuix-els-seus-31-centres-en-11-zones-de-gestio\/#breadcrumb","itemListElement":[{"@type":"ListItem","position":1,"name":"Portada","item":"https:\/\/universitatpopular.com\/ca\/portada\/"},{"@type":"ListItem","position":2,"name":"La Universitat Popular distribu\u00efx els seus 31 centres en 11 zones de gesti\u00f3"}]},{"@type":"WebSite","@id":"https:\/\/universitatpopular.com\/#website","url":"https:\/\/universitatpopular.com\/","name":"Universitat Popular","description":"Web de la Universitat Popular de l&#039;Ajuntament de Val\u00e8ncia","publisher":{"@id":"https:\/\/universitatpopular.com\/#organization"},"potentialAction":[{"@type":"SearchAction","target":{"@type":"EntryPoint","urlTemplate":"https:\/\/universitatpopular.com\/?s={search_term_string}"},"query-input":{"@type":"PropertyValueSpecification","valueRequired":true,"valueName":"search_term_string"}}],"inLanguage":"ca"},{"@type":"Organization","@id":"https:\/\/universitatpopular.com\/#organization","name":"Universitat Popular","url":"https:\/\/universitatpopular.com\/","logo":{"@type":"ImageObject","inLanguage":"ca","@id":"https:\/\/universitatpopular.com\/#\/schema\/logo\/image\/","url":"https:\/\/universitatpopular.com\/wp-content\/uploads\/2024\/04\/logo-universitat-popular-de-valencia_vertical.svg","contentUrl":"https:\/\/universitatpopular.com\/wp-content\/uploads\/2024\/04\/logo-universitat-popular-de-valencia_vertical.svg","width":190.15,"height":124.13,"caption":"Universitat Popular"},"image":{"@id":"https:\/\/universitatpopular.com\/#\/schema\/logo\/image\/"},"sameAs":["https:\/\/www.facebook.com\/universitatpopularvalencia\/","https:\/\/x.com\/univ_po_pu_lar","https:\/\/www.instagram.com\/universitatpopularvlc\/","https:\/\/www.youtube.com\/channel\/UC6MyVEiz44QUeMvO8K3ofwA"]}]}},"_links":{"self":[{"href":"https:\/\/universitatpopular.com\/ca\/wp-json\/wp\/v2\/pages\/4686","targetHints":{"allow":["GET"]}}],"collection":[{"href":"https:\/\/universitatpopular.com\/ca\/wp-json\/wp\/v2\/pages"}],"about":[{"href":"https:\/\/universitatpopular.com\/ca\/wp-json\/wp\/v2\/types\/page"}],"author":[{"embeddable":true,"href":"https:\/\/universitatpopular.com\/ca\/wp-json\/wp\/v2\/users\/1"}],"replies":[{"embeddable":true,"href":"https:\/\/universitatpopular.com\/ca\/wp-json\/wp\/v2\/comments?post=4686"}],"version-history":[{"count":5,"href":"https:\/\/universitatpopular.com\/ca\/wp-json\/wp\/v2\/pages\/4686\/revisions"}],"predecessor-version":[{"id":4692,"href":"https:\/\/universitatpopular.com\/ca\/wp-json\/wp\/v2\/pages\/4686\/revisions\/4692"}],"wp:featuredmedia":[{"embeddable":true,"href":"https:\/\/universitatpopular.com\/ca\/wp-json\/wp\/v2\/media\/4677"}],"wp:attachment":[{"href":"https:\/\/universitatpopular.com\/ca\/wp-json\/wp\/v2\/media?parent=4686"}],"curies":[{"name":"wp","href":"https:\/\/api.w.org\/{rel}","templated":true}]}}