{"id":5454,"date":"2024-04-18T07:10:55","date_gmt":"2024-04-18T05:10:55","guid":{"rendered":"https:\/\/universitatpopular.com\/politica-de-privacitat\/"},"modified":"2024-10-28T14:22:28","modified_gmt":"2024-10-28T13:22:28","slug":"politica-de-privacitat","status":"publish","type":"page","link":"https:\/\/universitatpopular.com\/ca\/politica-de-privacitat\/","title":{"rendered":"Pol\u00edtica de privacitat"},"content":{"rendered":"\n<p><strong>RESPONSABLE DEL TRACTAMENT<\/strong><\/p>\n\n<p>Denominaci\u00f3 Social: OAM UNIVERSIDAD POPULAR DEL AYUNTAMIENTO DE VAL\u00c8NCIA<\/p>\n\n<p>CIF P96.25216 H<\/p>\n\n<p>Domicili Social: C\/ Micalet 1, Primer. 46001 Val\u00e8ncia.<\/p>\n\n<p>Tel\u00e8fon: 96 2082709<\/p>\n\n<p>La recollida de dades personals, el tractament i la seva utilitzaci\u00f3 posterior se subjecten a la legislaci\u00f3 vigent a Espanya en mat\u00e8ria de protecci\u00f3 de dades, establerta actualment per la Llei 3\/2018, de 5 de desembre de Protecci\u00f3 de Dades de Car\u00e0cter Personal (d\u2019ara endavant LOPD-GDD) i la seva normativa complement\u00e0ria i pel Reglament (UE) 2016\/679 del Parlament Europeu i del Consell de 27 d\u2019abril de 2016 relatiu a la protecci\u00f3 de les persones f\u00edsiques pel que fa al tractament de dades personals i a la lliure circulaci\u00f3 d\u2019aquestes dades i pel qual es deroga la Directiva 95\/46\/CE (Reglament general de protecci\u00f3 de dades).<\/p>\n\n<hr class=\"wp-block-separator has-alpha-channel-opacity\"\/>\n\n<p><strong>DRET D\u2019INFORMACI\u00d3 DE PROTECCI\u00d3 DE DADES PERSONALS<\/strong><\/p>\n\n<p>LA UNIVERSITAT POPULAR DE VAL\u00c8NCIA, com a responsable de tractament, en compliment de la Llei Org\u00e0nica 3\/2018 de protecci\u00f3 de dades de car\u00e0cter personal (d\u2019ara endavant LOPD), i del Reglament (UE) 2016\/679, posa en coneixement dels usuaris i persones relacionades amb l\u2019entitat, la pol\u00edtica duta a terme respecte al tractament de totes les dades de car\u00e0cter personal que es faciliten al Responsable de Tractament en els termes indicats a continuaci\u00f3.<\/p>\n\n<hr class=\"wp-block-separator has-alpha-channel-opacity\"\/>\n\n<p><strong>ON ES RECULLEN LES SEVES DADES PERSONALS<\/strong><\/p>\n\n<p>LA UNIVERSITAT POPULAR DE VA\u00c8NCIA informa els seus usuaris que la recollida de dades de car\u00e0cter personal podria obtenir-se, principalment, a trav\u00e9s de l\u2019enviament d\u2019un correu electr\u00f2nic a l\u2019adre\u00e7a electr\u00f2nica universitatpopular@valencia.es, sempre que vost\u00e8 inclogu\u00e9s en el mateix alguna dada de car\u00e0cter personal, aix\u00ed com per mitj\u00e0 dels formularis de preinscripci\u00f3 i de matriculaci\u00f3 de LA UNIVERSITAT POPULAR DE VAL\u00c8NCIA i altres que s\u2019incloguen en el lloc web en el futur i en els quals s\u2019identifique a LA UNIVERSITAT POPULAR DE VAL\u00c8NCIA com a responsable de les dades recaptades per mitj\u00e0 d\u2019aquests.<\/p>\n\n<p>LA UNIVERSITAT POPULAR DE VAL\u00c8NCIA informa els usuaris del lloc web que el car\u00e0cter facultatiu o obligatori de l\u2019emplenament de la totalitat de les dades sol\u00b7licitades ser\u00e0 advertit pr\u00e8viament.<\/p>\n\n<p>Si vost\u00e8 no desitja que LA UNIVERSITAT POPULAR DE VAL\u00c8NCIA sotmeta a tractament les seves dades personals, amb la finalitat indicada, li preguem s\u2019abstinga d\u2019emplenar els formularis existents en el lloc web. En qualsevol cas, se l\u2019informar\u00e0 expressament i de forma llegible respecte de les condicions en qu\u00e8 es recullen dades personals i les finalitats amb les quals seran utilitzats, de l\u2019obligaci\u00f3 de facilitar-los o no, dels drets que assisteixen a l\u2019usuari, de les condicions en qu\u00e8 es poden exercitar, i de qualsevol altra informaci\u00f3 complement\u00e0ria que resulte necess\u00e0ria.<\/p>\n\n<p>Per tractament de dades personals s\u2019entendr\u00e0 aquelles operacions i procediments t\u00e8cnics de car\u00e0cter automatitzat o no, que permeten la recollida, enregistrament, conservaci\u00f3, elaboraci\u00f3, modificaci\u00f3, bloqueig i cancel\u00b7laci\u00f3, aix\u00ed com les cessions de dades que resulten de comunicacions, consultes, interconnexions i transfer\u00e8ncies.<\/p>\n\n<hr class=\"wp-block-separator has-alpha-channel-opacity\"\/>\n\n<p><strong>TIPUS D\u2019INFORMACI\u00d3 QUE RECOPILEM<\/strong><\/p>\n\n<p>Recopilem informaci\u00f3 a trav\u00e9s dels formularis de la web, xarxes socials, etc, per a brindar millors serveis a totes les nostres persones usuaries. Generalment li sol\u00b7licitem informaci\u00f3 personal, com el seu nom, NIF, adre\u00e7a postal, adre\u00e7a de correu electr\u00f2nic, n\u00famero de tel\u00e8fon per a emmagatzemar-la en els nostres fitxers i poder donar-los resposta.<br\/>Categories de dades: Dades d\u2019identificaci\u00f3 personal, dades d\u2019activitats comercials, dades de transaccions i comptables.<\/p>\n\n<hr class=\"wp-block-separator has-alpha-channel-opacity\"\/>\n\n<p><strong>FINALITAT DEL FITXER<\/strong><\/p>\n\n<p>Respecte de les dades personals recollides per e-mail i\/o emplenament dels formularis de la web, les finalitats de tractament seran les seg\u00fcents:<\/p>\n\n<p>a) CONTACTES: contestar a la seua comunicaci\u00f3; atendre la seua sol\u00b7licitud d\u2019informaci\u00f3; incloure-li en l\u2019agenda de contactes a vost\u00e9 o a l\u2019empresa a la qual pertany, facilitar futures relacions de servei p\u00fablic o gestionar la relaci\u00f3 actualment existent, dur a terme les comunicacions necess\u00e0ries a trav\u00e9s de vost\u00e9, remetre-li la documentaci\u00f3 necess\u00e0ria o informaci\u00f3 sol\u00b7licitada, aix\u00ed com mantindre un hist\u00f2ric de relacions i de comunicacions.<\/p>\n\n<p>b) COOKIES<\/p>\n\n<p>c) GESTI\u00d3 ACADEMICA: Prestar el servei de gesti\u00f3 acad\u00e8mica, gesti\u00f3 administrativa i de contacte, gesti\u00f3 d\u2019activitats complement\u00e0ries i interdisciplinars de l\u2019alumnat, aix\u00ed com el seguiment i integraci\u00f3 de les persones participants.<\/p>\n\n<p>D\u2019aquesta forma, i previ a l\u2019enviament de qualsevol formulari, l\u2019usuari \u00e9s informat per a expressar el seu consentiment al tractament de dades personals i acceptar la nostra pol\u00edtica de protecci\u00f3 de dades i privacitat, de quines dades personals s\u00f3n les que es recullen i es tracten, i la seua finalitat espec\u00edfica, i l\u2019usuari podr\u00e0 expressar el seu consentiment lliure amb l\u2019opci\u00f3 de \u201cEnviar\u201d la pol\u00edtica de protecci\u00f3 de dades i el tractament de les seues dades de car\u00e0cter personal.<\/p>\n\n<hr class=\"wp-block-separator has-alpha-channel-opacity\"\/>\n\n<p><strong>DECISIONS INDIVIDUALS AUTOMATITZADES<\/strong><\/p>\n\n<p>LA UNIVERSITAT POPULAR DE VAL\u00c8NCIA no utilitza processos de presa de decisions totalment automatitzades per a entaular, desenvolupar o acabar una relaci\u00f3 contractual amb usuaris i usu\u00e0ries. Amb la finalitat de poder oferir-li productes i\/o serveis d\u2019acord amb els seus interessos i millorar la seua experi\u00e8ncia d\u2019usuari\/a, podrem elaborar un \u201cperfil de participant\u201d sobre la base de la informaci\u00f3 facilitada. No obstant aix\u00f2, no es prendran decisions automatitzades sobre la base d\u2019aquest perfil.<\/p>\n\n<hr class=\"wp-block-separator has-alpha-channel-opacity\"\/>\n\n<p><strong>LEGITIMACI\u00d3<\/strong><\/p>\n\n<p>En el cas dels contactes la legitimaci\u00f3 del tractament de dades personals est\u00e0 basada en el consentiment de l\u2019usuari en acceptar la pol\u00edtica de privacitat i pol\u00edtica de cookies i enviar-nos les seues dades personals. L\u2019usuari pot revocar el seu consentiment en qualsevol moment.<\/p>\n\n<p>En el cas dels i les alumnes, la base legal per al tractament de les seues dades \u00e9s per a l\u2019execuci\u00f3 del contracte de matr\u00edcula subscrit entre les parts volunt\u00e0riament per la qual forma part de l\u2019alumnat participant dels centres UP.<\/p>\n\n<hr class=\"wp-block-separator has-alpha-channel-opacity\"\/>\n\n<p><strong>SEGURETAT I CONFIDENCIALITAT<\/strong><\/p>\n\n<p>En el tractament de les dades de car\u00e0cter personal, el Responsable de Tractament es compromet a garantir i protegir les llibertats p\u00fabliques i els drets fonamentals de les persones f\u00edsiques dels fitxers i, especialment, el seu honor i la seua intimitat familiar i personal, obligant-se en aquest sentit, a efectuar el corresponent tractament de dades d\u2019acord amb la normativa vigent a cada moment i a guardar el m\u00e9s absolut secret en relaci\u00f3 amb la informaci\u00f3 de les persones usuaries.<\/p>\n\n<p>Les dades de car\u00e0cter personal objecte de tractament no s\u2019utilitzaran per a altres finalitats que no es troben ac\u00ed recollides o, si escau, per un altre document o contracte que vinculara a totes dues parts amb condicions particulars.<\/p>\n\n<p>Excepte consentiment expr\u00e9s per part dels usuaris, no realitzar\u00e0 cessions ni comunicacions de dades a tercers que no estiguen previstos en la LOPD.<\/p>\n\n<p>El responsable prendr\u00e0 mesures per a garantir que qualsevol persona que actue sota la seua autoritat i tinga acc\u00e9s a dades personals nom\u00e9s puga tractar aquestes dades seguint instruccions de la persona responsable, llevat que estiga obligada a aix\u00f2 en virtut del Dret de la Uni\u00f3 o dels Estats membres.<\/p>\n\n<p>El Responsable de Tractament informa els usuaris i us\u00e0ries que, de conformitat amb el que es disposa en la LOPD i el Reglament General de Protecci\u00f3 de Dades (UE) 2016\/679, ha adoptat les mesures d\u2019\u00edndole t\u00e8cnica i organitzatives necess\u00e0ries per a garantir la seguretat de les dades de car\u00e0cter personal i evitar l\u2019alteraci\u00f3, p\u00e8rdua, tractament o acc\u00e9s no autoritzat o il\u00b7l\u00edcit i contra la destrucci\u00f3 o mal accidental, tenint en compte de l\u2019estat de la tecnologia, la naturalesa de les dades emmagatzemades i els riscos al fet que estan exposats. Igualment, el Responsable de Tractament garanteix a l\u2019usuari el compliment de l\u2019haver de secret professional respecte de les dades personals dels usuaris i de l\u2019haver de guardar-los.<\/p>\n\n<hr class=\"wp-block-separator has-alpha-channel-opacity\"\/>\n\n<p><strong>QUALITAT DE LES DADES<\/strong><\/p>\n\n<p>Les dades que es comuniquen a trav\u00e9s de la web o un formulari hauran de ser exactes i posades al dia sent d\u2019exclusiva responsabilitat dels usuaris i usu\u00e0ries l\u2019actualitzaci\u00f3 de les dades.<\/p>\n\n<hr class=\"wp-block-separator has-alpha-channel-opacity\"\/>\n\n<p><strong>EXERCICI DELS DRETS D\u2019ACC\u00c9S, RECTIFICACI\u00d3, SUPRESSI\u00d3 I OPOSICI\u00d3<\/strong><\/p>\n\n<p>El Responsable de Tractament l\u2019informa que els usuaris podran exercitar els drets d\u2019acc\u00e9s, rectificaci\u00f3, supressi\u00f3, oposici\u00f3, limitaci\u00f3 al tractament de dades i a la portabilitat de les dades, mitjan\u00e7ant qualsevol dels seg\u00fcents mitjans:<\/p>\n\n<ol class=\"wp-block-list\">\n<li>Enviant un escrit a les oficines de la UNIVERSITAT POPULAR DE VAL\u00c8NCIA, situada en C\/ Micalet 1, Primer. 46001 Val\u00e8ncia, i adjuntant una c\u00f2pia del seu DNI.<\/li>\n\n\n\n<li>L\u2019enviament d\u2019un correu electr\u00f2nic des del compte de correu que es va donar d\u2019alta en els nostres serveis, a l\u2019adre\u00e7a: <a href=\"mailto:universitatpopular@valencia.es\">universitatpopular@valencia.es<\/a><\/li>\n\n\n\n<li>L\u2019usuari o usu\u00e0ria tamb\u00e9 t\u00e9 dret a presentar una reclamaci\u00f3 davant l\u2019Ag\u00e8ncia Espanyola de Protecci\u00f3 de Dades.<\/li>\n<\/ol>\n\n<hr class=\"wp-block-separator has-alpha-channel-opacity\"\/>\n\n<p><strong>MODIFICACI\u00d3 DE LA POL\u00cdTICA DE PRIVACITAT<\/strong><\/p>\n\n<p>El Responsable de Tractament es reserva el dret a modificar la seua Pol\u00edtica de Privacitat, d\u2019acord amb el seu propi criteri, o motivat per un canvi legislatiu, aquests canvis seran actualitzats en la nostra web i comunicats a l\u2019usuari.<\/p>\n\n<hr class=\"wp-block-separator has-alpha-channel-opacity\"\/>\n\n<p><strong>MENORS D\u2019EDAT i DADES ESPECIALMENT PROTEGIDES<\/strong><\/p>\n\n<p>Els formularis d\u2019aquesta p\u00e0gina web no emmagatzemen dades d\u2019edat ni dades de categoria especial com a ideologia, afiliaci\u00f3 sindical, religi\u00f3, creences, origen racial o \u00e8tnic, o vida sexual, o salut.<\/p>\n\n<p>En aquells Serveis en els quals expressament s\u2019assenyale la dada de l\u2019edat, l\u2019acc\u00e9s quedar\u00e0 restringit \u00fanica i exclusivament a majors de 16 anys.<\/p>\n\n<hr class=\"wp-block-separator has-alpha-channel-opacity\"\/>\n\n<p><strong>TEMPS DE CONSERVACI\u00d3<\/strong><\/p>\n\n<p>Les dades personals identificatives s\u00f3n conservades mentre es mantinga relaci\u00f3 contractual amb el client o persona usu\u00e0ria, romanga d\u2019alta en el servei i no ha sol\u00b7licitat expressament la baixa i cancel\u00b7laci\u00f3 de dades, i en el termini m\u00ednim establert per la legislaci\u00f3.<\/p>\n\n<p>Les dades de contactes es conserven indefinidament fins que han sol\u00b7licitat expressament la baixa.<\/p>\n\n<p>Les dades de curr\u00edculum es conserven durant un termini m\u00e0xim d\u2019un any.<\/p>\n\n<p>Es procedir\u00e0 a l\u2019eliminaci\u00f3 de les dades recollides quan deixen de ser necessaris o pertinents per a la finalitat per a la qual hagueren sigut recollides o registrades. En el cas que les dades recollides es pretenguen utilitzar per a una finalitat diferent a la que hagueren sigut recollides es requerir\u00e0 el consentiment previ de les persones interessades.<\/p>\n\n<hr class=\"wp-block-separator has-alpha-channel-opacity\"\/>\n\n<p><strong>LEGITIMACI\u00d3<\/strong><\/p>\n\n<p>La legitimaci\u00f3 del tractament de dades personals est\u00e0 basada en el consentiment de l\u2019usuari, la relaci\u00f3 contractual amb el client o prove\u00efdor, i l\u2019inter\u00e9s leg\u00edtim. L\u2019usuari pot revocar el seu consentiment en qualsevol moment exercint els seus drets a trav\u00e9s de l\u2019adre\u00e7a electr\u00f2nica <a href=\"mailto:universitatpopular@valencia.es\">universitatpopular@valencia.es<\/a><\/p>\n\n<hr class=\"wp-block-separator has-alpha-channel-opacity\"\/>\n\n<p><strong>CONTACTE\u2019NS<\/strong><\/p>\n\n<p>Si vost\u00e9 t\u00e9 alguna pregunta respecte a la privacitat durant l\u2019\u00fas de l\u2019aplicaci\u00f3, o si t\u00e9 preguntes sobre les nostres pr\u00e0ctiques, per favor pose\u2019s en contacte amb nosaltres per correu electr\u00f2nic a <a href=\"mailto:universitatpopular@valencia.es\">universitatpopular@valencia.es<\/a> <\/p>\n","protected":false},"excerpt":{"rendered":"<p>RESPONSABLE DEL TRACTAMENT Denominaci\u00f3 Social: OAM UNIVERSIDAD POPULAR DEL AYUNTAMIENTO DE VAL\u00c8NCIA CIF P96.25216 H Domicili Social: C\/ Micalet 1, Primer. 46001 Val\u00e8ncia. Tel\u00e8fon: 96 2082709 La recollida de dades [&hellip;]<\/p>\n","protected":false},"author":1,"featured_media":0,"parent":0,"menu_order":0,"comment_status":"closed","ping_status":"closed","template":"","meta":{"_acf_changed":false,"_EventAllDay":false,"_EventTimezone":"","_EventStartDate":"","_EventEndDate":"","_EventStartDateUTC":"","_EventEndDateUTC":"","_EventShowMap":false,"_EventShowMapLink":false,"_EventURL":"","_EventCost":"","_EventCostDescription":"","_EventCurrencySymbol":"","_EventCurrencyCode":"","_EventCurrencyPosition":"","_EventDateTimeSeparator":"","_EventTimeRangeSeparator":"","_EventOrganizerID":[],"_EventVenueID":[],"_OrganizerEmail":"","_OrganizerPhone":"","_OrganizerWebsite":"","_VenueAddress":"","_VenueCity":"","_VenueCountry":"","_VenueProvince":"","_VenueState":"","_VenueZip":"","_VenuePhone":"","_VenueURL":"","_VenueStateProvince":"","_VenueLat":"","_VenueLng":"","_VenueShowMap":false,"_VenueShowMapLink":false,"footnotes":""},"class_list":["post-5454","page","type-page","status-publish","hentry"],"acf":[],"yoast_head":"<!-- This site is optimized with the Yoast SEO plugin v25.8 - https:\/\/yoast.com\/wordpress\/plugins\/seo\/ -->\n<title>Pol\u00edtica de privacitat - Universitat Popular<\/title>\n<meta name=\"robots\" content=\"index, follow, max-snippet:-1, max-image-preview:large, max-video-preview:-1\" \/>\n<link rel=\"canonical\" href=\"https:\/\/universitatpopular.com\/ca\/politica-de-privacitat\/\" \/>\n<meta property=\"og:locale\" content=\"ca_ES\" \/>\n<meta property=\"og:type\" content=\"article\" \/>\n<meta property=\"og:title\" content=\"Pol\u00edtica de privacitat - Universitat Popular\" \/>\n<meta property=\"og:description\" content=\"RESPONSABLE DEL TRACTAMENT Denominaci\u00f3 Social: OAM UNIVERSIDAD POPULAR DEL AYUNTAMIENTO DE VAL\u00c8NCIA CIF P96.25216 H Domicili Social: C\/ Micalet 1, Primer. 46001 Val\u00e8ncia. Tel\u00e8fon: 96 2082709 La recollida de dades [&hellip;]\" \/>\n<meta property=\"og:url\" content=\"https:\/\/universitatpopular.com\/ca\/politica-de-privacitat\/\" \/>\n<meta property=\"og:site_name\" content=\"Universitat Popular\" \/>\n<meta property=\"article:publisher\" content=\"https:\/\/www.facebook.com\/universitatpopularvalencia\/\" \/>\n<meta property=\"article:modified_time\" content=\"2024-10-28T13:22:28+00:00\" \/>\n<meta name=\"twitter:card\" content=\"summary_large_image\" \/>\n<meta name=\"twitter:site\" content=\"@univ_po_pu_lar\" \/>\n<meta name=\"twitter:label1\" content=\"Temps estimat de lectura\" \/>\n\t<meta name=\"twitter:data1\" content=\"9 minuts\" \/>\n<script type=\"application\/ld+json\" class=\"yoast-schema-graph\">{\"@context\":\"https:\/\/schema.org\",\"@graph\":[{\"@type\":\"WebPage\",\"@id\":\"https:\/\/universitatpopular.com\/ca\/politica-de-privacitat\/\",\"url\":\"https:\/\/universitatpopular.com\/ca\/politica-de-privacitat\/\",\"name\":\"Pol\u00edtica de privacitat - Universitat Popular\",\"isPartOf\":{\"@id\":\"https:\/\/universitatpopular.com\/#website\"},\"datePublished\":\"2024-04-18T05:10:55+00:00\",\"dateModified\":\"2024-10-28T13:22:28+00:00\",\"breadcrumb\":{\"@id\":\"https:\/\/universitatpopular.com\/ca\/politica-de-privacitat\/#breadcrumb\"},\"inLanguage\":\"ca\",\"potentialAction\":[{\"@type\":\"ReadAction\",\"target\":[\"https:\/\/universitatpopular.com\/ca\/politica-de-privacitat\/\"]}]},{\"@type\":\"BreadcrumbList\",\"@id\":\"https:\/\/universitatpopular.com\/ca\/politica-de-privacitat\/#breadcrumb\",\"itemListElement\":[{\"@type\":\"ListItem\",\"position\":1,\"name\":\"Portada\",\"item\":\"https:\/\/universitatpopular.com\/ca\/portada\/\"},{\"@type\":\"ListItem\",\"position\":2,\"name\":\"Pol\u00edtica de privacitat\"}]},{\"@type\":\"WebSite\",\"@id\":\"https:\/\/universitatpopular.com\/#website\",\"url\":\"https:\/\/universitatpopular.com\/\",\"name\":\"Universitat Popular\",\"description\":\"Web de la Universitat Popular de l&#039;Ajuntament de Val\u00e8ncia\",\"publisher\":{\"@id\":\"https:\/\/universitatpopular.com\/#organization\"},\"potentialAction\":[{\"@type\":\"SearchAction\",\"target\":{\"@type\":\"EntryPoint\",\"urlTemplate\":\"https:\/\/universitatpopular.com\/?s={search_term_string}\"},\"query-input\":{\"@type\":\"PropertyValueSpecification\",\"valueRequired\":true,\"valueName\":\"search_term_string\"}}],\"inLanguage\":\"ca\"},{\"@type\":\"Organization\",\"@id\":\"https:\/\/universitatpopular.com\/#organization\",\"name\":\"Universitat Popular\",\"url\":\"https:\/\/universitatpopular.com\/\",\"logo\":{\"@type\":\"ImageObject\",\"inLanguage\":\"ca\",\"@id\":\"https:\/\/universitatpopular.com\/#\/schema\/logo\/image\/\",\"url\":\"https:\/\/universitatpopular.com\/wp-content\/uploads\/2024\/04\/logo-universitat-popular-de-valencia_vertical.svg\",\"contentUrl\":\"https:\/\/universitatpopular.com\/wp-content\/uploads\/2024\/04\/logo-universitat-popular-de-valencia_vertical.svg\",\"width\":190.15,\"height\":124.13,\"caption\":\"Universitat Popular\"},\"image\":{\"@id\":\"https:\/\/universitatpopular.com\/#\/schema\/logo\/image\/\"},\"sameAs\":[\"https:\/\/www.facebook.com\/universitatpopularvalencia\/\",\"https:\/\/x.com\/univ_po_pu_lar\",\"https:\/\/www.instagram.com\/universitatpopularvlc\/\",\"https:\/\/www.youtube.com\/channel\/UC6MyVEiz44QUeMvO8K3ofwA\"]}]}<\/script>\n<!-- \/ Yoast SEO plugin. -->","yoast_head_json":{"title":"Pol\u00edtica de privacitat - Universitat Popular","robots":{"index":"index","follow":"follow","max-snippet":"max-snippet:-1","max-image-preview":"max-image-preview:large","max-video-preview":"max-video-preview:-1"},"canonical":"https:\/\/universitatpopular.com\/ca\/politica-de-privacitat\/","og_locale":"ca_ES","og_type":"article","og_title":"Pol\u00edtica de privacitat - Universitat Popular","og_description":"RESPONSABLE DEL TRACTAMENT Denominaci\u00f3 Social: OAM UNIVERSIDAD POPULAR DEL AYUNTAMIENTO DE VAL\u00c8NCIA CIF P96.25216 H Domicili Social: C\/ Micalet 1, Primer. 46001 Val\u00e8ncia. Tel\u00e8fon: 96 2082709 La recollida de dades [&hellip;]","og_url":"https:\/\/universitatpopular.com\/ca\/politica-de-privacitat\/","og_site_name":"Universitat Popular","article_publisher":"https:\/\/www.facebook.com\/universitatpopularvalencia\/","article_modified_time":"2024-10-28T13:22:28+00:00","twitter_card":"summary_large_image","twitter_site":"@univ_po_pu_lar","twitter_misc":{"Temps estimat de lectura":"9 minuts"},"schema":{"@context":"https:\/\/schema.org","@graph":[{"@type":"WebPage","@id":"https:\/\/universitatpopular.com\/ca\/politica-de-privacitat\/","url":"https:\/\/universitatpopular.com\/ca\/politica-de-privacitat\/","name":"Pol\u00edtica de privacitat - Universitat Popular","isPartOf":{"@id":"https:\/\/universitatpopular.com\/#website"},"datePublished":"2024-04-18T05:10:55+00:00","dateModified":"2024-10-28T13:22:28+00:00","breadcrumb":{"@id":"https:\/\/universitatpopular.com\/ca\/politica-de-privacitat\/#breadcrumb"},"inLanguage":"ca","potentialAction":[{"@type":"ReadAction","target":["https:\/\/universitatpopular.com\/ca\/politica-de-privacitat\/"]}]},{"@type":"BreadcrumbList","@id":"https:\/\/universitatpopular.com\/ca\/politica-de-privacitat\/#breadcrumb","itemListElement":[{"@type":"ListItem","position":1,"name":"Portada","item":"https:\/\/universitatpopular.com\/ca\/portada\/"},{"@type":"ListItem","position":2,"name":"Pol\u00edtica de privacitat"}]},{"@type":"WebSite","@id":"https:\/\/universitatpopular.com\/#website","url":"https:\/\/universitatpopular.com\/","name":"Universitat Popular","description":"Web de la Universitat Popular de l&#039;Ajuntament de Val\u00e8ncia","publisher":{"@id":"https:\/\/universitatpopular.com\/#organization"},"potentialAction":[{"@type":"SearchAction","target":{"@type":"EntryPoint","urlTemplate":"https:\/\/universitatpopular.com\/?s={search_term_string}"},"query-input":{"@type":"PropertyValueSpecification","valueRequired":true,"valueName":"search_term_string"}}],"inLanguage":"ca"},{"@type":"Organization","@id":"https:\/\/universitatpopular.com\/#organization","name":"Universitat Popular","url":"https:\/\/universitatpopular.com\/","logo":{"@type":"ImageObject","inLanguage":"ca","@id":"https:\/\/universitatpopular.com\/#\/schema\/logo\/image\/","url":"https:\/\/universitatpopular.com\/wp-content\/uploads\/2024\/04\/logo-universitat-popular-de-valencia_vertical.svg","contentUrl":"https:\/\/universitatpopular.com\/wp-content\/uploads\/2024\/04\/logo-universitat-popular-de-valencia_vertical.svg","width":190.15,"height":124.13,"caption":"Universitat Popular"},"image":{"@id":"https:\/\/universitatpopular.com\/#\/schema\/logo\/image\/"},"sameAs":["https:\/\/www.facebook.com\/universitatpopularvalencia\/","https:\/\/x.com\/univ_po_pu_lar","https:\/\/www.instagram.com\/universitatpopularvlc\/","https:\/\/www.youtube.com\/channel\/UC6MyVEiz44QUeMvO8K3ofwA"]}]}},"_links":{"self":[{"href":"https:\/\/universitatpopular.com\/ca\/wp-json\/wp\/v2\/pages\/5454","targetHints":{"allow":["GET"]}}],"collection":[{"href":"https:\/\/universitatpopular.com\/ca\/wp-json\/wp\/v2\/pages"}],"about":[{"href":"https:\/\/universitatpopular.com\/ca\/wp-json\/wp\/v2\/types\/page"}],"author":[{"embeddable":true,"href":"https:\/\/universitatpopular.com\/ca\/wp-json\/wp\/v2\/users\/1"}],"replies":[{"embeddable":true,"href":"https:\/\/universitatpopular.com\/ca\/wp-json\/wp\/v2\/comments?post=5454"}],"version-history":[{"count":5,"href":"https:\/\/universitatpopular.com\/ca\/wp-json\/wp\/v2\/pages\/5454\/revisions"}],"predecessor-version":[{"id":5459,"href":"https:\/\/universitatpopular.com\/ca\/wp-json\/wp\/v2\/pages\/5454\/revisions\/5459"}],"wp:attachment":[{"href":"https:\/\/universitatpopular.com\/ca\/wp-json\/wp\/v2\/media?parent=5454"}],"curies":[{"name":"wp","href":"https:\/\/api.w.org\/{rel}","templated":true}]}}